{"id":27698,"date":"2024-07-08T16:47:59","date_gmt":"2024-07-08T13:47:59","guid":{"rendered":"http:\/\/adofloor.com\/?page_id=27698"},"modified":"2024-12-30T12:13:51","modified_gmt":"2024-12-30T09:13:51","slug":"kariyer","status":"publish","type":"page","link":"https:\/\/www.adofloor.com\/tr\/kariyer\/","title":{"rendered":"Kariyer"},"content":{"rendered":"\t\t<div data-elementor-type=\"wp-page\" data-elementor-id=\"27698\" class=\"elementor elementor-27698\" data-elementor-post-type=\"page\">\n\t\t\t\t\t\t\t\t\t<section class=\"elementor-section elementor-top-section elementor-element elementor-element-19be00ba elementor-section-height-min-height elementor-section-boxed elementor-section-height-default elementor-section-items-middle\" data-id=\"19be00ba\" data-element_type=\"section\" data-settings=\"{&quot;background_background&quot;:&quot;classic&quot;}\">\n\t\t\t\t\t\t\t<div class=\"elementor-background-overlay\"><\/div>\n\t\t\t\t\t\t\t<div class=\"elementor-container elementor-column-gap-default\">\n\t\t\t\t\t<div class=\"elementor-column elementor-col-100 elementor-top-column elementor-element elementor-element-15b22f38\" data-id=\"15b22f38\" data-element_type=\"column\">\n\t\t\t<div class=\"elementor-widget-wrap elementor-element-populated\">\n\t\t\t\t\t\t\t\t<div class=\"elementor-element elementor-element-4cfb0 elementor-widget elementor-widget-hub_fancy_heading\" data-id=\"4cfb0\" data-element_type=\"widget\" data-widget_type=\"hub_fancy_heading.default\">\n\t\t\t\t<div class=\"elementor-widget-container\">\n\t\t\t\n\t\t<div id=\"ld-fancy-heading-6a0860b295229\" class=\"ld-fancy-heading pos-rel\">\n\t\t\t<h1 class=\"ld-fh-element d-inline-block pos-rel  elementor-heading-title lqd-highlight-classic lqd-highlight-grow-left h1\"  > Kariyer<\/h1>\t\t<\/div>\n\n\t\t\t\t<\/div>\n\t\t\t\t<\/div>\n\t\t\t\t\t<\/div>\n\t\t<\/div>\n\t\t\t\t\t\t\t<\/div>\n\t\t<\/section>\n\t\t\t\t<section data-custom-animations=\"true\" data-ca-options=\"{&quot;addChildTimelines&quot;:false,&quot;animationTarget&quot;:&quot;:scope &gt; .elementor-container &gt; .elementor-column&quot;,&quot;ease&quot;:[&quot;power4.out&quot;],&quot;initValues&quot;:{&quot;y&quot;:&quot;40px&quot;,&quot;opacity&quot;:0},&quot;animations&quot;:{&quot;y&quot;:&quot;0px&quot;,&quot;opacity&quot;:1}}\" class=\"elementor-section elementor-top-section elementor-element elementor-element-f69b432 elementor-reverse-mobile elementor-section-boxed elementor-section-height-default elementor-section-height-default\" data-id=\"f69b432\" data-element_type=\"section\">\n\t\t\t\t\t\t<div class=\"elementor-container elementor-column-gap-default\">\n\t\t\t\t\t<div class=\"elementor-column elementor-col-50 elementor-top-column elementor-element elementor-element-f80228f\" data-id=\"f80228f\" data-element_type=\"column\">\n\t\t\t<div class=\"elementor-widget-wrap elementor-element-populated\">\n\t\t\t\t\t\t\t\t<div class=\"elementor-element elementor-element-71ac33e elementor-widget elementor-widget-hub_fancy_heading\" data-id=\"71ac33e\" data-element_type=\"widget\" data-widget_type=\"hub_fancy_heading.default\">\n\t\t\t\t<div class=\"elementor-widget-container\">\n\t\t\t\n\t\t<div id=\"ld-fancy-heading-6a0860b2984aa\" class=\"ld-fancy-heading pos-rel\">\n\t\t\t<p class=\"ld-fh-element d-inline-block pos-rel  lqd-highlight-classic lqd-highlight-grow-left p\"  > \u0130nsan Kaynaklar\u0131<br>\nAd\u0131n\u0131z De\u011ferimiz Olsun<\/p>\t\t<\/div>\n\n\t\t\t\t<\/div>\n\t\t\t\t<\/div>\n\t\t\t\t<div class=\"elementor-element elementor-element-39d0ae3 elementor-widget elementor-widget-text-editor\" data-id=\"39d0ae3\" data-element_type=\"widget\" data-widget_type=\"text-editor.default\">\n\t\t\t\t<div class=\"elementor-widget-container\">\n\t\t\t\t\t\t\t<p>Faaliyetimiz olan t\u00fcm \u00fclkelerde insan g\u00fcc\u00fcne ve yeteneklerine sayg\u0131 g\u00f6steriyoruz. Bu do\u011frultuda; \u0131rk, etnik kimlik, milliyet, din, mezhep ve cinsiyet ayr\u0131m\u0131 yap\u0131lmadan herkese e\u015fit f\u0131rsat sa\u011flanmaktad\u0131r.<br><br><br>Faaliyetlerimiz ile ilgili i\u015f ilanlar\u0131m\u0131za ADO Kariyer sayfas\u0131ndan ula\u015fabilirsiniz.<\/p>\t\t\t\t\t\t<\/div>\n\t\t\t\t<\/div>\n\t\t\t\t<div class=\"elementor-element elementor-element-b0d750b elementor-widget elementor-widget-ld_button\" data-id=\"b0d750b\" data-element_type=\"widget\" data-widget_type=\"ld_button.default\">\n\t\t\t\t<div class=\"elementor-widget-container\">\n\t\t\t\n\t\t<a  href=\"https:\/\/basvuru.ado.com.tr\/\" class=\"elementor-button btn align-items-center justify-content-center pos-rel overflow-hidden ws-nowrap btn-solid btn-has-label\" >\n\t\t\t\t\t\t\t<span class=\"btn-txt d-block pos-rel z-index-3\"  data-text=\"\u0130\u015f Ba\u015fvuru Formu\" >\n\t\t\t\t\t\t\t\t\t\t\t\u0130\u015f Ba\u015fvuru Formu\t\t\t\t\t\t\t\t\t<\/span>\n\t\t\t\t\t\t\t\t<\/a>\n\n\t\t\t\t<\/div>\n\t\t\t\t<\/div>\n\t\t\t\t\t<\/div>\n\t\t<\/div>\n\t\t\t\t<div class=\"lqd-css-sticky-column elementor-column elementor-col-50 elementor-top-column elementor-element elementor-element-c7e4700\" style=\"--lqd-sticky-offset:30px\" data-id=\"c7e4700\" data-element_type=\"column\">\n\t\t\t<div class=\"elementor-widget-wrap elementor-element-populated\">\n\t\t\t\t\t\t\t\t<div class=\"elementor-element elementor-element-8a241c8 elementor-widget elementor-widget-image\" data-id=\"8a241c8\" data-element_type=\"widget\" data-widget_type=\"image.default\">\n\t\t\t\t<div class=\"elementor-widget-container\">\n\t\t\t\t\t\t\t\t\t\t\t\t\t\t\t<img decoding=\"async\" width=\"780\" height=\"437\" src=\"https:\/\/www.adofloor.com\/wp-content\/uploads\/2024\/07\/creatively-designed-modern-openspace-office-interior-with-blurred-focus-1-1024x574.webp\" class=\"attachment-large size-large wp-image-28787\" alt=\"\" srcset=\"https:\/\/www.adofloor.com\/wp-content\/uploads\/2024\/07\/creatively-designed-modern-openspace-office-interior-with-blurred-focus-1-1024x574.webp 1024w, https:\/\/www.adofloor.com\/wp-content\/uploads\/2024\/07\/creatively-designed-modern-openspace-office-interior-with-blurred-focus-1-300x168.webp 300w, https:\/\/www.adofloor.com\/wp-content\/uploads\/2024\/07\/creatively-designed-modern-openspace-office-interior-with-blurred-focus-1-1536x861.webp 1536w, https:\/\/www.adofloor.com\/wp-content\/uploads\/2024\/07\/creatively-designed-modern-openspace-office-interior-with-blurred-focus-1-2048x1148.webp 2048w, https:\/\/www.adofloor.com\/wp-content\/uploads\/2024\/07\/creatively-designed-modern-openspace-office-interior-with-blurred-focus-1-1250x700.webp 1250w, https:\/\/www.adofloor.com\/wp-content\/uploads\/2024\/07\/creatively-designed-modern-openspace-office-interior-with-blurred-focus-1-600x336.webp 600w\" sizes=\"(max-width: 780px) 100vw, 780px\" \/>\t\t\t\t\t\t\t\t\t\t\t\t\t\t\t<\/div>\n\t\t\t\t<\/div>\n\t\t\t\t\t<\/div>\n\t\t<\/div>\n\t\t\t\t\t\t\t<\/div>\n\t\t<\/section>\n\t\t\t\t\t\t\t<\/div>\n\t\t","protected":false},"excerpt":{"rendered":"<p>Kariyer \u0130nsan Kaynaklar\u0131 Ad\u0131n\u0131z De\u011ferimiz Olsun Faaliyetimiz olan t\u00fcm \u00fclkelerde insan g\u00fcc\u00fcne ve yeteneklerine sayg\u0131 g\u00f6steriyoruz. Bu do\u011frultuda; \u0131rk, etnik kimlik, milliyet, din, mezhep ve cinsiyet ayr\u0131m\u0131 yap\u0131lmadan herkese e\u015fit f\u0131rsat sa\u011flanmaktad\u0131r. Faaliyetlerimiz ile ilgili i\u015f ilanlar\u0131m\u0131za ADO Kariyer sayfas\u0131ndan ula\u015fabilirsiniz. \u0130\u015f Ba\u015fvuru Formu<\/p>\n","protected":false},"author":1,"featured_media":0,"parent":0,"menu_order":0,"comment_status":"closed","ping_status":"closed","template":"","meta":{"footnotes":""},"yoast_head":"<!-- This site is optimized with the Yoast SEO plugin v23.0 - https:\/\/yoast.com\/wordpress\/plugins\/seo\/ -->\n<title>Kariyer | ADOFLOOR<\/title>\n<meta name=\"description\" content=\"Ado Floor ile i\u015f ve ya\u015fam alanlar\u0131n\u0131z\u0131 daha canl\u0131 hale getirme ser\u00fcveninde bizlere kat\u0131l\u0131n! Kariyer sayfam\u0131zdan se\u00e7enekleri inceleyin.\" \/>\n<meta name=\"robots\" content=\"index, follow, max-snippet:-1, max-image-preview:large, max-video-preview:-1\" \/>\n<link rel=\"canonical\" href=\"https:\/\/www.adofloor.com\/tr\/wp-json\/wp\/v2\/pages\/27698\/\" \/>\n<meta property=\"og:locale\" content=\"tr_TR\" \/>\n<meta property=\"og:type\" content=\"article\" \/>\n<meta property=\"og:title\" content=\"Kariyer | ADOFLOOR\" \/>\n<meta property=\"og:description\" content=\"Ado Floor ile i\u015f ve ya\u015fam alanlar\u0131n\u0131z\u0131 daha canl\u0131 hale getirme ser\u00fcveninde bizlere kat\u0131l\u0131n! Kariyer sayfam\u0131zdan se\u00e7enekleri inceleyin.\" \/>\n<meta property=\"og:url\" content=\"https:\/\/www.adofloor.com\/tr\/kariyer\/\" \/>\n<meta property=\"og:site_name\" content=\"ADOFLOOR\" \/>\n<meta property=\"article:modified_time\" content=\"2024-12-30T09:13:51+00:00\" \/>\n<meta property=\"og:image\" content=\"http:\/\/adofloor.com\/wp-content\/uploads\/2024\/07\/creatively-designed-modern-openspace-office-interior-with-blurred-focus-1-1024x574.webp\" \/>\n<meta name=\"twitter:card\" content=\"summary_large_image\" \/>\n<meta name=\"twitter:label1\" content=\"Est. reading time\" \/>\n\t<meta name=\"twitter:data1\" content=\"1 dakika\" \/>\n<script type=\"application\/ld+json\" class=\"yoast-schema-graph\">{\"@context\":\"https:\/\/schema.org\",\"@graph\":[{\"@type\":\"WebPage\",\"@id\":\"https:\/\/www.adofloor.com\/tr\/kariyer\/\",\"url\":\"https:\/\/www.adofloor.com\/tr\/kariyer\/\",\"name\":\"Kariyer | ADOFLOOR\",\"isPartOf\":{\"@id\":\"https:\/\/www.adofloor.com\/#website\"},\"primaryImageOfPage\":{\"@id\":\"https:\/\/www.adofloor.com\/tr\/kariyer\/#primaryimage\"},\"image\":{\"@id\":\"https:\/\/www.adofloor.com\/tr\/kariyer\/#primaryimage\"},\"thumbnailUrl\":\"http:\/\/adofloor.com\/wp-content\/uploads\/2024\/07\/creatively-designed-modern-openspace-office-interior-with-blurred-focus-1-1024x574.webp\",\"datePublished\":\"2024-07-08T13:47:59+00:00\",\"dateModified\":\"2024-12-30T09:13:51+00:00\",\"description\":\"Ado Floor ile i\u015f ve ya\u015fam alanlar\u0131n\u0131z\u0131 daha canl\u0131 hale getirme ser\u00fcveninde bizlere kat\u0131l\u0131n! Kariyer sayfam\u0131zdan se\u00e7enekleri inceleyin.\",\"breadcrumb\":{\"@id\":\"https:\/\/www.adofloor.com\/tr\/kariyer\/#breadcrumb\"},\"inLanguage\":\"tr\",\"potentialAction\":[{\"@type\":\"ReadAction\",\"target\":[\"https:\/\/www.adofloor.com\/tr\/kariyer\/\"]}]},{\"@type\":\"ImageObject\",\"inLanguage\":\"tr\",\"@id\":\"https:\/\/www.adofloor.com\/tr\/kariyer\/#primaryimage\",\"url\":\"http:\/\/adofloor.com\/wp-content\/uploads\/2024\/07\/creatively-designed-modern-openspace-office-interior-with-blurred-focus-1-1024x574.webp\",\"contentUrl\":\"http:\/\/adofloor.com\/wp-content\/uploads\/2024\/07\/creatively-designed-modern-openspace-office-interior-with-blurred-focus-1-1024x574.webp\"},{\"@type\":\"BreadcrumbList\",\"@id\":\"https:\/\/www.adofloor.com\/tr\/kariyer\/#breadcrumb\",\"itemListElement\":[{\"@type\":\"ListItem\",\"position\":1,\"name\":\"Home\",\"item\":\"https:\/\/www.adofloor.com\/\"},{\"@type\":\"ListItem\",\"position\":2,\"name\":\"Kariyer\"}]},{\"@type\":\"WebSite\",\"@id\":\"https:\/\/www.adofloor.com\/#website\",\"url\":\"https:\/\/www.adofloor.com\/\",\"name\":\"ADOFLOOR\",\"description\":\"\",\"publisher\":{\"@id\":\"https:\/\/www.adofloor.com\/#organization\"},\"potentialAction\":[{\"@type\":\"SearchAction\",\"target\":{\"@type\":\"EntryPoint\",\"urlTemplate\":\"https:\/\/www.adofloor.com\/?s={search_term_string}\"},\"query-input\":\"required name=search_term_string\"}],\"inLanguage\":\"tr\"},{\"@type\":\"Organization\",\"@id\":\"https:\/\/www.adofloor.com\/#organization\",\"name\":\"ADOFLOOR\",\"url\":\"https:\/\/www.adofloor.com\/\",\"logo\":{\"@type\":\"ImageObject\",\"inLanguage\":\"tr\",\"@id\":\"https:\/\/www.adofloor.com\/#\/schema\/logo\/image\/\",\"url\":\"https:\/\/www.adofloor.com\/wp-content\/uploads\/2023\/10\/logo.png\",\"contentUrl\":\"https:\/\/www.adofloor.com\/wp-content\/uploads\/2023\/10\/logo.png\",\"width\":344,\"height\":81,\"caption\":\"ADOFLOOR\"},\"image\":{\"@id\":\"https:\/\/www.adofloor.com\/#\/schema\/logo\/image\/\"}}]}<\/script>\n<!-- \/ Yoast SEO plugin. -->","yoast_head_json":{"title":"Kariyer | ADOFLOOR","description":"Ado Floor ile i\u015f ve ya\u015fam alanlar\u0131n\u0131z\u0131 daha canl\u0131 hale getirme ser\u00fcveninde bizlere kat\u0131l\u0131n! Kariyer sayfam\u0131zdan se\u00e7enekleri inceleyin.","robots":{"index":"index","follow":"follow","max-snippet":"max-snippet:-1","max-image-preview":"max-image-preview:large","max-video-preview":"max-video-preview:-1"},"canonical":"https:\/\/www.adofloor.com\/tr\/wp-json\/wp\/v2\/pages\/27698\/","og_locale":"tr_TR","og_type":"article","og_title":"Kariyer | ADOFLOOR","og_description":"Ado Floor ile i\u015f ve ya\u015fam alanlar\u0131n\u0131z\u0131 daha canl\u0131 hale getirme ser\u00fcveninde bizlere kat\u0131l\u0131n! Kariyer sayfam\u0131zdan se\u00e7enekleri inceleyin.","og_url":"https:\/\/www.adofloor.com\/tr\/kariyer\/","og_site_name":"ADOFLOOR","article_modified_time":"2024-12-30T09:13:51+00:00","og_image":[{"url":"http:\/\/adofloor.com\/wp-content\/uploads\/2024\/07\/creatively-designed-modern-openspace-office-interior-with-blurred-focus-1-1024x574.webp"}],"twitter_card":"summary_large_image","twitter_misc":{"Est. reading time":"1 dakika"},"schema":{"@context":"https:\/\/schema.org","@graph":[{"@type":"WebPage","@id":"https:\/\/www.adofloor.com\/tr\/kariyer\/","url":"https:\/\/www.adofloor.com\/tr\/kariyer\/","name":"Kariyer | ADOFLOOR","isPartOf":{"@id":"https:\/\/www.adofloor.com\/#website"},"primaryImageOfPage":{"@id":"https:\/\/www.adofloor.com\/tr\/kariyer\/#primaryimage"},"image":{"@id":"https:\/\/www.adofloor.com\/tr\/kariyer\/#primaryimage"},"thumbnailUrl":"http:\/\/adofloor.com\/wp-content\/uploads\/2024\/07\/creatively-designed-modern-openspace-office-interior-with-blurred-focus-1-1024x574.webp","datePublished":"2024-07-08T13:47:59+00:00","dateModified":"2024-12-30T09:13:51+00:00","description":"Ado Floor ile i\u015f ve ya\u015fam alanlar\u0131n\u0131z\u0131 daha canl\u0131 hale getirme ser\u00fcveninde bizlere kat\u0131l\u0131n! Kariyer sayfam\u0131zdan se\u00e7enekleri inceleyin.","breadcrumb":{"@id":"https:\/\/www.adofloor.com\/tr\/kariyer\/#breadcrumb"},"inLanguage":"tr","potentialAction":[{"@type":"ReadAction","target":["https:\/\/www.adofloor.com\/tr\/kariyer\/"]}]},{"@type":"ImageObject","inLanguage":"tr","@id":"https:\/\/www.adofloor.com\/tr\/kariyer\/#primaryimage","url":"http:\/\/adofloor.com\/wp-content\/uploads\/2024\/07\/creatively-designed-modern-openspace-office-interior-with-blurred-focus-1-1024x574.webp","contentUrl":"http:\/\/adofloor.com\/wp-content\/uploads\/2024\/07\/creatively-designed-modern-openspace-office-interior-with-blurred-focus-1-1024x574.webp"},{"@type":"BreadcrumbList","@id":"https:\/\/www.adofloor.com\/tr\/kariyer\/#breadcrumb","itemListElement":[{"@type":"ListItem","position":1,"name":"Home","item":"https:\/\/www.adofloor.com\/"},{"@type":"ListItem","position":2,"name":"Kariyer"}]},{"@type":"WebSite","@id":"https:\/\/www.adofloor.com\/#website","url":"https:\/\/www.adofloor.com\/","name":"ADOFLOOR","description":"","publisher":{"@id":"https:\/\/www.adofloor.com\/#organization"},"potentialAction":[{"@type":"SearchAction","target":{"@type":"EntryPoint","urlTemplate":"https:\/\/www.adofloor.com\/?s={search_term_string}"},"query-input":"required name=search_term_string"}],"inLanguage":"tr"},{"@type":"Organization","@id":"https:\/\/www.adofloor.com\/#organization","name":"ADOFLOOR","url":"https:\/\/www.adofloor.com\/","logo":{"@type":"ImageObject","inLanguage":"tr","@id":"https:\/\/www.adofloor.com\/#\/schema\/logo\/image\/","url":"https:\/\/www.adofloor.com\/wp-content\/uploads\/2023\/10\/logo.png","contentUrl":"https:\/\/www.adofloor.com\/wp-content\/uploads\/2023\/10\/logo.png","width":344,"height":81,"caption":"ADOFLOOR"},"image":{"@id":"https:\/\/www.adofloor.com\/#\/schema\/logo\/image\/"}}]}},"_links":{"self":[{"href":"https:\/\/www.adofloor.com\/tr\/wp-json\/wp\/v2\/pages\/27698"}],"collection":[{"href":"https:\/\/www.adofloor.com\/tr\/wp-json\/wp\/v2\/pages"}],"about":[{"href":"https:\/\/www.adofloor.com\/tr\/wp-json\/wp\/v2\/types\/page"}],"author":[{"embeddable":true,"href":"https:\/\/www.adofloor.com\/tr\/wp-json\/wp\/v2\/users\/1"}],"replies":[{"embeddable":true,"href":"https:\/\/www.adofloor.com\/tr\/wp-json\/wp\/v2\/comments?post=27698"}],"version-history":[{"count":22,"href":"https:\/\/www.adofloor.com\/tr\/wp-json\/wp\/v2\/pages\/27698\/revisions"}],"predecessor-version":[{"id":32010,"href":"https:\/\/www.adofloor.com\/tr\/wp-json\/wp\/v2\/pages\/27698\/revisions\/32010"}],"wp:attachment":[{"href":"https:\/\/www.adofloor.com\/tr\/wp-json\/wp\/v2\/media?parent=27698"}],"curies":[{"name":"wp","href":"https:\/\/api.w.org\/{rel}","templated":true}]}}