{"id":30117,"date":"2024-08-29T11:30:36","date_gmt":"2024-08-29T08:30:36","guid":{"rendered":"http:\/\/adofloor.com\/?page_id=30117"},"modified":"2025-11-12T20:36:24","modified_gmt":"2025-11-12T17:36:24","slug":"bakim-montaj","status":"publish","type":"page","link":"https:\/\/www.adofloor.com\/tr\/bakim-montaj\/","title":{"rendered":"Bak\u0131m &amp; Montaj"},"content":{"rendered":"\t\t<div data-elementor-type=\"wp-page\" data-elementor-id=\"30117\" class=\"elementor elementor-30117\" data-elementor-post-type=\"page\">\n\t\t\t\t\t\t\t<div class=\"elementor-element elementor-element-dd1562d e-flex e-con-boxed e-con\" data-id=\"dd1562d\" data-element_type=\"container\" data-settings=\"{&quot;content_width&quot;:&quot;boxed&quot;}\">\n\t\t\t\t\t<div class=\"e-con-inner\">\n\t\t<div class=\"elementor-element elementor-element-3e7c890 e-flex e-con-boxed e-con\" data-id=\"3e7c890\" data-element_type=\"container\" data-settings=\"{&quot;content_width&quot;:&quot;boxed&quot;}\">\n\t\t\t\t\t<div class=\"e-con-inner\">\n\t\t<div class=\"elementor-element elementor-element-7dd10c4 e-flex e-con-boxed e-con\" data-id=\"7dd10c4\" data-element_type=\"container\" data-settings=\"{&quot;content_width&quot;:&quot;boxed&quot;}\">\n\t\t\t\t\t<div class=\"e-con-inner\">\n\t\t\t\t<div class=\"elementor-element elementor-element-5a43783 elementor-widget elementor-widget-hub_fancy_heading\" data-id=\"5a43783\" data-element_type=\"widget\" data-widget_type=\"hub_fancy_heading.default\">\n\t\t\t\t<div class=\"elementor-widget-container\">\n\t\t\t\n\t\t<div id=\"ld-fancy-heading-69f5b1492d7a3\" class=\"ld-fancy-heading pos-rel\">\n\t\t\t<h2 class=\"ld-fh-element d-inline-block pos-rel  elementor-heading-title lqd-highlight-classic lqd-highlight-grow-left h2\"  > Montaj Y\u00f6ntemleri<\/h2>\t\t<\/div>\n\n\t\t\t\t<\/div>\n\t\t\t\t<\/div>\n\t\t\t\t\t<\/div>\n\t\t\t\t<\/div>\n\t\t<div class=\"elementor-element elementor-element-2cb7be0 elementor-hidden-desktop elementor-hidden-laptop elementor-hidden-tablet_extra elementor-hidden-tablet e-flex e-con-boxed e-con\" data-id=\"2cb7be0\" data-element_type=\"container\" data-settings=\"{&quot;content_width&quot;:&quot;boxed&quot;}\">\n\t\t\t\t\t<div class=\"e-con-inner\">\n\t\t\t\t<div class=\"elementor-element elementor-element-2c3db65 elementor-widget elementor-widget-ld_content_box\" data-id=\"2c3db65\" data-element_type=\"widget\" data-widget_type=\"ld_content_box.default\">\n\t\t\t\t<div class=\"elementor-widget-container\">\n\t\t\t \n\n\t\t<div class=\"lqd-fb pos-rel lqd-fb-style-1 lqd-fb-style-1-1 lqd-fb-content-overlay lqd-fb-zoom-img-onhover h-pt-50\"  data-inview=\"true\" >\n\t\t\n\t\t\t<div class=\"lqd-fb-inner lqd-overlay border-radius-4 overflow-hidden\" data-slideelement-onhover=\"true\" data-slideelement-options='{ \"visibleElement\": \"h6, h2\", \"hiddenElement\": \".lqd-fb-txt\", \"waitForSplitText\": true }'>\n\n\t\t\t\t<div class=\"lqd-fb-img lqd-overlay overflow-hidden\">\n\n\t\t\t\t\t<figure class=\"w-100 h-100\">\n\t\t\t\t\t\t<img decoding=\"async\" class=\"w-100 h-100 objfit-cover objfit-center\" src=\"http:\/\/adofloor.com\/wp-content\/uploads\/2024\/08\/crop-male-with-stationery-knife-cutting-rope-unpacking-cardboard-box-while-assembling-furniture.jpg\">\t\t\t\t\t<\/figure>\n\n\t\t\t\t<\/div>\n\n\t\t\t\t<div class=\"lqd-fb-content lqd-overlay d-flex align-items-end\">\n\t\t\t\t\t<div class=\"lqd-fb-bg lqd-overlay\"><\/div>\n\t\t\t\t\t<div\n\t\t\t\t\tclass=\"lqd-fb-content-inner pos-rel w-100\"\n\t\t\t\t\tdata-custom-animations=\"true\"\n\t\t\t\t\tdata-ca-options='{ \"triggerHandler\": \"inview\", \"animationTarget\": \"all-childs\", \"duration\": 1200, \"delay\": 120,  \"startDelay\": 250, \"initValues\": { \"y\": 30, \"opacity\": 0 }, \"animations\": { \"y\": 0, \"opacity\": 1 } }'>\n\t\t\t\t\t\t\n\t\t\t\t\t\t\t\t\t\t\t\t\n\t\t\t\t\t\t\t\t\t\t\t\t<h2\n\t\t\t\t\t\tclass=\"mt-0 mb-0\"\n\t\t\t\t\t\tdata-split-text=\"true\" data-split-options='{ \"type\": \"lines\" }'>\n\t\t\t\t\t\t\tClick Montaj\t\t\t\t\t\t<\/h2>\n\t\t\t\t\t\t\t\t\t\t\t\t\n\t\t\t\t\t\t\t\t\t\t\t\t\t<div class=\"lqd-fb-txt\">\n\t\t\t\t\t\t\t\t\t\t\t\t\t\t\t<p class=\"mt-0 mb-3\">Click; kolay monte- demonte edilebilir, kurulum s\u00fcreci temiz, sessiz ve k\u0131sa s\u00fcrelidir. Ya\u015farken ve uygularken benzersiz bir sessizlik sunar.<\/p>\n\t\t\t\t\t\t\t\t\t\t\t\t\t\t\t\t\t\t\t\t\t\t\t\t<a  href=\"http:\/\/adofloor.com\/click-montaj\/\" class=\"elementor-button btn align-items-center justify-content-center pos-rel overflow-hidden ws-nowrap btn-solid btn-hover-txt-liquid-x-alt btn-hover-bg-unfill btn-hover-bg-unfill-x btn-hover-bg-unfill-left btn-icon-shaped btn-has-label\" >\n\t\t\t\t\t\t\t<span class=\"btn-txt d-block pos-rel z-index-3\" data-text=\"\u0130ncele\" data-split-text=\"true\" data-split-options='{\"type\": \"chars, words\"}'>\n\t\t\t\t\t\t\t\t\t\t\t\u0130ncele\t\t\t\t\t\t\t\t\t<\/span>\n\t\t\t\t\t\t\t\t<\/a>\n\t\t\t\t\t\t\t\t\t\t\t\t\t\t\t\t<\/div>\n\t\t\t\t\t\t\n\t\t\t\t\t\t\t\t\t\t\t\t\n\t\t\t\t\t<\/div>\n\t\t\t\t<\/div>\n\n\t\t\t<\/div>\n\n\t\t\t \n\t\t<\/div>\n\t\t\t\t<\/div>\n\t\t\t\t<\/div>\n\t\t\t\t\t<\/div>\n\t\t\t\t<\/div>\n\t\t<div class=\"elementor-element elementor-element-2cc1ed3 elementor-hidden-desktop elementor-hidden-laptop elementor-hidden-tablet_extra elementor-hidden-tablet e-flex e-con-boxed e-con\" data-id=\"2cc1ed3\" data-element_type=\"container\" data-settings=\"{&quot;content_width&quot;:&quot;boxed&quot;}\">\n\t\t\t\t\t<div class=\"e-con-inner\">\n\t\t\t\t<div class=\"elementor-element elementor-element-ce0f1ae elementor-widget elementor-widget-ld_content_box\" data-id=\"ce0f1ae\" data-element_type=\"widget\" data-widget_type=\"ld_content_box.default\">\n\t\t\t\t<div class=\"elementor-widget-container\">\n\t\t\t \n\n\t\t<div class=\"lqd-fb pos-rel lqd-fb-style-1 lqd-fb-style-1-1 lqd-fb-content-overlay lqd-fb-zoom-img-onhover h-pt-50\"  data-inview=\"true\" >\n\t\t\n\t\t\t<div class=\"lqd-fb-inner lqd-overlay border-radius-4 overflow-hidden\" data-slideelement-onhover=\"true\" data-slideelement-options='{ \"visibleElement\": \"h6, h2\", \"hiddenElement\": \".lqd-fb-txt\", \"waitForSplitText\": true }'>\n\n\t\t\t\t<div class=\"lqd-fb-img lqd-overlay overflow-hidden\">\n\n\t\t\t\t\t<figure class=\"w-100 h-100\">\n\t\t\t\t\t\t<img decoding=\"async\" class=\"w-100 h-100 objfit-cover objfit-center\" src=\"http:\/\/adofloor.com\/wp-content\/uploads\/2024\/08\/close-up-dancer-s-hand-floor.jpg\">\t\t\t\t\t<\/figure>\n\n\t\t\t\t<\/div>\n\n\t\t\t\t<div class=\"lqd-fb-content lqd-overlay d-flex align-items-end\">\n\t\t\t\t\t<div class=\"lqd-fb-bg lqd-overlay\"><\/div>\n\t\t\t\t\t<div\n\t\t\t\t\tclass=\"lqd-fb-content-inner pos-rel w-100\"\n\t\t\t\t\tdata-custom-animations=\"true\"\n\t\t\t\t\tdata-ca-options='{ \"triggerHandler\": \"inview\", \"animationTarget\": \"all-childs\", \"duration\": 1200, \"delay\": 120,  \"startDelay\": 250, \"initValues\": { \"y\": 30, \"opacity\": 0 }, \"animations\": { \"y\": 0, \"opacity\": 1 } }'>\n\t\t\t\t\t\t\n\t\t\t\t\t\t\t\t\t\t\t\t\n\t\t\t\t\t\t\t\t\t\t\t\t<h2\n\t\t\t\t\t\tclass=\"mt-0 mb-0\"\n\t\t\t\t\t\tdata-split-text=\"true\" data-split-options='{ \"type\": \"lines\" }'>\n\t\t\t\t\t\t\tDryback Montaj\t\t\t\t\t\t<\/h2>\n\t\t\t\t\t\t\t\t\t\t\t\t\n\t\t\t\t\t\t\t\t\t\t\t\t\t<div class=\"lqd-fb-txt\">\n\t\t\t\t\t\t\t\t\t\t\t\t\t\t\t<p class=\"mt-0 mb-3\">Dry back; uygulan\u0131rken tozsuz ve temiz bir kurulum sunar. Farkl\u0131 modeller bir arada kullan\u0131larak dekoratif desenler ve s\u0131cak zemin kombinleri yaratabilirsiniz.<\/p>\n\t\t\t\t\t\t\t\t\t\t\t\t\t\t\t\t\t\t\t\t\t\t\t\t<a  href=\"http:\/\/adofloor.com\/dryback-montaj\/\" class=\"elementor-button btn align-items-center justify-content-center pos-rel overflow-hidden ws-nowrap btn-solid btn-hover-txt-liquid-x-alt btn-hover-bg-unfill btn-hover-bg-unfill-x btn-hover-bg-unfill-left btn-icon-shaped btn-has-label\" >\n\t\t\t\t\t\t\t<span class=\"btn-txt d-block pos-rel z-index-3\" data-text=\"\u0130ncele\" data-split-text=\"true\" data-split-options='{\"type\": \"chars, words\"}'>\n\t\t\t\t\t\t\t\t\t\t\t\u0130ncele\t\t\t\t\t\t\t\t\t<\/span>\n\t\t\t\t\t\t\t\t<\/a>\n\t\t\t\t\t\t\t\t\t\t\t\t\t\t\t\t<\/div>\n\t\t\t\t\t\t\n\t\t\t\t\t\t\t\t\t\t\t\t\n\t\t\t\t\t<\/div>\n\t\t\t\t<\/div>\n\n\t\t\t<\/div>\n\n\t\t\t \n\t\t<\/div>\n\t\t\t\t<\/div>\n\t\t\t\t<\/div>\n\t\t\t\t\t<\/div>\n\t\t\t\t<\/div>\n\t\t<div class=\"elementor-element elementor-element-aa44ebd elementor-hidden-mobile_extra elementor-hidden-mobile e-flex e-con-boxed e-con\" data-id=\"aa44ebd\" data-element_type=\"container\" data-settings=\"{&quot;content_width&quot;:&quot;boxed&quot;}\">\n\t\t\t\t\t<div class=\"e-con-inner\">\n\t\t<div class=\"elementor-element elementor-element-3ce4ee7 e-flex e-con-boxed e-con\" data-id=\"3ce4ee7\" data-element_type=\"container\" data-settings=\"{&quot;content_width&quot;:&quot;boxed&quot;}\">\n\t\t\t\t\t<div class=\"e-con-inner\">\n\t\t\t\t<div class=\"elementor-element elementor-element-4efb2db elementor-widget elementor-widget-ld_content_box\" data-id=\"4efb2db\" data-element_type=\"widget\" data-widget_type=\"ld_content_box.default\">\n\t\t\t\t<div class=\"elementor-widget-container\">\n\t\t\t \n\n\t\t<div class=\"lqd-fb pos-rel lqd-fb-style-1 lqd-fb-style-1-1 lqd-fb-content-overlay lqd-fb-zoom-img-onhover h-pt-80\"  data-inview=\"true\" >\n\t\t\n\t\t\t<div class=\"lqd-fb-inner lqd-overlay border-radius-4 overflow-hidden\" data-slideelement-onhover=\"true\" data-slideelement-options='{ \"visibleElement\": \"h6, h2\", \"hiddenElement\": \".lqd-fb-txt\", \"waitForSplitText\": true }'>\n\n\t\t\t\t<div class=\"lqd-fb-img lqd-overlay overflow-hidden\">\n\n\t\t\t\t\t<figure class=\"w-100 h-100\">\n\t\t\t\t\t\t<img decoding=\"async\" class=\"w-100 h-100 objfit-cover objfit-center\" src=\"http:\/\/adofloor.com\/wp-content\/uploads\/2024\/08\/crop-male-with-stationery-knife-cutting-rope-unpacking-cardboard-box-while-assembling-furniture.jpg\">\t\t\t\t\t<\/figure>\n\n\t\t\t\t<\/div>\n\n\t\t\t\t<div class=\"lqd-fb-content lqd-overlay d-flex align-items-end\">\n\t\t\t\t\t<div class=\"lqd-fb-bg lqd-overlay\"><\/div>\n\t\t\t\t\t<div\n\t\t\t\t\tclass=\"lqd-fb-content-inner pos-rel w-100\"\n\t\t\t\t\tdata-custom-animations=\"true\"\n\t\t\t\t\tdata-ca-options='{ \"triggerHandler\": \"inview\", \"animationTarget\": \"all-childs\", \"duration\": 1200, \"delay\": 120,  \"startDelay\": 250, \"initValues\": { \"y\": 30, \"opacity\": 0 }, \"animations\": { \"y\": 0, \"opacity\": 1 } }'>\n\t\t\t\t\t\t\n\t\t\t\t\t\t\t\t\t\t\t\t\n\t\t\t\t\t\t\t\t\t\t\t\t<h2\n\t\t\t\t\t\tclass=\"mt-0 mb-0\"\n\t\t\t\t\t\tdata-split-text=\"true\" data-split-options='{ \"type\": \"lines\" }'>\n\t\t\t\t\t\t\tClick Montaj\t\t\t\t\t\t<\/h2>\n\t\t\t\t\t\t\t\t\t\t\t\t\n\t\t\t\t\t\t\t\t\t\t\t\t\t<div class=\"lqd-fb-txt\">\n\t\t\t\t\t\t\t\t\t\t\t\t\t\t\t<p class=\"mt-0 mb-3\">Click; kolay monte- demonte edilebilir, kurulum s\u00fcreci temiz, sessiz ve k\u0131sa s\u00fcrelidir. Ya\u015farken ve uygularken benzersiz bir sessizlik sunar.<\/p>\n\t\t\t\t\t\t\t\t\t\t\t\t\t\t\t\t\t\t\t\t\t\t\t\t<a  href=\"http:\/\/adofloor.com\/click-montaj\/\" class=\"elementor-button btn align-items-center justify-content-center pos-rel overflow-hidden ws-nowrap btn-solid btn-hover-txt-liquid-x-alt btn-hover-bg-unfill btn-hover-bg-unfill-x btn-hover-bg-unfill-left btn-icon-shaped btn-has-label\" >\n\t\t\t\t\t\t\t<span class=\"btn-txt d-block pos-rel z-index-3\" data-text=\"\u0130ncele\" data-split-text=\"true\" data-split-options='{\"type\": \"chars, words\"}'>\n\t\t\t\t\t\t\t\t\t\t\t\u0130ncele\t\t\t\t\t\t\t\t\t<\/span>\n\t\t\t\t\t\t\t\t<\/a>\n\t\t\t\t\t\t\t\t\t\t\t\t\t\t\t\t<\/div>\n\t\t\t\t\t\t\n\t\t\t\t\t\t\t\t\t\t\t\t\n\t\t\t\t\t<\/div>\n\t\t\t\t<\/div>\n\n\t\t\t<\/div>\n\n\t\t\t \n\t\t<\/div>\n\t\t\t\t<\/div>\n\t\t\t\t<\/div>\n\t\t\t\t\t<\/div>\n\t\t\t\t<\/div>\n\t\t<div class=\"elementor-element elementor-element-d1a5934 e-flex e-con-boxed e-con\" data-id=\"d1a5934\" data-element_type=\"container\" data-settings=\"{&quot;content_width&quot;:&quot;boxed&quot;}\">\n\t\t\t\t\t<div class=\"e-con-inner\">\n\t\t\t\t<div class=\"elementor-element elementor-element-eb96d2e elementor-widget elementor-widget-ld_content_box\" data-id=\"eb96d2e\" data-element_type=\"widget\" data-widget_type=\"ld_content_box.default\">\n\t\t\t\t<div class=\"elementor-widget-container\">\n\t\t\t \n\n\t\t<div class=\"lqd-fb pos-rel lqd-fb-style-1 lqd-fb-style-1-1 lqd-fb-content-overlay lqd-fb-zoom-img-onhover h-pt-80\"  data-inview=\"true\" >\n\t\t\n\t\t\t<div class=\"lqd-fb-inner lqd-overlay border-radius-4 overflow-hidden\" data-slideelement-onhover=\"true\" data-slideelement-options='{ \"visibleElement\": \"h6, h2\", \"hiddenElement\": \".lqd-fb-txt\", \"waitForSplitText\": true }'>\n\n\t\t\t\t<div class=\"lqd-fb-img lqd-overlay overflow-hidden\">\n\n\t\t\t\t\t<figure class=\"w-100 h-100\">\n\t\t\t\t\t\t<img decoding=\"async\" class=\"w-100 h-100 objfit-cover objfit-center\" src=\"http:\/\/adofloor.com\/wp-content\/uploads\/2024\/08\/close-up-dancer-s-hand-floor.jpg\">\t\t\t\t\t<\/figure>\n\n\t\t\t\t<\/div>\n\n\t\t\t\t<div class=\"lqd-fb-content lqd-overlay d-flex align-items-end\">\n\t\t\t\t\t<div class=\"lqd-fb-bg lqd-overlay\"><\/div>\n\t\t\t\t\t<div\n\t\t\t\t\tclass=\"lqd-fb-content-inner pos-rel w-100\"\n\t\t\t\t\tdata-custom-animations=\"true\"\n\t\t\t\t\tdata-ca-options='{ \"triggerHandler\": \"inview\", \"animationTarget\": \"all-childs\", \"duration\": 1200, \"delay\": 120,  \"startDelay\": 250, \"initValues\": { \"y\": 30, \"opacity\": 0 }, \"animations\": { \"y\": 0, \"opacity\": 1 } }'>\n\t\t\t\t\t\t\n\t\t\t\t\t\t\t\t\t\t\t\t\n\t\t\t\t\t\t\t\t\t\t\t\t<h2\n\t\t\t\t\t\tclass=\"mt-0 mb-0\"\n\t\t\t\t\t\tdata-split-text=\"true\" data-split-options='{ \"type\": \"lines\" }'>\n\t\t\t\t\t\t\tDryback Montaj\t\t\t\t\t\t<\/h2>\n\t\t\t\t\t\t\t\t\t\t\t\t\n\t\t\t\t\t\t\t\t\t\t\t\t\t<div class=\"lqd-fb-txt\">\n\t\t\t\t\t\t\t\t\t\t\t\t\t\t\t<p class=\"mt-0 mb-3\">Dry back; uygulan\u0131rken tozsuz ve temiz bir kurulum sunar. Farkl\u0131 modeller bir arada kullan\u0131larak dekoratif desenler ve s\u0131cak zemin kombinleri yaratabilirsiniz.<\/p>\n\t\t\t\t\t\t\t\t\t\t\t\t\t\t\t\t\t\t\t\t\t\t\t\t<a  href=\"http:\/\/adofloor.com\/dryback-montaj\/\" class=\"elementor-button btn align-items-center justify-content-center pos-rel overflow-hidden ws-nowrap btn-solid btn-hover-txt-liquid-x-alt btn-hover-bg-unfill btn-hover-bg-unfill-x btn-hover-bg-unfill-left btn-icon-shaped btn-has-label\" >\n\t\t\t\t\t\t\t<span class=\"btn-txt d-block pos-rel z-index-3\" data-text=\"\u0130ncele\" data-split-text=\"true\" data-split-options='{\"type\": \"chars, words\"}'>\n\t\t\t\t\t\t\t\t\t\t\t\u0130ncele\t\t\t\t\t\t\t\t\t<\/span>\n\t\t\t\t\t\t\t\t<\/a>\n\t\t\t\t\t\t\t\t\t\t\t\t\t\t\t\t<\/div>\n\t\t\t\t\t\t\n\t\t\t\t\t\t\t\t\t\t\t\t\n\t\t\t\t\t<\/div>\n\t\t\t\t<\/div>\n\n\t\t\t<\/div>\n\n\t\t\t \n\t\t<\/div>\n\t\t\t\t<\/div>\n\t\t\t\t<\/div>\n\t\t\t\t\t<\/div>\n\t\t\t\t<\/div>\n\t\t\t\t\t<\/div>\n\t\t\t\t<\/div>\n\t\t\t\t\t<\/div>\n\t\t\t\t<\/div>\n\t\t\t\t\t<\/div>\n\t\t\t\t<\/div>\n\t\t\t\t\t\t\t<\/div>\n\t\t","protected":false},"excerpt":{"rendered":"<p>Montaj Y\u00f6ntemleri Click Montaj Click; kolay monte- demonte edilebilir, kurulum s\u00fcreci temiz, sessiz ve k\u0131sa s\u00fcrelidir. Ya\u015farken ve uygularken benzersiz bir sessizlik sunar. \u0130ncele Dryback Montaj Dry back; uygulan\u0131rken tozsuz ve temiz bir kurulum sunar. Farkl\u0131 modeller bir arada kullan\u0131larak dekoratif desenler ve s\u0131cak zemin kombinleri yaratabilirsiniz. \u0130ncele Click Montaj Click; kolay monte- demonte edilebilir, [&hellip;]<\/p>\n","protected":false},"author":1,"featured_media":0,"parent":0,"menu_order":0,"comment_status":"closed","ping_status":"closed","template":"","meta":{"footnotes":""},"yoast_head":"<!-- This site is optimized with the Yoast SEO plugin v23.0 - https:\/\/yoast.com\/wordpress\/plugins\/seo\/ -->\n<title>Bak\u0131m &amp; Montaj | ADOFLOOR<\/title>\n<meta name=\"description\" content=\"ADO Floor zemin kaplamalar\u0131n\u0131n bak\u0131m ve montaj rehberini ke\u015ffedin. Do\u011fru uygulama ve uzun \u00f6m\u00fcrl\u00fc kullan\u0131m i\u00e7in ipu\u00e7lar\u0131 ve talimatlar i\u00e7in t\u0131klay\u0131n.\" \/>\n<meta name=\"robots\" content=\"index, follow, max-snippet:-1, max-image-preview:large, max-video-preview:-1\" \/>\n<link rel=\"canonical\" href=\"https:\/\/www.adofloor.com\/tr\/wp-json\/wp\/v2\/pages\/30117\/\" \/>\n<meta property=\"og:locale\" content=\"tr_TR\" \/>\n<meta property=\"og:type\" content=\"article\" \/>\n<meta property=\"og:title\" content=\"Bak\u0131m &amp; Montaj | ADOFLOOR\" \/>\n<meta property=\"og:description\" content=\"ADO Floor zemin kaplamalar\u0131n\u0131n bak\u0131m ve montaj rehberini ke\u015ffedin. Do\u011fru uygulama ve uzun \u00f6m\u00fcrl\u00fc kullan\u0131m i\u00e7in ipu\u00e7lar\u0131 ve talimatlar i\u00e7in t\u0131klay\u0131n.\" \/>\n<meta property=\"og:url\" content=\"https:\/\/www.adofloor.com\/tr\/bakim-montaj\/\" \/>\n<meta property=\"og:site_name\" content=\"ADOFLOOR\" \/>\n<meta property=\"article:modified_time\" content=\"2025-11-12T17:36:24+00:00\" \/>\n<meta property=\"og:image\" content=\"http:\/\/adofloor.com\/wp-content\/uploads\/2024\/08\/crop-male-with-stationery-knife-cutting-rope-unpacking-cardboard-box-while-assembling-furniture.jpg\" \/>\n<meta name=\"twitter:card\" content=\"summary_large_image\" \/>\n<meta name=\"twitter:label1\" content=\"Est. reading time\" \/>\n\t<meta name=\"twitter:data1\" content=\"2 dakika\" \/>\n<script type=\"application\/ld+json\" class=\"yoast-schema-graph\">{\"@context\":\"https:\/\/schema.org\",\"@graph\":[{\"@type\":\"WebPage\",\"@id\":\"https:\/\/www.adofloor.com\/tr\/bakim-montaj\/\",\"url\":\"https:\/\/www.adofloor.com\/tr\/bakim-montaj\/\",\"name\":\"Bak\u0131m &amp; Montaj | ADOFLOOR\",\"isPartOf\":{\"@id\":\"https:\/\/www.adofloor.com\/#website\"},\"primaryImageOfPage\":{\"@id\":\"https:\/\/www.adofloor.com\/tr\/bakim-montaj\/#primaryimage\"},\"image\":{\"@id\":\"https:\/\/www.adofloor.com\/tr\/bakim-montaj\/#primaryimage\"},\"thumbnailUrl\":\"http:\/\/adofloor.com\/wp-content\/uploads\/2024\/08\/crop-male-with-stationery-knife-cutting-rope-unpacking-cardboard-box-while-assembling-furniture.jpg\",\"datePublished\":\"2024-08-29T08:30:36+00:00\",\"dateModified\":\"2025-11-12T17:36:24+00:00\",\"description\":\"ADO Floor zemin kaplamalar\u0131n\u0131n bak\u0131m ve montaj rehberini ke\u015ffedin. Do\u011fru uygulama ve uzun \u00f6m\u00fcrl\u00fc kullan\u0131m i\u00e7in ipu\u00e7lar\u0131 ve talimatlar i\u00e7in t\u0131klay\u0131n.\",\"breadcrumb\":{\"@id\":\"https:\/\/www.adofloor.com\/tr\/bakim-montaj\/#breadcrumb\"},\"inLanguage\":\"tr\",\"potentialAction\":[{\"@type\":\"ReadAction\",\"target\":[\"https:\/\/www.adofloor.com\/tr\/bakim-montaj\/\"]}]},{\"@type\":\"ImageObject\",\"inLanguage\":\"tr\",\"@id\":\"https:\/\/www.adofloor.com\/tr\/bakim-montaj\/#primaryimage\",\"url\":\"http:\/\/adofloor.com\/wp-content\/uploads\/2024\/08\/crop-male-with-stationery-knife-cutting-rope-unpacking-cardboard-box-while-assembling-furniture.jpg\",\"contentUrl\":\"http:\/\/adofloor.com\/wp-content\/uploads\/2024\/08\/crop-male-with-stationery-knife-cutting-rope-unpacking-cardboard-box-while-assembling-furniture.jpg\"},{\"@type\":\"BreadcrumbList\",\"@id\":\"https:\/\/www.adofloor.com\/tr\/bakim-montaj\/#breadcrumb\",\"itemListElement\":[{\"@type\":\"ListItem\",\"position\":1,\"name\":\"Home\",\"item\":\"https:\/\/www.adofloor.com\/\"},{\"@type\":\"ListItem\",\"position\":2,\"name\":\"Bak\u0131m &amp; Montaj\"}]},{\"@type\":\"WebSite\",\"@id\":\"https:\/\/www.adofloor.com\/#website\",\"url\":\"https:\/\/www.adofloor.com\/\",\"name\":\"ADOFLOOR\",\"description\":\"\",\"publisher\":{\"@id\":\"https:\/\/www.adofloor.com\/#organization\"},\"potentialAction\":[{\"@type\":\"SearchAction\",\"target\":{\"@type\":\"EntryPoint\",\"urlTemplate\":\"https:\/\/www.adofloor.com\/?s={search_term_string}\"},\"query-input\":\"required name=search_term_string\"}],\"inLanguage\":\"tr\"},{\"@type\":\"Organization\",\"@id\":\"https:\/\/www.adofloor.com\/#organization\",\"name\":\"ADOFLOOR\",\"url\":\"https:\/\/www.adofloor.com\/\",\"logo\":{\"@type\":\"ImageObject\",\"inLanguage\":\"tr\",\"@id\":\"https:\/\/www.adofloor.com\/#\/schema\/logo\/image\/\",\"url\":\"https:\/\/www.adofloor.com\/wp-content\/uploads\/2023\/10\/logo.png\",\"contentUrl\":\"https:\/\/www.adofloor.com\/wp-content\/uploads\/2023\/10\/logo.png\",\"width\":344,\"height\":81,\"caption\":\"ADOFLOOR\"},\"image\":{\"@id\":\"https:\/\/www.adofloor.com\/#\/schema\/logo\/image\/\"}}]}<\/script>\n<!-- \/ Yoast SEO plugin. -->","yoast_head_json":{"title":"Bak\u0131m &amp; Montaj | ADOFLOOR","description":"ADO Floor zemin kaplamalar\u0131n\u0131n bak\u0131m ve montaj rehberini ke\u015ffedin. Do\u011fru uygulama ve uzun \u00f6m\u00fcrl\u00fc kullan\u0131m i\u00e7in ipu\u00e7lar\u0131 ve talimatlar i\u00e7in t\u0131klay\u0131n.","robots":{"index":"index","follow":"follow","max-snippet":"max-snippet:-1","max-image-preview":"max-image-preview:large","max-video-preview":"max-video-preview:-1"},"canonical":"https:\/\/www.adofloor.com\/tr\/wp-json\/wp\/v2\/pages\/30117\/","og_locale":"tr_TR","og_type":"article","og_title":"Bak\u0131m &amp; Montaj | ADOFLOOR","og_description":"ADO Floor zemin kaplamalar\u0131n\u0131n bak\u0131m ve montaj rehberini ke\u015ffedin. Do\u011fru uygulama ve uzun \u00f6m\u00fcrl\u00fc kullan\u0131m i\u00e7in ipu\u00e7lar\u0131 ve talimatlar i\u00e7in t\u0131klay\u0131n.","og_url":"https:\/\/www.adofloor.com\/tr\/bakim-montaj\/","og_site_name":"ADOFLOOR","article_modified_time":"2025-11-12T17:36:24+00:00","og_image":[{"url":"http:\/\/adofloor.com\/wp-content\/uploads\/2024\/08\/crop-male-with-stationery-knife-cutting-rope-unpacking-cardboard-box-while-assembling-furniture.jpg"}],"twitter_card":"summary_large_image","twitter_misc":{"Est. reading time":"2 dakika"},"schema":{"@context":"https:\/\/schema.org","@graph":[{"@type":"WebPage","@id":"https:\/\/www.adofloor.com\/tr\/bakim-montaj\/","url":"https:\/\/www.adofloor.com\/tr\/bakim-montaj\/","name":"Bak\u0131m &amp; Montaj | ADOFLOOR","isPartOf":{"@id":"https:\/\/www.adofloor.com\/#website"},"primaryImageOfPage":{"@id":"https:\/\/www.adofloor.com\/tr\/bakim-montaj\/#primaryimage"},"image":{"@id":"https:\/\/www.adofloor.com\/tr\/bakim-montaj\/#primaryimage"},"thumbnailUrl":"http:\/\/adofloor.com\/wp-content\/uploads\/2024\/08\/crop-male-with-stationery-knife-cutting-rope-unpacking-cardboard-box-while-assembling-furniture.jpg","datePublished":"2024-08-29T08:30:36+00:00","dateModified":"2025-11-12T17:36:24+00:00","description":"ADO Floor zemin kaplamalar\u0131n\u0131n bak\u0131m ve montaj rehberini ke\u015ffedin. Do\u011fru uygulama ve uzun \u00f6m\u00fcrl\u00fc kullan\u0131m i\u00e7in ipu\u00e7lar\u0131 ve talimatlar i\u00e7in t\u0131klay\u0131n.","breadcrumb":{"@id":"https:\/\/www.adofloor.com\/tr\/bakim-montaj\/#breadcrumb"},"inLanguage":"tr","potentialAction":[{"@type":"ReadAction","target":["https:\/\/www.adofloor.com\/tr\/bakim-montaj\/"]}]},{"@type":"ImageObject","inLanguage":"tr","@id":"https:\/\/www.adofloor.com\/tr\/bakim-montaj\/#primaryimage","url":"http:\/\/adofloor.com\/wp-content\/uploads\/2024\/08\/crop-male-with-stationery-knife-cutting-rope-unpacking-cardboard-box-while-assembling-furniture.jpg","contentUrl":"http:\/\/adofloor.com\/wp-content\/uploads\/2024\/08\/crop-male-with-stationery-knife-cutting-rope-unpacking-cardboard-box-while-assembling-furniture.jpg"},{"@type":"BreadcrumbList","@id":"https:\/\/www.adofloor.com\/tr\/bakim-montaj\/#breadcrumb","itemListElement":[{"@type":"ListItem","position":1,"name":"Home","item":"https:\/\/www.adofloor.com\/"},{"@type":"ListItem","position":2,"name":"Bak\u0131m &amp; Montaj"}]},{"@type":"WebSite","@id":"https:\/\/www.adofloor.com\/#website","url":"https:\/\/www.adofloor.com\/","name":"ADOFLOOR","description":"","publisher":{"@id":"https:\/\/www.adofloor.com\/#organization"},"potentialAction":[{"@type":"SearchAction","target":{"@type":"EntryPoint","urlTemplate":"https:\/\/www.adofloor.com\/?s={search_term_string}"},"query-input":"required name=search_term_string"}],"inLanguage":"tr"},{"@type":"Organization","@id":"https:\/\/www.adofloor.com\/#organization","name":"ADOFLOOR","url":"https:\/\/www.adofloor.com\/","logo":{"@type":"ImageObject","inLanguage":"tr","@id":"https:\/\/www.adofloor.com\/#\/schema\/logo\/image\/","url":"https:\/\/www.adofloor.com\/wp-content\/uploads\/2023\/10\/logo.png","contentUrl":"https:\/\/www.adofloor.com\/wp-content\/uploads\/2023\/10\/logo.png","width":344,"height":81,"caption":"ADOFLOOR"},"image":{"@id":"https:\/\/www.adofloor.com\/#\/schema\/logo\/image\/"}}]}},"_links":{"self":[{"href":"https:\/\/www.adofloor.com\/tr\/wp-json\/wp\/v2\/pages\/30117"}],"collection":[{"href":"https:\/\/www.adofloor.com\/tr\/wp-json\/wp\/v2\/pages"}],"about":[{"href":"https:\/\/www.adofloor.com\/tr\/wp-json\/wp\/v2\/types\/page"}],"author":[{"embeddable":true,"href":"https:\/\/www.adofloor.com\/tr\/wp-json\/wp\/v2\/users\/1"}],"replies":[{"embeddable":true,"href":"https:\/\/www.adofloor.com\/tr\/wp-json\/wp\/v2\/comments?post=30117"}],"version-history":[{"count":37,"href":"https:\/\/www.adofloor.com\/tr\/wp-json\/wp\/v2\/pages\/30117\/revisions"}],"predecessor-version":[{"id":33171,"href":"https:\/\/www.adofloor.com\/tr\/wp-json\/wp\/v2\/pages\/30117\/revisions\/33171"}],"wp:attachment":[{"href":"https:\/\/www.adofloor.com\/tr\/wp-json\/wp\/v2\/media?parent=30117"}],"curies":[{"name":"wp","href":"https:\/\/api.w.org\/{rel}","templated":true}]}}