{"id":30145,"date":"2024-08-29T11:50:30","date_gmt":"2024-08-29T08:50:30","guid":{"rendered":"http:\/\/adofloor.com\/?page_id=30145"},"modified":"2025-10-16T16:53:41","modified_gmt":"2025-10-16T13:53:41","slug":"spc-teknik-ozellikler","status":"publish","type":"page","link":"https:\/\/www.adofloor.com\/tr\/spc-teknik-ozellikler\/","title":{"rendered":"SPC Teknik \u00d6zellikler"},"content":{"rendered":"\t\t<div data-elementor-type=\"wp-page\" data-elementor-id=\"30145\" class=\"elementor elementor-30145\" data-elementor-post-type=\"page\">\n\t\t\t\t\t\t\t<div class=\"elementor-element elementor-element-44330c2 e-flex e-con-boxed e-con\" data-id=\"44330c2\" data-element_type=\"container\" data-settings=\"{&quot;content_width&quot;:&quot;boxed&quot;}\">\n\t\t\t\t\t<div class=\"e-con-inner\">\n\t\t\t\t<div class=\"elementor-element elementor-element-3e03960 elementor-widget elementor-widget-hub_fancy_heading\" data-id=\"3e03960\" data-element_type=\"widget\" data-widget_type=\"hub_fancy_heading.default\">\n\t\t\t\t<div class=\"elementor-widget-container\">\n\t\t\t\n\t\t<div id=\"ld-fancy-heading-6a08733891aa5\" class=\"ld-fancy-heading pos-rel\">\n\t\t\t<h2 class=\"ld-fh-element d-inline-block pos-rel  elementor-heading-title lqd-highlight-classic lqd-highlight-grow-left h2\"  > TEKN\u0130K \u00d6ZELL\u0130KLER \/ EN 16511 \/ SPC\n<\/h2>\t\t<\/div>\n\n\t\t\t\t<\/div>\n\t\t\t\t<\/div>\n\t\t\t\t\t<\/div>\n\t\t\t\t<\/div>\n\t\t<div class=\"elementor-element elementor-element-cadbff6 e-con-full e-flex e-con\" data-id=\"cadbff6\" data-element_type=\"container\" data-settings=\"{&quot;content_width&quot;:&quot;full&quot;}\">\n\t\t<div class=\"elementor-element elementor-element-e9c7e31 e-flex e-con-boxed e-con\" data-id=\"e9c7e31\" data-element_type=\"container\" data-settings=\"{&quot;content_width&quot;:&quot;boxed&quot;}\">\n\t\t\t\t\t<div class=\"e-con-inner\">\n\t\t<a class=\"elementor-element elementor-element-52ab5f1 e-flex e-con-boxed e-con\" data-id=\"52ab5f1\" data-element_type=\"container\" data-settings=\"{&quot;content_width&quot;:&quot;boxed&quot;}\" href=\"https:\/\/www.adofloor.com\/wp-content\/uploads\/2025\/10\/ADOFLOOR-TEKNIK-SPECT-4mm-2025-TR.pdf\" target=\"_blank\">\n\t\t\t\t\t<div class=\"e-con-inner\">\n\t\t<div class=\"elementor-element elementor-element-d3a952d e-flex e-con-boxed e-con\" data-id=\"d3a952d\" data-element_type=\"container\" data-settings=\"{&quot;content_width&quot;:&quot;boxed&quot;}\">\n\t\t\t\t\t<div class=\"e-con-inner\">\n\t\t\t\t<div class=\"elementor-element elementor-element-a44d664 elementor-widget__width-initial sertifika-simge elementor-view-default elementor-mobile-position-top elementor-vertical-align-top elementor-widget elementor-widget-icon-box\" data-id=\"a44d664\" data-element_type=\"widget\" data-widget_type=\"icon-box.default\">\n\t\t\t\t<div class=\"elementor-widget-container\">\n\t\t\t\t\t<div class=\"elementor-icon-box-wrapper\">\n\t\t\t\t\t\t<div class=\"elementor-icon-box-icon\">\n\t\t\t\t<span class=\"elementor-icon elementor-animation-\" >\n\t\t\t\t<svg xmlns=\"http:\/\/www.w3.org\/2000\/svg\" width=\"800px\" height=\"800px\" viewBox=\"0 0 48 48\" fill=\"#000000\"><g id=\"SVGRepo_bgCarrier\" stroke-width=\"0\"><\/g><g id=\"SVGRepo_tracerCarrier\" stroke-linecap=\"round\" stroke-linejoin=\"round\"><\/g><g id=\"SVGRepo_iconCarrier\"><defs><style>.a{fill:none;stroke:#777777;stroke-linecap:round;stroke-linejoin:round;}<\/style><\/defs><path class=\"a\" d=\"M39.5,15.5h-9a2,2,0,0,1-2-2v-9h-18a2,2,0,0,0-2,2v35a2,2,0,0,0,2,2h27a2,2,0,0,0,2-2Z\"><\/path><line class=\"a\" x1=\"28.5\" y1=\"4.5\" x2=\"39.5\" y2=\"15.5\"><\/line><\/g><\/svg>\t\t\t\t<\/span>\n\t\t\t<\/div>\n\t\t\t\t\t\t<div class=\"elementor-icon-box-content\">\n\t\t\t\t<h3 class=\"elementor-icon-box-title\">\n\t\t\t\t\t<span  >\n\t\t\t\t\t\t\t\t\t\t\t<\/span>\n\t\t\t\t<\/h3>\n\t\t\t\t\t\t\t<\/div>\n\t\t<\/div>\n\t\t\t\t<\/div>\n\t\t\t\t<\/div>\n\t\t\t\t<div class=\"elementor-element elementor-element-90a1ebc elementor-widget elementor-widget-heading\" data-id=\"90a1ebc\" data-element_type=\"widget\" data-widget_type=\"heading.default\">\n\t\t\t\t<div class=\"elementor-widget-container\">\n\t\t\t<h2 class=\"elementor-heading-title elementor-size-default\">4mm<\/h2>\t\t<\/div>\n\t\t\t\t<\/div>\n\t\t\t\t<div class=\"elementor-element elementor-element-74c7108 elementor-widget elementor-widget-text-editor\" data-id=\"74c7108\" data-element_type=\"widget\" data-widget_type=\"text-editor.default\">\n\t\t\t\t<div class=\"elementor-widget-container\">\n\t\t\t\t\t\t\t<p>\u0130ncele<\/p>\t\t\t\t\t\t<\/div>\n\t\t\t\t<\/div>\n\t\t\t\t\t<\/div>\n\t\t\t\t<\/div>\n\t\t\t\t<div class=\"elementor-element elementor-element-a554d08 elementor-view-default elementor-widget elementor-widget-icon\" data-id=\"a554d08\" data-element_type=\"widget\" data-widget_type=\"icon.default\">\n\t\t\t\t<div class=\"elementor-widget-container\">\n\t\t\t\t\t<div class=\"elementor-icon-wrapper\">\n\t\t\t<div class=\"elementor-icon elementor-animation-wobble-vertical\">\n\t\t\t<svg xmlns=\"http:\/\/www.w3.org\/2000\/svg\" width=\"800px\" height=\"800px\" viewBox=\"0 0 25 25\" fill=\"none\"><path d=\"M19.5 17V19.5H5.5V17M17.5 11L12.5 16L7.5 11M12.5 16V4.99998\" stroke=\"#121923\" stroke-width=\"1.2\"><\/path><\/svg>\t\t\t<\/div>\n\t\t<\/div>\n\t\t\t\t<\/div>\n\t\t\t\t<\/div>\n\t\t\t\t\t<\/div>\n\t\t\t\t<\/a>\n\t\t\t\t<div class=\"elementor-element elementor-element-c2faca2 elementor-widget__width-auto elementor-widget elementor-widget-spacer\" data-id=\"c2faca2\" data-element_type=\"widget\" data-widget_type=\"spacer.default\">\n\t\t\t\t<div class=\"elementor-widget-container\">\n\t\t\t\t\t<div class=\"elementor-spacer\">\n\t\t\t<div class=\"elementor-spacer-inner\"><\/div>\n\t\t<\/div>\n\t\t\t\t<\/div>\n\t\t\t\t<\/div>\n\t\t<a class=\"elementor-element elementor-element-d582f1a e-flex e-con-boxed e-con\" data-id=\"d582f1a\" data-element_type=\"container\" data-settings=\"{&quot;content_width&quot;:&quot;boxed&quot;}\" href=\"https:\/\/www.adofloor.com\/wp-content\/uploads\/2025\/10\/ADOFLOOR-TEKNIK-SPECT-5mm-2025-TR.pdf\" target=\"_blank\">\n\t\t\t\t\t<div class=\"e-con-inner\">\n\t\t<div class=\"elementor-element elementor-element-9dfe3fd e-flex e-con-boxed e-con\" data-id=\"9dfe3fd\" data-element_type=\"container\" data-settings=\"{&quot;content_width&quot;:&quot;boxed&quot;}\">\n\t\t\t\t\t<div class=\"e-con-inner\">\n\t\t\t\t<div class=\"elementor-element elementor-element-1c0360a elementor-widget__width-initial sertifika-simge elementor-view-default elementor-mobile-position-top elementor-vertical-align-top elementor-widget elementor-widget-icon-box\" data-id=\"1c0360a\" data-element_type=\"widget\" data-widget_type=\"icon-box.default\">\n\t\t\t\t<div class=\"elementor-widget-container\">\n\t\t\t\t\t<div class=\"elementor-icon-box-wrapper\">\n\t\t\t\t\t\t<div class=\"elementor-icon-box-icon\">\n\t\t\t\t<span class=\"elementor-icon elementor-animation-\" >\n\t\t\t\t<svg xmlns=\"http:\/\/www.w3.org\/2000\/svg\" width=\"800px\" height=\"800px\" viewBox=\"0 0 48 48\" fill=\"#000000\"><g id=\"SVGRepo_bgCarrier\" stroke-width=\"0\"><\/g><g id=\"SVGRepo_tracerCarrier\" stroke-linecap=\"round\" stroke-linejoin=\"round\"><\/g><g id=\"SVGRepo_iconCarrier\"><defs><style>.a{fill:none;stroke:#777777;stroke-linecap:round;stroke-linejoin:round;}<\/style><\/defs><path class=\"a\" d=\"M39.5,15.5h-9a2,2,0,0,1-2-2v-9h-18a2,2,0,0,0-2,2v35a2,2,0,0,0,2,2h27a2,2,0,0,0,2-2Z\"><\/path><line class=\"a\" x1=\"28.5\" y1=\"4.5\" x2=\"39.5\" y2=\"15.5\"><\/line><\/g><\/svg>\t\t\t\t<\/span>\n\t\t\t<\/div>\n\t\t\t\t\t\t<div class=\"elementor-icon-box-content\">\n\t\t\t\t<h3 class=\"elementor-icon-box-title\">\n\t\t\t\t\t<span  >\n\t\t\t\t\t\t\t\t\t\t\t<\/span>\n\t\t\t\t<\/h3>\n\t\t\t\t\t\t\t<\/div>\n\t\t<\/div>\n\t\t\t\t<\/div>\n\t\t\t\t<\/div>\n\t\t\t\t<div class=\"elementor-element elementor-element-29e1f95 elementor-widget elementor-widget-heading\" data-id=\"29e1f95\" data-element_type=\"widget\" data-widget_type=\"heading.default\">\n\t\t\t\t<div class=\"elementor-widget-container\">\n\t\t\t<h2 class=\"elementor-heading-title elementor-size-default\">5mm<\/h2>\t\t<\/div>\n\t\t\t\t<\/div>\n\t\t\t\t<div class=\"elementor-element elementor-element-52b7d0c elementor-widget elementor-widget-text-editor\" data-id=\"52b7d0c\" data-element_type=\"widget\" data-widget_type=\"text-editor.default\">\n\t\t\t\t<div class=\"elementor-widget-container\">\n\t\t\t\t\t\t\t<p>\u0130ncele<\/p>\t\t\t\t\t\t<\/div>\n\t\t\t\t<\/div>\n\t\t\t\t\t<\/div>\n\t\t\t\t<\/div>\n\t\t\t\t<div class=\"elementor-element elementor-element-cb00536 elementor-view-default elementor-widget elementor-widget-icon\" data-id=\"cb00536\" data-element_type=\"widget\" data-widget_type=\"icon.default\">\n\t\t\t\t<div class=\"elementor-widget-container\">\n\t\t\t\t\t<div class=\"elementor-icon-wrapper\">\n\t\t\t<div class=\"elementor-icon elementor-animation-wobble-vertical\">\n\t\t\t<svg xmlns=\"http:\/\/www.w3.org\/2000\/svg\" width=\"800px\" height=\"800px\" viewBox=\"0 0 25 25\" fill=\"none\"><path d=\"M19.5 17V19.5H5.5V17M17.5 11L12.5 16L7.5 11M12.5 16V4.99998\" stroke=\"#121923\" stroke-width=\"1.2\"><\/path><\/svg>\t\t\t<\/div>\n\t\t<\/div>\n\t\t\t\t<\/div>\n\t\t\t\t<\/div>\n\t\t\t\t\t<\/div>\n\t\t\t\t<\/a>\n\t\t\t\t<div class=\"elementor-element elementor-element-ceee437 elementor-widget__width-auto elementor-widget elementor-widget-spacer\" data-id=\"ceee437\" data-element_type=\"widget\" data-widget_type=\"spacer.default\">\n\t\t\t\t<div class=\"elementor-widget-container\">\n\t\t\t\t\t<div class=\"elementor-spacer\">\n\t\t\t<div class=\"elementor-spacer-inner\"><\/div>\n\t\t<\/div>\n\t\t\t\t<\/div>\n\t\t\t\t<\/div>\n\t\t<a class=\"elementor-element elementor-element-84e117c e-flex e-con-boxed e-con\" data-id=\"84e117c\" data-element_type=\"container\" data-settings=\"{&quot;content_width&quot;:&quot;boxed&quot;}\" href=\"https:\/\/www.adofloor.com\/wp-content\/uploads\/2025\/10\/ADOFLOOR-TEKNIK-SPECT-6mm-2025-TR.pdf\" target=\"_blank\">\n\t\t\t\t\t<div class=\"e-con-inner\">\n\t\t<div class=\"elementor-element elementor-element-a122691 e-flex e-con-boxed e-con\" data-id=\"a122691\" data-element_type=\"container\" data-settings=\"{&quot;content_width&quot;:&quot;boxed&quot;}\">\n\t\t\t\t\t<div class=\"e-con-inner\">\n\t\t\t\t<div class=\"elementor-element elementor-element-cbdabbd elementor-widget__width-initial sertifika-simge elementor-view-default elementor-mobile-position-top elementor-vertical-align-top elementor-widget elementor-widget-icon-box\" data-id=\"cbdabbd\" data-element_type=\"widget\" data-widget_type=\"icon-box.default\">\n\t\t\t\t<div class=\"elementor-widget-container\">\n\t\t\t\t\t<div class=\"elementor-icon-box-wrapper\">\n\t\t\t\t\t\t<div class=\"elementor-icon-box-icon\">\n\t\t\t\t<span class=\"elementor-icon elementor-animation-\" >\n\t\t\t\t<svg xmlns=\"http:\/\/www.w3.org\/2000\/svg\" width=\"800px\" height=\"800px\" viewBox=\"0 0 48 48\" fill=\"#000000\"><g id=\"SVGRepo_bgCarrier\" stroke-width=\"0\"><\/g><g id=\"SVGRepo_tracerCarrier\" stroke-linecap=\"round\" stroke-linejoin=\"round\"><\/g><g id=\"SVGRepo_iconCarrier\"><defs><style>.a{fill:none;stroke:#777777;stroke-linecap:round;stroke-linejoin:round;}<\/style><\/defs><path class=\"a\" d=\"M39.5,15.5h-9a2,2,0,0,1-2-2v-9h-18a2,2,0,0,0-2,2v35a2,2,0,0,0,2,2h27a2,2,0,0,0,2-2Z\"><\/path><line class=\"a\" x1=\"28.5\" y1=\"4.5\" x2=\"39.5\" y2=\"15.5\"><\/line><\/g><\/svg>\t\t\t\t<\/span>\n\t\t\t<\/div>\n\t\t\t\t\t\t<div class=\"elementor-icon-box-content\">\n\t\t\t\t<h3 class=\"elementor-icon-box-title\">\n\t\t\t\t\t<span  >\n\t\t\t\t\t\t\t\t\t\t\t<\/span>\n\t\t\t\t<\/h3>\n\t\t\t\t\t\t\t<\/div>\n\t\t<\/div>\n\t\t\t\t<\/div>\n\t\t\t\t<\/div>\n\t\t\t\t<div class=\"elementor-element elementor-element-a62cad9 elementor-widget elementor-widget-heading\" data-id=\"a62cad9\" data-element_type=\"widget\" data-widget_type=\"heading.default\">\n\t\t\t\t<div class=\"elementor-widget-container\">\n\t\t\t<h2 class=\"elementor-heading-title elementor-size-default\">6mm<\/h2>\t\t<\/div>\n\t\t\t\t<\/div>\n\t\t\t\t<div class=\"elementor-element elementor-element-f117cd3 elementor-widget elementor-widget-text-editor\" data-id=\"f117cd3\" data-element_type=\"widget\" data-widget_type=\"text-editor.default\">\n\t\t\t\t<div class=\"elementor-widget-container\">\n\t\t\t\t\t\t\t<p>\u0130ncele<\/p>\t\t\t\t\t\t<\/div>\n\t\t\t\t<\/div>\n\t\t\t\t\t<\/div>\n\t\t\t\t<\/div>\n\t\t\t\t<div class=\"elementor-element elementor-element-ec50157 elementor-view-default elementor-widget elementor-widget-icon\" data-id=\"ec50157\" data-element_type=\"widget\" data-widget_type=\"icon.default\">\n\t\t\t\t<div class=\"elementor-widget-container\">\n\t\t\t\t\t<div class=\"elementor-icon-wrapper\">\n\t\t\t<div class=\"elementor-icon elementor-animation-wobble-vertical\">\n\t\t\t<svg xmlns=\"http:\/\/www.w3.org\/2000\/svg\" width=\"800px\" height=\"800px\" viewBox=\"0 0 25 25\" fill=\"none\"><path d=\"M19.5 17V19.5H5.5V17M17.5 11L12.5 16L7.5 11M12.5 16V4.99998\" stroke=\"#121923\" stroke-width=\"1.2\"><\/path><\/svg>\t\t\t<\/div>\n\t\t<\/div>\n\t\t\t\t<\/div>\n\t\t\t\t<\/div>\n\t\t\t\t\t<\/div>\n\t\t\t\t<\/a>\n\t\t\t\t<div class=\"elementor-element elementor-element-247ba76 elementor-widget__width-auto elementor-widget elementor-widget-spacer\" data-id=\"247ba76\" data-element_type=\"widget\" data-widget_type=\"spacer.default\">\n\t\t\t\t<div class=\"elementor-widget-container\">\n\t\t\t\t\t<div class=\"elementor-spacer\">\n\t\t\t<div class=\"elementor-spacer-inner\"><\/div>\n\t\t<\/div>\n\t\t\t\t<\/div>\n\t\t\t\t<\/div>\n\t\t<a class=\"elementor-element elementor-element-17bbc99 e-flex e-con-boxed e-con\" data-id=\"17bbc99\" data-element_type=\"container\" data-settings=\"{&quot;content_width&quot;:&quot;boxed&quot;}\" href=\"http:\/\/adofloor.com\/wp-content\/uploads\/2024\/09\/LAAG-Click-Turkish.pdf\">\n\t\t\t\t\t<div class=\"e-con-inner\">\n\t\t\t\t\t<\/div>\n\t\t\t\t<\/a>\n\t\t\t\t\t<\/div>\n\t\t\t\t<\/div>\n\t\t\t\t<\/div>\n\t\t\t\t\t\t\t<\/div>\n\t\t","protected":false},"excerpt":{"rendered":"<p>TEKN\u0130K \u00d6ZELL\u0130KLER \/ EN 16511 \/ SPC 4mm \u0130ncele 5mm \u0130ncele 6mm \u0130ncele<\/p>\n","protected":false},"author":1,"featured_media":0,"parent":0,"menu_order":0,"comment_status":"closed","ping_status":"closed","template":"","meta":{"footnotes":""},"yoast_head":"<!-- This site is optimized with the Yoast SEO plugin v23.0 - https:\/\/yoast.com\/wordpress\/plugins\/seo\/ -->\n<title>SPC Teknik \u00d6zellikler | ADOFLOOR<\/title>\n<meta name=\"description\" content=\"ADO Floor&#039;un SPC teknik \u00f6zelliklerini ke\u015ffedin; performans, dayan\u0131kl\u0131l\u0131k ve tasar\u0131m hakk\u0131nda detayl\u0131 bilgilere ula\u015f\u0131n. Teknik verilere eri\u015fmek i\u00e7in t\u0131klay\u0131n.\" \/>\n<meta name=\"robots\" content=\"index, follow, max-snippet:-1, max-image-preview:large, max-video-preview:-1\" \/>\n<link rel=\"canonical\" href=\"https:\/\/www.adofloor.com\/tr\/wp-json\/wp\/v2\/pages\/30145\/\" \/>\n<meta property=\"og:locale\" content=\"tr_TR\" \/>\n<meta property=\"og:type\" content=\"article\" \/>\n<meta property=\"og:title\" content=\"SPC Teknik \u00d6zellikler | ADOFLOOR\" \/>\n<meta property=\"og:description\" content=\"ADO Floor&#039;un SPC teknik \u00f6zelliklerini ke\u015ffedin; performans, dayan\u0131kl\u0131l\u0131k ve tasar\u0131m hakk\u0131nda detayl\u0131 bilgilere ula\u015f\u0131n. Teknik verilere eri\u015fmek i\u00e7in t\u0131klay\u0131n.\" \/>\n<meta property=\"og:url\" content=\"https:\/\/www.adofloor.com\/spc-technical-specifications\/\" \/>\n<meta property=\"og:site_name\" content=\"ADOFLOOR\" \/>\n<meta property=\"article:modified_time\" content=\"2025-10-16T13:53:41+00:00\" \/>\n<meta property=\"og:image\" content=\"https:\/\/www.adofloor.com\/wp-content\/uploads\/2023\/09\/favicon-2.png\" \/>\n\t<meta property=\"og:image:width\" content=\"64\" \/>\n\t<meta property=\"og:image:height\" content=\"64\" \/>\n\t<meta property=\"og:image:type\" content=\"image\/png\" \/>\n<meta name=\"twitter:card\" content=\"summary_large_image\" \/>\n<meta name=\"twitter:label1\" content=\"Est. reading time\" \/>\n\t<meta name=\"twitter:data1\" content=\"1 dakika\" \/>\n<script type=\"application\/ld+json\" class=\"yoast-schema-graph\">{\"@context\":\"https:\/\/schema.org\",\"@graph\":[{\"@type\":\"WebPage\",\"@id\":\"https:\/\/www.adofloor.com\/spc-technical-specifications\/\",\"url\":\"https:\/\/www.adofloor.com\/spc-technical-specifications\/\",\"name\":\"SPC Teknik \u00d6zellikler | ADOFLOOR\",\"isPartOf\":{\"@id\":\"https:\/\/www.adofloor.com\/#website\"},\"datePublished\":\"2024-08-29T08:50:30+00:00\",\"dateModified\":\"2025-10-16T13:53:41+00:00\",\"description\":\"ADO Floor'un SPC teknik \u00f6zelliklerini ke\u015ffedin; performans, dayan\u0131kl\u0131l\u0131k ve tasar\u0131m hakk\u0131nda detayl\u0131 bilgilere ula\u015f\u0131n. Teknik verilere eri\u015fmek i\u00e7in t\u0131klay\u0131n.\",\"breadcrumb\":{\"@id\":\"https:\/\/www.adofloor.com\/spc-technical-specifications\/#breadcrumb\"},\"inLanguage\":\"tr\",\"potentialAction\":[{\"@type\":\"ReadAction\",\"target\":[\"https:\/\/www.adofloor.com\/spc-technical-specifications\/\"]}]},{\"@type\":\"BreadcrumbList\",\"@id\":\"https:\/\/www.adofloor.com\/spc-technical-specifications\/#breadcrumb\",\"itemListElement\":[{\"@type\":\"ListItem\",\"position\":1,\"name\":\"Home\",\"item\":\"https:\/\/www.adofloor.com\/\"},{\"@type\":\"ListItem\",\"position\":2,\"name\":\"SPC Teknik \u00d6zellikler\"}]},{\"@type\":\"WebSite\",\"@id\":\"https:\/\/www.adofloor.com\/#website\",\"url\":\"https:\/\/www.adofloor.com\/\",\"name\":\"ADOFLOOR\",\"description\":\"\",\"publisher\":{\"@id\":\"https:\/\/www.adofloor.com\/#organization\"},\"potentialAction\":[{\"@type\":\"SearchAction\",\"target\":{\"@type\":\"EntryPoint\",\"urlTemplate\":\"https:\/\/www.adofloor.com\/?s={search_term_string}\"},\"query-input\":\"required name=search_term_string\"}],\"inLanguage\":\"tr\"},{\"@type\":\"Organization\",\"@id\":\"https:\/\/www.adofloor.com\/#organization\",\"name\":\"ADOFLOOR\",\"url\":\"https:\/\/www.adofloor.com\/\",\"logo\":{\"@type\":\"ImageObject\",\"inLanguage\":\"tr\",\"@id\":\"https:\/\/www.adofloor.com\/#\/schema\/logo\/image\/\",\"url\":\"https:\/\/www.adofloor.com\/wp-content\/uploads\/2023\/10\/logo.png\",\"contentUrl\":\"https:\/\/www.adofloor.com\/wp-content\/uploads\/2023\/10\/logo.png\",\"width\":344,\"height\":81,\"caption\":\"ADOFLOOR\"},\"image\":{\"@id\":\"https:\/\/www.adofloor.com\/#\/schema\/logo\/image\/\"}}]}<\/script>\n<!-- \/ Yoast SEO plugin. -->","yoast_head_json":{"title":"SPC Teknik \u00d6zellikler | ADOFLOOR","description":"ADO Floor'un SPC teknik \u00f6zelliklerini ke\u015ffedin; performans, dayan\u0131kl\u0131l\u0131k ve tasar\u0131m hakk\u0131nda detayl\u0131 bilgilere ula\u015f\u0131n. Teknik verilere eri\u015fmek i\u00e7in t\u0131klay\u0131n.","robots":{"index":"index","follow":"follow","max-snippet":"max-snippet:-1","max-image-preview":"max-image-preview:large","max-video-preview":"max-video-preview:-1"},"canonical":"https:\/\/www.adofloor.com\/tr\/wp-json\/wp\/v2\/pages\/30145\/","og_locale":"tr_TR","og_type":"article","og_title":"SPC Teknik \u00d6zellikler | ADOFLOOR","og_description":"ADO Floor'un SPC teknik \u00f6zelliklerini ke\u015ffedin; performans, dayan\u0131kl\u0131l\u0131k ve tasar\u0131m hakk\u0131nda detayl\u0131 bilgilere ula\u015f\u0131n. Teknik verilere eri\u015fmek i\u00e7in t\u0131klay\u0131n.","og_url":"https:\/\/www.adofloor.com\/spc-technical-specifications\/","og_site_name":"ADOFLOOR","article_modified_time":"2025-10-16T13:53:41+00:00","og_image":[{"width":64,"height":64,"url":"https:\/\/www.adofloor.com\/wp-content\/uploads\/2023\/09\/favicon-2.png","type":"image\/png"}],"twitter_card":"summary_large_image","twitter_misc":{"Est. reading time":"1 dakika"},"schema":{"@context":"https:\/\/schema.org","@graph":[{"@type":"WebPage","@id":"https:\/\/www.adofloor.com\/spc-technical-specifications\/","url":"https:\/\/www.adofloor.com\/spc-technical-specifications\/","name":"SPC Teknik \u00d6zellikler | ADOFLOOR","isPartOf":{"@id":"https:\/\/www.adofloor.com\/#website"},"datePublished":"2024-08-29T08:50:30+00:00","dateModified":"2025-10-16T13:53:41+00:00","description":"ADO Floor'un SPC teknik \u00f6zelliklerini ke\u015ffedin; performans, dayan\u0131kl\u0131l\u0131k ve tasar\u0131m hakk\u0131nda detayl\u0131 bilgilere ula\u015f\u0131n. Teknik verilere eri\u015fmek i\u00e7in t\u0131klay\u0131n.","breadcrumb":{"@id":"https:\/\/www.adofloor.com\/spc-technical-specifications\/#breadcrumb"},"inLanguage":"tr","potentialAction":[{"@type":"ReadAction","target":["https:\/\/www.adofloor.com\/spc-technical-specifications\/"]}]},{"@type":"BreadcrumbList","@id":"https:\/\/www.adofloor.com\/spc-technical-specifications\/#breadcrumb","itemListElement":[{"@type":"ListItem","position":1,"name":"Home","item":"https:\/\/www.adofloor.com\/"},{"@type":"ListItem","position":2,"name":"SPC Teknik \u00d6zellikler"}]},{"@type":"WebSite","@id":"https:\/\/www.adofloor.com\/#website","url":"https:\/\/www.adofloor.com\/","name":"ADOFLOOR","description":"","publisher":{"@id":"https:\/\/www.adofloor.com\/#organization"},"potentialAction":[{"@type":"SearchAction","target":{"@type":"EntryPoint","urlTemplate":"https:\/\/www.adofloor.com\/?s={search_term_string}"},"query-input":"required name=search_term_string"}],"inLanguage":"tr"},{"@type":"Organization","@id":"https:\/\/www.adofloor.com\/#organization","name":"ADOFLOOR","url":"https:\/\/www.adofloor.com\/","logo":{"@type":"ImageObject","inLanguage":"tr","@id":"https:\/\/www.adofloor.com\/#\/schema\/logo\/image\/","url":"https:\/\/www.adofloor.com\/wp-content\/uploads\/2023\/10\/logo.png","contentUrl":"https:\/\/www.adofloor.com\/wp-content\/uploads\/2023\/10\/logo.png","width":344,"height":81,"caption":"ADOFLOOR"},"image":{"@id":"https:\/\/www.adofloor.com\/#\/schema\/logo\/image\/"}}]}},"_links":{"self":[{"href":"https:\/\/www.adofloor.com\/tr\/wp-json\/wp\/v2\/pages\/30145"}],"collection":[{"href":"https:\/\/www.adofloor.com\/tr\/wp-json\/wp\/v2\/pages"}],"about":[{"href":"https:\/\/www.adofloor.com\/tr\/wp-json\/wp\/v2\/types\/page"}],"author":[{"embeddable":true,"href":"https:\/\/www.adofloor.com\/tr\/wp-json\/wp\/v2\/users\/1"}],"replies":[{"embeddable":true,"href":"https:\/\/www.adofloor.com\/tr\/wp-json\/wp\/v2\/comments?post=30145"}],"version-history":[{"count":40,"href":"https:\/\/www.adofloor.com\/tr\/wp-json\/wp\/v2\/pages\/30145\/revisions"}],"predecessor-version":[{"id":33043,"href":"https:\/\/www.adofloor.com\/tr\/wp-json\/wp\/v2\/pages\/30145\/revisions\/33043"}],"wp:attachment":[{"href":"https:\/\/www.adofloor.com\/tr\/wp-json\/wp\/v2\/media?parent=30145"}],"curies":[{"name":"wp","href":"https:\/\/api.w.org\/{rel}","templated":true}]}}