{"id":32130,"date":"2024-12-30T10:56:03","date_gmt":"2024-12-30T07:56:03","guid":{"rendered":"https:\/\/adofloor.com\/?page_id=32130"},"modified":"2026-03-13T14:10:20","modified_gmt":"2026-03-13T11:10:20","slug":"brosur","status":"publish","type":"page","link":"https:\/\/www.adofloor.com\/tr\/indirmeler\/brosur\/","title":{"rendered":"Bro\u015f\u00fcr"},"content":{"rendered":"\t\t<div data-elementor-type=\"wp-page\" data-elementor-id=\"32130\" class=\"elementor elementor-32130\" data-elementor-post-type=\"page\">\n\t\t\t\t\t\t\t\t\t<section data-custom-animations=\"true\" data-ca-options=\"{&quot;addChildTimelines&quot;:false,&quot;animationTarget&quot;:&quot;:scope &gt; .elementor-container &gt; .elementor-column&quot;,&quot;ease&quot;:[&quot;power4.out&quot;],&quot;initValues&quot;:{&quot;y&quot;:&quot;40px&quot;,&quot;opacity&quot;:0},&quot;animations&quot;:{&quot;y&quot;:&quot;0px&quot;,&quot;opacity&quot;:1}}\" class=\"elementor-section elementor-top-section elementor-element elementor-element-332f17b elementor-reverse-mobile elementor-section-boxed elementor-section-height-default elementor-section-height-default\" data-id=\"332f17b\" data-element_type=\"section\">\n\t\t\t\t\t\t<div class=\"elementor-container elementor-column-gap-default\">\n\t\t\t\t\t<div class=\"elementor-column elementor-col-100 elementor-top-column elementor-element elementor-element-3b75872\" data-id=\"3b75872\" data-element_type=\"column\">\n\t\t\t<div class=\"elementor-widget-wrap elementor-element-populated\">\n\t\t\t\t\t\t\t\t<div class=\"elementor-element elementor-element-8c353c4 elementor-widget elementor-widget-breadcrumbs\" data-id=\"8c353c4\" data-element_type=\"widget\" data-widget_type=\"breadcrumbs.default\">\n\t\t\t\t<div class=\"elementor-widget-container\">\n\t\t\t<p id=\"breadcrumbs\"><span><span><a href=\"https:\/\/www.adofloor.com\/\">Home<\/a><\/span><\/span><\/p>\t\t<\/div>\n\t\t\t\t<\/div>\n\t\t<div class=\"elementor-element elementor-element-c1bde7e e-flex e-con-boxed e-con\" data-id=\"c1bde7e\" data-element_type=\"container\" data-settings=\"{&quot;content_width&quot;:&quot;boxed&quot;}\">\n\t\t\t\t\t<div class=\"e-con-inner\">\n\t\t<a class=\"elementor-element elementor-element-3d1bc31 e-flex e-con-boxed e-con\" data-id=\"3d1bc31\" data-element_type=\"container\" data-settings=\"{&quot;content_width&quot;:&quot;boxed&quot;}\" href=\"https:\/\/www.adofloor.com\/wp-content\/uploads\/2026\/03\/FORTIKA-A4-BROSUR-EN-2026.pdf\" target=\"_blank\">\n\t\t\t\t\t<div class=\"e-con-inner\">\n\t\t<div class=\"elementor-element elementor-element-4754d37 e-flex e-con-boxed e-con\" data-id=\"4754d37\" data-element_type=\"container\" data-settings=\"{&quot;content_width&quot;:&quot;boxed&quot;}\">\n\t\t\t\t\t<div class=\"e-con-inner\">\n\t\t\t\t<div class=\"elementor-element elementor-element-04a250f elementor-widget__width-initial sertifika-simge elementor-view-default elementor-mobile-position-top elementor-vertical-align-top elementor-widget elementor-widget-icon-box\" data-id=\"04a250f\" data-element_type=\"widget\" data-widget_type=\"icon-box.default\">\n\t\t\t\t<div class=\"elementor-widget-container\">\n\t\t\t\t\t<div class=\"elementor-icon-box-wrapper\">\n\t\t\t\t\t\t<div class=\"elementor-icon-box-icon\">\n\t\t\t\t<span class=\"elementor-icon elementor-animation-\" >\n\t\t\t\t<svg xmlns=\"http:\/\/www.w3.org\/2000\/svg\" width=\"800px\" height=\"800px\" viewBox=\"0 0 48 48\" fill=\"#000000\"><g id=\"SVGRepo_bgCarrier\" stroke-width=\"0\"><\/g><g id=\"SVGRepo_tracerCarrier\" stroke-linecap=\"round\" stroke-linejoin=\"round\"><\/g><g id=\"SVGRepo_iconCarrier\"><defs><style>.a{fill:none;stroke:#777777;stroke-linecap:round;stroke-linejoin:round;}<\/style><\/defs><path class=\"a\" d=\"M39.5,15.5h-9a2,2,0,0,1-2-2v-9h-18a2,2,0,0,0-2,2v35a2,2,0,0,0,2,2h27a2,2,0,0,0,2-2Z\"><\/path><line class=\"a\" x1=\"28.5\" y1=\"4.5\" x2=\"39.5\" y2=\"15.5\"><\/line><\/g><\/svg>\t\t\t\t<\/span>\n\t\t\t<\/div>\n\t\t\t\t\t\t<div class=\"elementor-icon-box-content\">\n\t\t\t\t<h3 class=\"elementor-icon-box-title\">\n\t\t\t\t\t<span  >\n\t\t\t\t\t\t\t\t\t\t\t<\/span>\n\t\t\t\t<\/h3>\n\t\t\t\t\t\t\t<\/div>\n\t\t<\/div>\n\t\t\t\t<\/div>\n\t\t\t\t<\/div>\n\t\t\t\t<div class=\"elementor-element elementor-element-4354c00 elementor-widget elementor-widget-heading\" data-id=\"4354c00\" data-element_type=\"widget\" data-widget_type=\"heading.default\">\n\t\t\t\t<div class=\"elementor-widget-container\">\n\t\t\t<h2 class=\"elementor-heading-title elementor-size-default\">Fortika<\/h2>\t\t<\/div>\n\t\t\t\t<\/div>\n\t\t\t\t<div class=\"elementor-element elementor-element-c40b710 elementor-widget elementor-widget-text-editor\" data-id=\"c40b710\" data-element_type=\"widget\" data-widget_type=\"text-editor.default\">\n\t\t\t\t<div class=\"elementor-widget-container\">\n\t\t\t\t\t\t\t<p>\u0130ncele<\/p>\t\t\t\t\t\t<\/div>\n\t\t\t\t<\/div>\n\t\t\t\t\t<\/div>\n\t\t\t\t<\/div>\n\t\t\t\t<div class=\"elementor-element elementor-element-e36ddac elementor-view-default elementor-widget elementor-widget-icon\" data-id=\"e36ddac\" data-element_type=\"widget\" data-widget_type=\"icon.default\">\n\t\t\t\t<div class=\"elementor-widget-container\">\n\t\t\t\t\t<div class=\"elementor-icon-wrapper\">\n\t\t\t<div class=\"elementor-icon elementor-animation-wobble-vertical\">\n\t\t\t<svg xmlns=\"http:\/\/www.w3.org\/2000\/svg\" width=\"800px\" height=\"800px\" viewBox=\"0 0 25 25\" fill=\"none\"><path d=\"M19.5 17V19.5H5.5V17M17.5 11L12.5 16L7.5 11M12.5 16V4.99998\" stroke=\"#121923\" stroke-width=\"1.2\"><\/path><\/svg>\t\t\t<\/div>\n\t\t<\/div>\n\t\t\t\t<\/div>\n\t\t\t\t<\/div>\n\t\t\t\t\t<\/div>\n\t\t\t\t<\/a>\n\t\t\t\t<div class=\"elementor-element elementor-element-0a98785 elementor-widget__width-auto elementor-widget elementor-widget-spacer\" data-id=\"0a98785\" data-element_type=\"widget\" data-widget_type=\"spacer.default\">\n\t\t\t\t<div class=\"elementor-widget-container\">\n\t\t\t\t\t<div class=\"elementor-spacer\">\n\t\t\t<div class=\"elementor-spacer-inner\"><\/div>\n\t\t<\/div>\n\t\t\t\t<\/div>\n\t\t\t\t<\/div>\n\t\t<a class=\"elementor-element elementor-element-04ddebd e-flex e-con-boxed e-con\" data-id=\"04ddebd\" data-element_type=\"container\" data-settings=\"{&quot;content_width&quot;:&quot;boxed&quot;}\" href=\"https:\/\/www.adofloor.com\/wp-content\/uploads\/2026\/03\/GRIT-A4-BROSUR-EN-2026.pdf\" target=\"_blank\">\n\t\t\t\t\t<div class=\"e-con-inner\">\n\t\t<div class=\"elementor-element elementor-element-7fe23ce e-flex e-con-boxed e-con\" data-id=\"7fe23ce\" data-element_type=\"container\" data-settings=\"{&quot;content_width&quot;:&quot;boxed&quot;}\">\n\t\t\t\t\t<div class=\"e-con-inner\">\n\t\t\t\t<div class=\"elementor-element elementor-element-3390d69 elementor-widget__width-initial sertifika-simge elementor-view-default elementor-mobile-position-top elementor-vertical-align-top elementor-widget elementor-widget-icon-box\" data-id=\"3390d69\" data-element_type=\"widget\" data-widget_type=\"icon-box.default\">\n\t\t\t\t<div class=\"elementor-widget-container\">\n\t\t\t\t\t<div class=\"elementor-icon-box-wrapper\">\n\t\t\t\t\t\t<div class=\"elementor-icon-box-icon\">\n\t\t\t\t<span class=\"elementor-icon elementor-animation-\" >\n\t\t\t\t<svg xmlns=\"http:\/\/www.w3.org\/2000\/svg\" width=\"800px\" height=\"800px\" viewBox=\"0 0 48 48\" fill=\"#000000\"><g id=\"SVGRepo_bgCarrier\" stroke-width=\"0\"><\/g><g id=\"SVGRepo_tracerCarrier\" stroke-linecap=\"round\" stroke-linejoin=\"round\"><\/g><g id=\"SVGRepo_iconCarrier\"><defs><style>.a{fill:none;stroke:#777777;stroke-linecap:round;stroke-linejoin:round;}<\/style><\/defs><path class=\"a\" d=\"M39.5,15.5h-9a2,2,0,0,1-2-2v-9h-18a2,2,0,0,0-2,2v35a2,2,0,0,0,2,2h27a2,2,0,0,0,2-2Z\"><\/path><line class=\"a\" x1=\"28.5\" y1=\"4.5\" x2=\"39.5\" y2=\"15.5\"><\/line><\/g><\/svg>\t\t\t\t<\/span>\n\t\t\t<\/div>\n\t\t\t\t\t\t<div class=\"elementor-icon-box-content\">\n\t\t\t\t<h3 class=\"elementor-icon-box-title\">\n\t\t\t\t\t<span  >\n\t\t\t\t\t\t\t\t\t\t\t<\/span>\n\t\t\t\t<\/h3>\n\t\t\t\t\t\t\t<\/div>\n\t\t<\/div>\n\t\t\t\t<\/div>\n\t\t\t\t<\/div>\n\t\t\t\t<div class=\"elementor-element elementor-element-c060d31 elementor-widget elementor-widget-heading\" data-id=\"c060d31\" data-element_type=\"widget\" data-widget_type=\"heading.default\">\n\t\t\t\t<div class=\"elementor-widget-container\">\n\t\t\t<h2 class=\"elementor-heading-title elementor-size-default\">Grit<\/h2>\t\t<\/div>\n\t\t\t\t<\/div>\n\t\t\t\t<div class=\"elementor-element elementor-element-72ab950 elementor-widget elementor-widget-text-editor\" data-id=\"72ab950\" data-element_type=\"widget\" data-widget_type=\"text-editor.default\">\n\t\t\t\t<div class=\"elementor-widget-container\">\n\t\t\t\t\t\t\t<p>\u0130ncele<\/p>\t\t\t\t\t\t<\/div>\n\t\t\t\t<\/div>\n\t\t\t\t\t<\/div>\n\t\t\t\t<\/div>\n\t\t\t\t<div class=\"elementor-element elementor-element-2bc2433 elementor-view-default elementor-widget elementor-widget-icon\" data-id=\"2bc2433\" data-element_type=\"widget\" data-widget_type=\"icon.default\">\n\t\t\t\t<div class=\"elementor-widget-container\">\n\t\t\t\t\t<div class=\"elementor-icon-wrapper\">\n\t\t\t<div class=\"elementor-icon elementor-animation-wobble-vertical\">\n\t\t\t<svg xmlns=\"http:\/\/www.w3.org\/2000\/svg\" width=\"800px\" height=\"800px\" viewBox=\"0 0 25 25\" fill=\"none\"><path d=\"M19.5 17V19.5H5.5V17M17.5 11L12.5 16L7.5 11M12.5 16V4.99998\" stroke=\"#121923\" stroke-width=\"1.2\"><\/path><\/svg>\t\t\t<\/div>\n\t\t<\/div>\n\t\t\t\t<\/div>\n\t\t\t\t<\/div>\n\t\t\t\t\t<\/div>\n\t\t\t\t<\/a>\n\t\t\t\t<div class=\"elementor-element elementor-element-712ce45 elementor-widget__width-auto elementor-widget elementor-widget-spacer\" data-id=\"712ce45\" data-element_type=\"widget\" data-widget_type=\"spacer.default\">\n\t\t\t\t<div class=\"elementor-widget-container\">\n\t\t\t\t\t<div class=\"elementor-spacer\">\n\t\t\t<div class=\"elementor-spacer-inner\"><\/div>\n\t\t<\/div>\n\t\t\t\t<\/div>\n\t\t\t\t<\/div>\n\t\t<a class=\"elementor-element elementor-element-6e39166 e-flex e-con-boxed e-con\" data-id=\"6e39166\" data-element_type=\"container\" data-settings=\"{&quot;content_width&quot;:&quot;boxed&quot;}\" href=\"https:\/\/www.adofloor.com\/wp-content\/uploads\/2026\/03\/LAAG-A4-BROSUR-EN-2026.pdf\" target=\"_blank\">\n\t\t\t\t\t<div class=\"e-con-inner\">\n\t\t<div class=\"elementor-element elementor-element-f81af7c e-flex e-con-boxed e-con\" data-id=\"f81af7c\" data-element_type=\"container\" data-settings=\"{&quot;content_width&quot;:&quot;boxed&quot;}\">\n\t\t\t\t\t<div class=\"e-con-inner\">\n\t\t\t\t<div class=\"elementor-element elementor-element-a190806 elementor-widget__width-initial sertifika-simge elementor-view-default elementor-mobile-position-top elementor-vertical-align-top elementor-widget elementor-widget-icon-box\" data-id=\"a190806\" data-element_type=\"widget\" data-widget_type=\"icon-box.default\">\n\t\t\t\t<div class=\"elementor-widget-container\">\n\t\t\t\t\t<div class=\"elementor-icon-box-wrapper\">\n\t\t\t\t\t\t<div class=\"elementor-icon-box-icon\">\n\t\t\t\t<span class=\"elementor-icon elementor-animation-\" >\n\t\t\t\t<svg xmlns=\"http:\/\/www.w3.org\/2000\/svg\" width=\"800px\" height=\"800px\" viewBox=\"0 0 48 48\" fill=\"#000000\"><g id=\"SVGRepo_bgCarrier\" stroke-width=\"0\"><\/g><g id=\"SVGRepo_tracerCarrier\" stroke-linecap=\"round\" stroke-linejoin=\"round\"><\/g><g id=\"SVGRepo_iconCarrier\"><defs><style>.a{fill:none;stroke:#777777;stroke-linecap:round;stroke-linejoin:round;}<\/style><\/defs><path class=\"a\" d=\"M39.5,15.5h-9a2,2,0,0,1-2-2v-9h-18a2,2,0,0,0-2,2v35a2,2,0,0,0,2,2h27a2,2,0,0,0,2-2Z\"><\/path><line class=\"a\" x1=\"28.5\" y1=\"4.5\" x2=\"39.5\" y2=\"15.5\"><\/line><\/g><\/svg>\t\t\t\t<\/span>\n\t\t\t<\/div>\n\t\t\t\t\t\t<div class=\"elementor-icon-box-content\">\n\t\t\t\t<h3 class=\"elementor-icon-box-title\">\n\t\t\t\t\t<span  >\n\t\t\t\t\t\t\t\t\t\t\t<\/span>\n\t\t\t\t<\/h3>\n\t\t\t\t\t\t\t<\/div>\n\t\t<\/div>\n\t\t\t\t<\/div>\n\t\t\t\t<\/div>\n\t\t\t\t<div class=\"elementor-element elementor-element-3ffbb8c elementor-widget elementor-widget-heading\" data-id=\"3ffbb8c\" data-element_type=\"widget\" data-widget_type=\"heading.default\">\n\t\t\t\t<div class=\"elementor-widget-container\">\n\t\t\t<h2 class=\"elementor-heading-title elementor-size-default\">Laag<\/h2>\t\t<\/div>\n\t\t\t\t<\/div>\n\t\t\t\t<div class=\"elementor-element elementor-element-55b86f9 elementor-widget elementor-widget-text-editor\" data-id=\"55b86f9\" data-element_type=\"widget\" data-widget_type=\"text-editor.default\">\n\t\t\t\t<div class=\"elementor-widget-container\">\n\t\t\t\t\t\t\t<p>\u0130ncele<\/p>\t\t\t\t\t\t<\/div>\n\t\t\t\t<\/div>\n\t\t\t\t\t<\/div>\n\t\t\t\t<\/div>\n\t\t\t\t<div class=\"elementor-element elementor-element-98d5cfe elementor-view-default elementor-widget elementor-widget-icon\" data-id=\"98d5cfe\" data-element_type=\"widget\" data-widget_type=\"icon.default\">\n\t\t\t\t<div class=\"elementor-widget-container\">\n\t\t\t\t\t<div class=\"elementor-icon-wrapper\">\n\t\t\t<div class=\"elementor-icon elementor-animation-wobble-vertical\">\n\t\t\t<svg xmlns=\"http:\/\/www.w3.org\/2000\/svg\" width=\"800px\" height=\"800px\" viewBox=\"0 0 25 25\" fill=\"none\"><path d=\"M19.5 17V19.5H5.5V17M17.5 11L12.5 16L7.5 11M12.5 16V4.99998\" stroke=\"#121923\" stroke-width=\"1.2\"><\/path><\/svg>\t\t\t<\/div>\n\t\t<\/div>\n\t\t\t\t<\/div>\n\t\t\t\t<\/div>\n\t\t\t\t\t<\/div>\n\t\t\t\t<\/a>\n\t\t\t\t<div class=\"elementor-element elementor-element-cbd4320 elementor-widget__width-auto elementor-hidden-desktop elementor-hidden-laptop elementor-hidden-tablet_extra elementor-hidden-tablet elementor-hidden-mobile_extra elementor-hidden-mobile elementor-widget elementor-widget-spacer\" data-id=\"cbd4320\" data-element_type=\"widget\" data-widget_type=\"spacer.default\">\n\t\t\t\t<div class=\"elementor-widget-container\">\n\t\t\t\t\t<div class=\"elementor-spacer\">\n\t\t\t<div class=\"elementor-spacer-inner\"><\/div>\n\t\t<\/div>\n\t\t\t\t<\/div>\n\t\t\t\t<\/div>\n\t\t<a class=\"elementor-element elementor-element-a4085de e-flex e-con-boxed e-con\" data-id=\"a4085de\" data-element_type=\"container\" data-settings=\"{&quot;content_width&quot;:&quot;boxed&quot;}\" href=\"http:\/\/adofloor.com\/wp-content\/uploads\/2024\/09\/LAAG-Click-Turkish.pdf\">\n\t\t\t\t\t<div class=\"e-con-inner\">\n\t\t\t\t\t<\/div>\n\t\t\t\t<\/a>\n\t\t\t\t\t<\/div>\n\t\t\t\t<\/div>\n\t\t\t\t\t<\/div>\n\t\t<\/div>\n\t\t\t\t\t\t\t<\/div>\n\t\t<\/section>\n\t\t\t\t\t\t\t<\/div>\n\t\t","protected":false},"excerpt":{"rendered":"<p>Fortika \u0130ncele Grit \u0130ncele Laag \u0130ncele<\/p>\n","protected":false},"author":1,"featured_media":0,"parent":32417,"menu_order":0,"comment_status":"closed","ping_status":"closed","template":"","meta":{"footnotes":""},"yoast_head":"<!-- This site is optimized with the Yoast SEO plugin v23.0 - https:\/\/yoast.com\/wordpress\/plugins\/seo\/ -->\n<title>Bro\u015f\u00fcr | ADOFLOOR<\/title>\n<meta name=\"description\" content=\"ADO Floor\u2019un bro\u015f\u00fcr\u00fcn\u00fc indirerek geni\u015f zemin kaplama \u00e7\u00f6z\u00fcmlerimizi, yenilik\u00e7i tasar\u0131mlar\u0131m\u0131z\u0131 ve \u00fcr\u00fcn detaylar\u0131m\u0131z\u0131 ke\u015ffedin. Daha fazla bilgi i\u00e7in t\u0131klay\u0131n.\" \/>\n<meta name=\"robots\" content=\"index, follow, max-snippet:-1, max-image-preview:large, max-video-preview:-1\" \/>\n<link rel=\"canonical\" href=\"https:\/\/www.adofloor.com\/tr\/wp-json\/wp\/v2\/pages\/32130\/\" \/>\n<meta property=\"og:locale\" content=\"tr_TR\" \/>\n<meta property=\"og:type\" content=\"article\" \/>\n<meta property=\"og:title\" content=\"Bro\u015f\u00fcr | ADOFLOOR\" \/>\n<meta property=\"og:description\" content=\"ADO Floor\u2019un bro\u015f\u00fcr\u00fcn\u00fc indirerek geni\u015f zemin kaplama \u00e7\u00f6z\u00fcmlerimizi, yenilik\u00e7i tasar\u0131mlar\u0131m\u0131z\u0131 ve \u00fcr\u00fcn detaylar\u0131m\u0131z\u0131 ke\u015ffedin. Daha fazla bilgi i\u00e7in t\u0131klay\u0131n.\" \/>\n<meta property=\"og:url\" content=\"https:\/\/www.adofloor.com\/tr\/indirmeler\/brosur\/\" \/>\n<meta property=\"og:site_name\" content=\"ADOFLOOR\" \/>\n<meta property=\"article:modified_time\" content=\"2026-03-13T11:10:20+00:00\" \/>\n<meta property=\"og:image\" content=\"https:\/\/www.adofloor.com\/wp-content\/uploads\/2023\/09\/favicon-2.png\" \/>\n\t<meta property=\"og:image:width\" content=\"64\" \/>\n\t<meta property=\"og:image:height\" content=\"64\" \/>\n\t<meta property=\"og:image:type\" content=\"image\/png\" \/>\n<meta name=\"twitter:card\" content=\"summary_large_image\" \/>\n<meta name=\"twitter:label1\" content=\"Est. reading time\" \/>\n\t<meta name=\"twitter:data1\" content=\"1 dakika\" \/>\n<script type=\"application\/ld+json\" class=\"yoast-schema-graph\">{\"@context\":\"https:\/\/schema.org\",\"@graph\":[{\"@type\":\"WebPage\",\"@id\":\"https:\/\/www.adofloor.com\/tr\/indirmeler\/brosur\/\",\"url\":\"https:\/\/www.adofloor.com\/tr\/indirmeler\/brosur\/\",\"name\":\"Bro\u015f\u00fcr | ADOFLOOR\",\"isPartOf\":{\"@id\":\"https:\/\/www.adofloor.com\/#website\"},\"datePublished\":\"2024-12-30T07:56:03+00:00\",\"dateModified\":\"2026-03-13T11:10:20+00:00\",\"description\":\"ADO Floor\u2019un bro\u015f\u00fcr\u00fcn\u00fc indirerek geni\u015f zemin kaplama \u00e7\u00f6z\u00fcmlerimizi, yenilik\u00e7i tasar\u0131mlar\u0131m\u0131z\u0131 ve \u00fcr\u00fcn detaylar\u0131m\u0131z\u0131 ke\u015ffedin. Daha fazla bilgi i\u00e7in t\u0131klay\u0131n.\",\"breadcrumb\":{\"@id\":\"https:\/\/www.adofloor.com\/tr\/indirmeler\/brosur\/#breadcrumb\"},\"inLanguage\":\"tr\",\"potentialAction\":[{\"@type\":\"ReadAction\",\"target\":[\"https:\/\/www.adofloor.com\/tr\/indirmeler\/brosur\/\"]}]},{\"@type\":\"BreadcrumbList\",\"@id\":\"https:\/\/www.adofloor.com\/tr\/indirmeler\/brosur\/#breadcrumb\",\"itemListElement\":[{\"@type\":\"ListItem\",\"position\":1,\"name\":\"Home\",\"item\":\"https:\/\/www.adofloor.com\/\"},{\"@type\":\"ListItem\",\"position\":2,\"name\":\"\u0130ndirmeler\",\"item\":\"https:\/\/www.adofloor.com\/tr\/indirmeler\/\"},{\"@type\":\"ListItem\",\"position\":3,\"name\":\"Bro\u015f\u00fcr\"}]},{\"@type\":\"WebSite\",\"@id\":\"https:\/\/www.adofloor.com\/#website\",\"url\":\"https:\/\/www.adofloor.com\/\",\"name\":\"ADOFLOOR\",\"description\":\"\",\"publisher\":{\"@id\":\"https:\/\/www.adofloor.com\/#organization\"},\"potentialAction\":[{\"@type\":\"SearchAction\",\"target\":{\"@type\":\"EntryPoint\",\"urlTemplate\":\"https:\/\/www.adofloor.com\/?s={search_term_string}\"},\"query-input\":\"required name=search_term_string\"}],\"inLanguage\":\"tr\"},{\"@type\":\"Organization\",\"@id\":\"https:\/\/www.adofloor.com\/#organization\",\"name\":\"ADOFLOOR\",\"url\":\"https:\/\/www.adofloor.com\/\",\"logo\":{\"@type\":\"ImageObject\",\"inLanguage\":\"tr\",\"@id\":\"https:\/\/www.adofloor.com\/#\/schema\/logo\/image\/\",\"url\":\"https:\/\/www.adofloor.com\/wp-content\/uploads\/2023\/10\/logo.png\",\"contentUrl\":\"https:\/\/www.adofloor.com\/wp-content\/uploads\/2023\/10\/logo.png\",\"width\":344,\"height\":81,\"caption\":\"ADOFLOOR\"},\"image\":{\"@id\":\"https:\/\/www.adofloor.com\/#\/schema\/logo\/image\/\"}}]}<\/script>\n<!-- \/ Yoast SEO plugin. -->","yoast_head_json":{"title":"Bro\u015f\u00fcr | ADOFLOOR","description":"ADO Floor\u2019un bro\u015f\u00fcr\u00fcn\u00fc indirerek geni\u015f zemin kaplama \u00e7\u00f6z\u00fcmlerimizi, yenilik\u00e7i tasar\u0131mlar\u0131m\u0131z\u0131 ve \u00fcr\u00fcn detaylar\u0131m\u0131z\u0131 ke\u015ffedin. Daha fazla bilgi i\u00e7in t\u0131klay\u0131n.","robots":{"index":"index","follow":"follow","max-snippet":"max-snippet:-1","max-image-preview":"max-image-preview:large","max-video-preview":"max-video-preview:-1"},"canonical":"https:\/\/www.adofloor.com\/tr\/wp-json\/wp\/v2\/pages\/32130\/","og_locale":"tr_TR","og_type":"article","og_title":"Bro\u015f\u00fcr | ADOFLOOR","og_description":"ADO Floor\u2019un bro\u015f\u00fcr\u00fcn\u00fc indirerek geni\u015f zemin kaplama \u00e7\u00f6z\u00fcmlerimizi, yenilik\u00e7i tasar\u0131mlar\u0131m\u0131z\u0131 ve \u00fcr\u00fcn detaylar\u0131m\u0131z\u0131 ke\u015ffedin. Daha fazla bilgi i\u00e7in t\u0131klay\u0131n.","og_url":"https:\/\/www.adofloor.com\/tr\/indirmeler\/brosur\/","og_site_name":"ADOFLOOR","article_modified_time":"2026-03-13T11:10:20+00:00","og_image":[{"width":64,"height":64,"url":"https:\/\/www.adofloor.com\/wp-content\/uploads\/2023\/09\/favicon-2.png","type":"image\/png"}],"twitter_card":"summary_large_image","twitter_misc":{"Est. reading time":"1 dakika"},"schema":{"@context":"https:\/\/schema.org","@graph":[{"@type":"WebPage","@id":"https:\/\/www.adofloor.com\/tr\/indirmeler\/brosur\/","url":"https:\/\/www.adofloor.com\/tr\/indirmeler\/brosur\/","name":"Bro\u015f\u00fcr | ADOFLOOR","isPartOf":{"@id":"https:\/\/www.adofloor.com\/#website"},"datePublished":"2024-12-30T07:56:03+00:00","dateModified":"2026-03-13T11:10:20+00:00","description":"ADO Floor\u2019un bro\u015f\u00fcr\u00fcn\u00fc indirerek geni\u015f zemin kaplama \u00e7\u00f6z\u00fcmlerimizi, yenilik\u00e7i tasar\u0131mlar\u0131m\u0131z\u0131 ve \u00fcr\u00fcn detaylar\u0131m\u0131z\u0131 ke\u015ffedin. Daha fazla bilgi i\u00e7in t\u0131klay\u0131n.","breadcrumb":{"@id":"https:\/\/www.adofloor.com\/tr\/indirmeler\/brosur\/#breadcrumb"},"inLanguage":"tr","potentialAction":[{"@type":"ReadAction","target":["https:\/\/www.adofloor.com\/tr\/indirmeler\/brosur\/"]}]},{"@type":"BreadcrumbList","@id":"https:\/\/www.adofloor.com\/tr\/indirmeler\/brosur\/#breadcrumb","itemListElement":[{"@type":"ListItem","position":1,"name":"Home","item":"https:\/\/www.adofloor.com\/"},{"@type":"ListItem","position":2,"name":"\u0130ndirmeler","item":"https:\/\/www.adofloor.com\/tr\/indirmeler\/"},{"@type":"ListItem","position":3,"name":"Bro\u015f\u00fcr"}]},{"@type":"WebSite","@id":"https:\/\/www.adofloor.com\/#website","url":"https:\/\/www.adofloor.com\/","name":"ADOFLOOR","description":"","publisher":{"@id":"https:\/\/www.adofloor.com\/#organization"},"potentialAction":[{"@type":"SearchAction","target":{"@type":"EntryPoint","urlTemplate":"https:\/\/www.adofloor.com\/?s={search_term_string}"},"query-input":"required name=search_term_string"}],"inLanguage":"tr"},{"@type":"Organization","@id":"https:\/\/www.adofloor.com\/#organization","name":"ADOFLOOR","url":"https:\/\/www.adofloor.com\/","logo":{"@type":"ImageObject","inLanguage":"tr","@id":"https:\/\/www.adofloor.com\/#\/schema\/logo\/image\/","url":"https:\/\/www.adofloor.com\/wp-content\/uploads\/2023\/10\/logo.png","contentUrl":"https:\/\/www.adofloor.com\/wp-content\/uploads\/2023\/10\/logo.png","width":344,"height":81,"caption":"ADOFLOOR"},"image":{"@id":"https:\/\/www.adofloor.com\/#\/schema\/logo\/image\/"}}]}},"_links":{"self":[{"href":"https:\/\/www.adofloor.com\/tr\/wp-json\/wp\/v2\/pages\/32130"}],"collection":[{"href":"https:\/\/www.adofloor.com\/tr\/wp-json\/wp\/v2\/pages"}],"about":[{"href":"https:\/\/www.adofloor.com\/tr\/wp-json\/wp\/v2\/types\/page"}],"author":[{"embeddable":true,"href":"https:\/\/www.adofloor.com\/tr\/wp-json\/wp\/v2\/users\/1"}],"replies":[{"embeddable":true,"href":"https:\/\/www.adofloor.com\/tr\/wp-json\/wp\/v2\/comments?post=32130"}],"version-history":[{"count":13,"href":"https:\/\/www.adofloor.com\/tr\/wp-json\/wp\/v2\/pages\/32130\/revisions"}],"predecessor-version":[{"id":33771,"href":"https:\/\/www.adofloor.com\/tr\/wp-json\/wp\/v2\/pages\/32130\/revisions\/33771"}],"up":[{"embeddable":true,"href":"https:\/\/www.adofloor.com\/tr\/wp-json\/wp\/v2\/pages\/32417"}],"wp:attachment":[{"href":"https:\/\/www.adofloor.com\/tr\/wp-json\/wp\/v2\/media?parent=32130"}],"curies":[{"name":"wp","href":"https:\/\/api.w.org\/{rel}","templated":true}]}}