{"id":32145,"date":"2024-12-30T11:10:22","date_gmt":"2024-12-30T08:10:22","guid":{"rendered":"https:\/\/adofloor.com\/?page_id=32145"},"modified":"2025-10-16T16:54:00","modified_gmt":"2025-10-16T13:54:00","slug":"teknik-veri-sayfasi","status":"publish","type":"page","link":"https:\/\/www.adofloor.com\/tr\/indirmeler\/teknik-veri-sayfasi\/","title":{"rendered":"Teknik Veri Sayfas\u0131"},"content":{"rendered":"\t\t<div data-elementor-type=\"wp-page\" data-elementor-id=\"32145\" class=\"elementor elementor-32145\" data-elementor-post-type=\"page\">\n\t\t\t\t\t\t\t\t\t<section data-custom-animations=\"true\" data-ca-options=\"{&quot;addChildTimelines&quot;:false,&quot;animationTarget&quot;:&quot;:scope &gt; .elementor-container &gt; .elementor-column&quot;,&quot;ease&quot;:[&quot;power4.out&quot;],&quot;initValues&quot;:{&quot;y&quot;:&quot;40px&quot;,&quot;opacity&quot;:0},&quot;animations&quot;:{&quot;y&quot;:&quot;0px&quot;,&quot;opacity&quot;:1}}\" class=\"elementor-section elementor-top-section elementor-element elementor-element-332f17b elementor-reverse-mobile elementor-section-boxed elementor-section-height-default elementor-section-height-default\" data-id=\"332f17b\" data-element_type=\"section\">\n\t\t\t\t\t\t<div class=\"elementor-container elementor-column-gap-default\">\n\t\t\t\t\t<div class=\"elementor-column elementor-col-100 elementor-top-column elementor-element elementor-element-3b75872\" data-id=\"3b75872\" data-element_type=\"column\">\n\t\t\t<div class=\"elementor-widget-wrap elementor-element-populated\">\n\t\t\t\t\t\t\t\t<div class=\"elementor-element elementor-element-8c353c4 elementor-widget elementor-widget-breadcrumbs\" data-id=\"8c353c4\" data-element_type=\"widget\" data-widget_type=\"breadcrumbs.default\">\n\t\t\t\t<div class=\"elementor-widget-container\">\n\t\t\t<p id=\"breadcrumbs\"><span><span><a href=\"https:\/\/www.adofloor.com\/\">Home<\/a><\/span><\/span><\/p>\t\t<\/div>\n\t\t\t\t<\/div>\n\t\t<div class=\"elementor-element elementor-element-3979ffb e-flex e-con-boxed e-con\" data-id=\"3979ffb\" data-element_type=\"container\" data-settings=\"{&quot;content_width&quot;:&quot;boxed&quot;}\">\n\t\t\t\t\t<div class=\"e-con-inner\">\n\t\t<a class=\"elementor-element elementor-element-42900f2 e-flex e-con-boxed e-con\" data-id=\"42900f2\" data-element_type=\"container\" data-settings=\"{&quot;content_width&quot;:&quot;boxed&quot;}\" href=\"https:\/\/www.adofloor.com\/wp-content\/uploads\/2025\/10\/ADOFLOOR-TEKNIK-SPECT-4mm-2025-TR.pdf\" target=\"_blank\">\n\t\t\t\t\t<div class=\"e-con-inner\">\n\t\t<div class=\"elementor-element elementor-element-465cb8b e-flex e-con-boxed e-con\" data-id=\"465cb8b\" data-element_type=\"container\" data-settings=\"{&quot;content_width&quot;:&quot;boxed&quot;}\">\n\t\t\t\t\t<div class=\"e-con-inner\">\n\t\t\t\t<div class=\"elementor-element elementor-element-9999909 elementor-widget__width-initial sertifika-simge elementor-view-default elementor-mobile-position-top elementor-vertical-align-top elementor-widget elementor-widget-icon-box\" data-id=\"9999909\" data-element_type=\"widget\" data-widget_type=\"icon-box.default\">\n\t\t\t\t<div class=\"elementor-widget-container\">\n\t\t\t\t\t<div class=\"elementor-icon-box-wrapper\">\n\t\t\t\t\t\t<div class=\"elementor-icon-box-icon\">\n\t\t\t\t<span class=\"elementor-icon elementor-animation-\" >\n\t\t\t\t<svg xmlns=\"http:\/\/www.w3.org\/2000\/svg\" width=\"800px\" height=\"800px\" viewBox=\"0 0 48 48\" fill=\"#000000\"><g id=\"SVGRepo_bgCarrier\" stroke-width=\"0\"><\/g><g id=\"SVGRepo_tracerCarrier\" stroke-linecap=\"round\" stroke-linejoin=\"round\"><\/g><g id=\"SVGRepo_iconCarrier\"><defs><style>.a{fill:none;stroke:#777777;stroke-linecap:round;stroke-linejoin:round;}<\/style><\/defs><path class=\"a\" d=\"M39.5,15.5h-9a2,2,0,0,1-2-2v-9h-18a2,2,0,0,0-2,2v35a2,2,0,0,0,2,2h27a2,2,0,0,0,2-2Z\"><\/path><line class=\"a\" x1=\"28.5\" y1=\"4.5\" x2=\"39.5\" y2=\"15.5\"><\/line><\/g><\/svg>\t\t\t\t<\/span>\n\t\t\t<\/div>\n\t\t\t\t\t\t<div class=\"elementor-icon-box-content\">\n\t\t\t\t<h3 class=\"elementor-icon-box-title\">\n\t\t\t\t\t<span  >\n\t\t\t\t\t\t\t\t\t\t\t<\/span>\n\t\t\t\t<\/h3>\n\t\t\t\t\t\t\t<\/div>\n\t\t<\/div>\n\t\t\t\t<\/div>\n\t\t\t\t<\/div>\n\t\t\t\t<div class=\"elementor-element elementor-element-c9a4c42 elementor-widget elementor-widget-heading\" data-id=\"c9a4c42\" data-element_type=\"widget\" data-widget_type=\"heading.default\">\n\t\t\t\t<div class=\"elementor-widget-container\">\n\t\t\t<h2 class=\"elementor-heading-title elementor-size-default\">4mm<\/h2>\t\t<\/div>\n\t\t\t\t<\/div>\n\t\t\t\t<div class=\"elementor-element elementor-element-2f14acf elementor-widget elementor-widget-text-editor\" data-id=\"2f14acf\" data-element_type=\"widget\" data-widget_type=\"text-editor.default\">\n\t\t\t\t<div class=\"elementor-widget-container\">\n\t\t\t\t\t\t\t<p>\u0130ncele<\/p>\t\t\t\t\t\t<\/div>\n\t\t\t\t<\/div>\n\t\t\t\t\t<\/div>\n\t\t\t\t<\/div>\n\t\t\t\t<div class=\"elementor-element elementor-element-175c3de elementor-view-default elementor-widget elementor-widget-icon\" data-id=\"175c3de\" data-element_type=\"widget\" data-widget_type=\"icon.default\">\n\t\t\t\t<div class=\"elementor-widget-container\">\n\t\t\t\t\t<div class=\"elementor-icon-wrapper\">\n\t\t\t<div class=\"elementor-icon elementor-animation-wobble-vertical\">\n\t\t\t<svg xmlns=\"http:\/\/www.w3.org\/2000\/svg\" width=\"800px\" height=\"800px\" viewBox=\"0 0 25 25\" fill=\"none\"><path d=\"M19.5 17V19.5H5.5V17M17.5 11L12.5 16L7.5 11M12.5 16V4.99998\" stroke=\"#121923\" stroke-width=\"1.2\"><\/path><\/svg>\t\t\t<\/div>\n\t\t<\/div>\n\t\t\t\t<\/div>\n\t\t\t\t<\/div>\n\t\t\t\t\t<\/div>\n\t\t\t\t<\/a>\n\t\t\t\t<div class=\"elementor-element elementor-element-54f1c07 elementor-widget__width-auto elementor-widget elementor-widget-spacer\" data-id=\"54f1c07\" data-element_type=\"widget\" data-widget_type=\"spacer.default\">\n\t\t\t\t<div class=\"elementor-widget-container\">\n\t\t\t\t\t<div class=\"elementor-spacer\">\n\t\t\t<div class=\"elementor-spacer-inner\"><\/div>\n\t\t<\/div>\n\t\t\t\t<\/div>\n\t\t\t\t<\/div>\n\t\t<a class=\"elementor-element elementor-element-a99e0ec e-flex e-con-boxed e-con\" data-id=\"a99e0ec\" data-element_type=\"container\" data-settings=\"{&quot;content_width&quot;:&quot;boxed&quot;}\" href=\"https:\/\/www.adofloor.com\/wp-content\/uploads\/2025\/10\/ADOFLOOR-TEKNIK-SPECT-5mm-2025-TR.pdf\" target=\"_blank\">\n\t\t\t\t\t<div class=\"e-con-inner\">\n\t\t<div class=\"elementor-element elementor-element-2215bcd e-flex e-con-boxed e-con\" data-id=\"2215bcd\" data-element_type=\"container\" data-settings=\"{&quot;content_width&quot;:&quot;boxed&quot;}\">\n\t\t\t\t\t<div class=\"e-con-inner\">\n\t\t\t\t<div class=\"elementor-element elementor-element-c16017d elementor-widget__width-initial sertifika-simge elementor-view-default elementor-mobile-position-top elementor-vertical-align-top elementor-widget elementor-widget-icon-box\" data-id=\"c16017d\" data-element_type=\"widget\" data-widget_type=\"icon-box.default\">\n\t\t\t\t<div class=\"elementor-widget-container\">\n\t\t\t\t\t<div class=\"elementor-icon-box-wrapper\">\n\t\t\t\t\t\t<div class=\"elementor-icon-box-icon\">\n\t\t\t\t<span class=\"elementor-icon elementor-animation-\" >\n\t\t\t\t<svg xmlns=\"http:\/\/www.w3.org\/2000\/svg\" width=\"800px\" height=\"800px\" viewBox=\"0 0 48 48\" fill=\"#000000\"><g id=\"SVGRepo_bgCarrier\" stroke-width=\"0\"><\/g><g id=\"SVGRepo_tracerCarrier\" stroke-linecap=\"round\" stroke-linejoin=\"round\"><\/g><g id=\"SVGRepo_iconCarrier\"><defs><style>.a{fill:none;stroke:#777777;stroke-linecap:round;stroke-linejoin:round;}<\/style><\/defs><path class=\"a\" d=\"M39.5,15.5h-9a2,2,0,0,1-2-2v-9h-18a2,2,0,0,0-2,2v35a2,2,0,0,0,2,2h27a2,2,0,0,0,2-2Z\"><\/path><line class=\"a\" x1=\"28.5\" y1=\"4.5\" x2=\"39.5\" y2=\"15.5\"><\/line><\/g><\/svg>\t\t\t\t<\/span>\n\t\t\t<\/div>\n\t\t\t\t\t\t<div class=\"elementor-icon-box-content\">\n\t\t\t\t<h3 class=\"elementor-icon-box-title\">\n\t\t\t\t\t<span  >\n\t\t\t\t\t\t\t\t\t\t\t<\/span>\n\t\t\t\t<\/h3>\n\t\t\t\t\t\t\t<\/div>\n\t\t<\/div>\n\t\t\t\t<\/div>\n\t\t\t\t<\/div>\n\t\t\t\t<div class=\"elementor-element elementor-element-c38c44e elementor-widget elementor-widget-heading\" data-id=\"c38c44e\" data-element_type=\"widget\" data-widget_type=\"heading.default\">\n\t\t\t\t<div class=\"elementor-widget-container\">\n\t\t\t<h2 class=\"elementor-heading-title elementor-size-default\">5mm<\/h2>\t\t<\/div>\n\t\t\t\t<\/div>\n\t\t\t\t<div class=\"elementor-element elementor-element-64e8106 elementor-widget elementor-widget-text-editor\" data-id=\"64e8106\" data-element_type=\"widget\" data-widget_type=\"text-editor.default\">\n\t\t\t\t<div class=\"elementor-widget-container\">\n\t\t\t\t\t\t\t<p>\u0130ncele<\/p>\t\t\t\t\t\t<\/div>\n\t\t\t\t<\/div>\n\t\t\t\t\t<\/div>\n\t\t\t\t<\/div>\n\t\t\t\t<div class=\"elementor-element elementor-element-d88e10f elementor-view-default elementor-widget elementor-widget-icon\" data-id=\"d88e10f\" data-element_type=\"widget\" data-widget_type=\"icon.default\">\n\t\t\t\t<div class=\"elementor-widget-container\">\n\t\t\t\t\t<div class=\"elementor-icon-wrapper\">\n\t\t\t<div class=\"elementor-icon elementor-animation-wobble-vertical\">\n\t\t\t<svg xmlns=\"http:\/\/www.w3.org\/2000\/svg\" width=\"800px\" height=\"800px\" viewBox=\"0 0 25 25\" fill=\"none\"><path d=\"M19.5 17V19.5H5.5V17M17.5 11L12.5 16L7.5 11M12.5 16V4.99998\" stroke=\"#121923\" stroke-width=\"1.2\"><\/path><\/svg>\t\t\t<\/div>\n\t\t<\/div>\n\t\t\t\t<\/div>\n\t\t\t\t<\/div>\n\t\t\t\t\t<\/div>\n\t\t\t\t<\/a>\n\t\t\t\t<div class=\"elementor-element elementor-element-5a36dfd elementor-widget__width-auto elementor-widget elementor-widget-spacer\" data-id=\"5a36dfd\" data-element_type=\"widget\" data-widget_type=\"spacer.default\">\n\t\t\t\t<div class=\"elementor-widget-container\">\n\t\t\t\t\t<div class=\"elementor-spacer\">\n\t\t\t<div class=\"elementor-spacer-inner\"><\/div>\n\t\t<\/div>\n\t\t\t\t<\/div>\n\t\t\t\t<\/div>\n\t\t<a class=\"elementor-element elementor-element-4801286 e-flex e-con-boxed e-con\" data-id=\"4801286\" data-element_type=\"container\" data-settings=\"{&quot;content_width&quot;:&quot;boxed&quot;}\" href=\"https:\/\/www.adofloor.com\/wp-content\/uploads\/2025\/10\/ADOFLOOR-TEKNIK-SPECT-6mm-2025-TR.pdf\" target=\"_blank\">\n\t\t\t\t\t<div class=\"e-con-inner\">\n\t\t<div class=\"elementor-element elementor-element-37dca15 e-flex e-con-boxed e-con\" data-id=\"37dca15\" data-element_type=\"container\" data-settings=\"{&quot;content_width&quot;:&quot;boxed&quot;}\">\n\t\t\t\t\t<div class=\"e-con-inner\">\n\t\t\t\t<div class=\"elementor-element elementor-element-daf23f4 elementor-widget__width-initial sertifika-simge elementor-view-default elementor-mobile-position-top elementor-vertical-align-top elementor-widget elementor-widget-icon-box\" data-id=\"daf23f4\" data-element_type=\"widget\" data-widget_type=\"icon-box.default\">\n\t\t\t\t<div class=\"elementor-widget-container\">\n\t\t\t\t\t<div class=\"elementor-icon-box-wrapper\">\n\t\t\t\t\t\t<div class=\"elementor-icon-box-icon\">\n\t\t\t\t<span class=\"elementor-icon elementor-animation-\" >\n\t\t\t\t<svg xmlns=\"http:\/\/www.w3.org\/2000\/svg\" width=\"800px\" height=\"800px\" viewBox=\"0 0 48 48\" fill=\"#000000\"><g id=\"SVGRepo_bgCarrier\" stroke-width=\"0\"><\/g><g id=\"SVGRepo_tracerCarrier\" stroke-linecap=\"round\" stroke-linejoin=\"round\"><\/g><g id=\"SVGRepo_iconCarrier\"><defs><style>.a{fill:none;stroke:#777777;stroke-linecap:round;stroke-linejoin:round;}<\/style><\/defs><path class=\"a\" d=\"M39.5,15.5h-9a2,2,0,0,1-2-2v-9h-18a2,2,0,0,0-2,2v35a2,2,0,0,0,2,2h27a2,2,0,0,0,2-2Z\"><\/path><line class=\"a\" x1=\"28.5\" y1=\"4.5\" x2=\"39.5\" y2=\"15.5\"><\/line><\/g><\/svg>\t\t\t\t<\/span>\n\t\t\t<\/div>\n\t\t\t\t\t\t<div class=\"elementor-icon-box-content\">\n\t\t\t\t<h3 class=\"elementor-icon-box-title\">\n\t\t\t\t\t<span  >\n\t\t\t\t\t\t\t\t\t\t\t<\/span>\n\t\t\t\t<\/h3>\n\t\t\t\t\t\t\t<\/div>\n\t\t<\/div>\n\t\t\t\t<\/div>\n\t\t\t\t<\/div>\n\t\t\t\t<div class=\"elementor-element elementor-element-852308d elementor-widget elementor-widget-heading\" data-id=\"852308d\" data-element_type=\"widget\" data-widget_type=\"heading.default\">\n\t\t\t\t<div class=\"elementor-widget-container\">\n\t\t\t<h2 class=\"elementor-heading-title elementor-size-default\">6mm<\/h2>\t\t<\/div>\n\t\t\t\t<\/div>\n\t\t\t\t<div class=\"elementor-element elementor-element-725f845 elementor-widget elementor-widget-text-editor\" data-id=\"725f845\" data-element_type=\"widget\" data-widget_type=\"text-editor.default\">\n\t\t\t\t<div class=\"elementor-widget-container\">\n\t\t\t\t\t\t\t<p>\u0130ncele<\/p>\t\t\t\t\t\t<\/div>\n\t\t\t\t<\/div>\n\t\t\t\t\t<\/div>\n\t\t\t\t<\/div>\n\t\t\t\t<div class=\"elementor-element elementor-element-289771b elementor-view-default elementor-widget elementor-widget-icon\" data-id=\"289771b\" data-element_type=\"widget\" data-widget_type=\"icon.default\">\n\t\t\t\t<div class=\"elementor-widget-container\">\n\t\t\t\t\t<div class=\"elementor-icon-wrapper\">\n\t\t\t<div class=\"elementor-icon elementor-animation-wobble-vertical\">\n\t\t\t<svg xmlns=\"http:\/\/www.w3.org\/2000\/svg\" width=\"800px\" height=\"800px\" viewBox=\"0 0 25 25\" fill=\"none\"><path d=\"M19.5 17V19.5H5.5V17M17.5 11L12.5 16L7.5 11M12.5 16V4.99998\" stroke=\"#121923\" stroke-width=\"1.2\"><\/path><\/svg>\t\t\t<\/div>\n\t\t<\/div>\n\t\t\t\t<\/div>\n\t\t\t\t<\/div>\n\t\t\t\t\t<\/div>\n\t\t\t\t<\/a>\n\t\t\t\t<div class=\"elementor-element elementor-element-30e3588 elementor-widget__width-auto elementor-widget elementor-widget-spacer\" data-id=\"30e3588\" data-element_type=\"widget\" data-widget_type=\"spacer.default\">\n\t\t\t\t<div class=\"elementor-widget-container\">\n\t\t\t\t\t<div class=\"elementor-spacer\">\n\t\t\t<div class=\"elementor-spacer-inner\"><\/div>\n\t\t<\/div>\n\t\t\t\t<\/div>\n\t\t\t\t<\/div>\n\t\t<a class=\"elementor-element elementor-element-f55d4a3 e-flex e-con-boxed e-con\" data-id=\"f55d4a3\" data-element_type=\"container\" data-settings=\"{&quot;content_width&quot;:&quot;boxed&quot;}\" href=\"http:\/\/adofloor.com\/wp-content\/uploads\/2024\/09\/LAAG-Click-Turkish.pdf\">\n\t\t\t\t\t<div class=\"e-con-inner\">\n\t\t\t\t\t<\/div>\n\t\t\t\t<\/a>\n\t\t\t\t\t<\/div>\n\t\t\t\t<\/div>\n\t\t\t\t\t<\/div>\n\t\t<\/div>\n\t\t\t\t\t\t\t<\/div>\n\t\t<\/section>\n\t\t\t\t\t\t\t<\/div>\n\t\t","protected":false},"excerpt":{"rendered":"<p>4mm \u0130ncele 5mm \u0130ncele 6mm \u0130ncele<\/p>\n","protected":false},"author":1,"featured_media":0,"parent":32417,"menu_order":0,"comment_status":"closed","ping_status":"closed","template":"","meta":{"footnotes":""},"yoast_head":"<!-- This site is optimized with the Yoast SEO plugin v23.0 - https:\/\/yoast.com\/wordpress\/plugins\/seo\/ -->\n<title>Teknik Veri Sayfas\u0131 | ADOFLOOR<\/title>\n<meta name=\"description\" content=\"ADO Floor\u2019un teknik veri sayfalar\u0131n\u0131 (TDS) indirerek detayl\u0131 \u00fcr\u00fcn \u00f6zellikleri ve performans bilgilerine ula\u015f\u0131n. Teknik detaylar\u0131 ke\u015ffetmek i\u00e7in t\u0131klay\u0131n.\" \/>\n<meta name=\"robots\" content=\"index, follow, max-snippet:-1, max-image-preview:large, max-video-preview:-1\" \/>\n<link rel=\"canonical\" href=\"https:\/\/www.adofloor.com\/tr\/wp-json\/wp\/v2\/pages\/32145\/\" \/>\n<meta property=\"og:locale\" content=\"tr_TR\" \/>\n<meta property=\"og:type\" content=\"article\" \/>\n<meta property=\"og:title\" content=\"Teknik Veri Sayfas\u0131 | ADOFLOOR\" \/>\n<meta property=\"og:description\" content=\"ADO Floor\u2019un teknik veri sayfalar\u0131n\u0131 (TDS) indirerek detayl\u0131 \u00fcr\u00fcn \u00f6zellikleri ve performans bilgilerine ula\u015f\u0131n. Teknik detaylar\u0131 ke\u015ffetmek i\u00e7in t\u0131klay\u0131n.\" \/>\n<meta property=\"og:url\" content=\"https:\/\/www.adofloor.com\/tr\/indirmeler\/teknik-veri-sayfasi\/\" \/>\n<meta property=\"og:site_name\" content=\"ADOFLOOR\" \/>\n<meta property=\"article:modified_time\" content=\"2025-10-16T13:54:00+00:00\" \/>\n<meta property=\"og:image\" content=\"https:\/\/www.adofloor.com\/wp-content\/uploads\/2023\/09\/favicon-2.png\" \/>\n\t<meta property=\"og:image:width\" content=\"64\" \/>\n\t<meta property=\"og:image:height\" content=\"64\" \/>\n\t<meta property=\"og:image:type\" content=\"image\/png\" \/>\n<meta name=\"twitter:card\" content=\"summary_large_image\" \/>\n<meta name=\"twitter:label1\" content=\"Est. reading time\" \/>\n\t<meta name=\"twitter:data1\" content=\"1 dakika\" \/>\n<script type=\"application\/ld+json\" class=\"yoast-schema-graph\">{\"@context\":\"https:\/\/schema.org\",\"@graph\":[{\"@type\":\"WebPage\",\"@id\":\"https:\/\/www.adofloor.com\/tr\/indirmeler\/teknik-veri-sayfasi\/\",\"url\":\"https:\/\/www.adofloor.com\/tr\/indirmeler\/teknik-veri-sayfasi\/\",\"name\":\"Teknik Veri Sayfas\u0131 | ADOFLOOR\",\"isPartOf\":{\"@id\":\"https:\/\/www.adofloor.com\/#website\"},\"datePublished\":\"2024-12-30T08:10:22+00:00\",\"dateModified\":\"2025-10-16T13:54:00+00:00\",\"description\":\"ADO Floor\u2019un teknik veri sayfalar\u0131n\u0131 (TDS) indirerek detayl\u0131 \u00fcr\u00fcn \u00f6zellikleri ve performans bilgilerine ula\u015f\u0131n. Teknik detaylar\u0131 ke\u015ffetmek i\u00e7in t\u0131klay\u0131n.\",\"breadcrumb\":{\"@id\":\"https:\/\/www.adofloor.com\/tr\/indirmeler\/teknik-veri-sayfasi\/#breadcrumb\"},\"inLanguage\":\"tr\",\"potentialAction\":[{\"@type\":\"ReadAction\",\"target\":[\"https:\/\/www.adofloor.com\/tr\/indirmeler\/teknik-veri-sayfasi\/\"]}]},{\"@type\":\"BreadcrumbList\",\"@id\":\"https:\/\/www.adofloor.com\/tr\/indirmeler\/teknik-veri-sayfasi\/#breadcrumb\",\"itemListElement\":[{\"@type\":\"ListItem\",\"position\":1,\"name\":\"Home\",\"item\":\"https:\/\/www.adofloor.com\/\"},{\"@type\":\"ListItem\",\"position\":2,\"name\":\"\u0130ndirmeler\",\"item\":\"https:\/\/www.adofloor.com\/tr\/indirmeler\/\"},{\"@type\":\"ListItem\",\"position\":3,\"name\":\"Teknik Veri Sayfas\u0131\"}]},{\"@type\":\"WebSite\",\"@id\":\"https:\/\/www.adofloor.com\/#website\",\"url\":\"https:\/\/www.adofloor.com\/\",\"name\":\"ADOFLOOR\",\"description\":\"\",\"publisher\":{\"@id\":\"https:\/\/www.adofloor.com\/#organization\"},\"potentialAction\":[{\"@type\":\"SearchAction\",\"target\":{\"@type\":\"EntryPoint\",\"urlTemplate\":\"https:\/\/www.adofloor.com\/?s={search_term_string}\"},\"query-input\":\"required name=search_term_string\"}],\"inLanguage\":\"tr\"},{\"@type\":\"Organization\",\"@id\":\"https:\/\/www.adofloor.com\/#organization\",\"name\":\"ADOFLOOR\",\"url\":\"https:\/\/www.adofloor.com\/\",\"logo\":{\"@type\":\"ImageObject\",\"inLanguage\":\"tr\",\"@id\":\"https:\/\/www.adofloor.com\/#\/schema\/logo\/image\/\",\"url\":\"https:\/\/www.adofloor.com\/wp-content\/uploads\/2023\/10\/logo.png\",\"contentUrl\":\"https:\/\/www.adofloor.com\/wp-content\/uploads\/2023\/10\/logo.png\",\"width\":344,\"height\":81,\"caption\":\"ADOFLOOR\"},\"image\":{\"@id\":\"https:\/\/www.adofloor.com\/#\/schema\/logo\/image\/\"}}]}<\/script>\n<!-- \/ Yoast SEO plugin. -->","yoast_head_json":{"title":"Teknik Veri Sayfas\u0131 | ADOFLOOR","description":"ADO Floor\u2019un teknik veri sayfalar\u0131n\u0131 (TDS) indirerek detayl\u0131 \u00fcr\u00fcn \u00f6zellikleri ve performans bilgilerine ula\u015f\u0131n. Teknik detaylar\u0131 ke\u015ffetmek i\u00e7in t\u0131klay\u0131n.","robots":{"index":"index","follow":"follow","max-snippet":"max-snippet:-1","max-image-preview":"max-image-preview:large","max-video-preview":"max-video-preview:-1"},"canonical":"https:\/\/www.adofloor.com\/tr\/wp-json\/wp\/v2\/pages\/32145\/","og_locale":"tr_TR","og_type":"article","og_title":"Teknik Veri Sayfas\u0131 | ADOFLOOR","og_description":"ADO Floor\u2019un teknik veri sayfalar\u0131n\u0131 (TDS) indirerek detayl\u0131 \u00fcr\u00fcn \u00f6zellikleri ve performans bilgilerine ula\u015f\u0131n. Teknik detaylar\u0131 ke\u015ffetmek i\u00e7in t\u0131klay\u0131n.","og_url":"https:\/\/www.adofloor.com\/tr\/indirmeler\/teknik-veri-sayfasi\/","og_site_name":"ADOFLOOR","article_modified_time":"2025-10-16T13:54:00+00:00","og_image":[{"width":64,"height":64,"url":"https:\/\/www.adofloor.com\/wp-content\/uploads\/2023\/09\/favicon-2.png","type":"image\/png"}],"twitter_card":"summary_large_image","twitter_misc":{"Est. reading time":"1 dakika"},"schema":{"@context":"https:\/\/schema.org","@graph":[{"@type":"WebPage","@id":"https:\/\/www.adofloor.com\/tr\/indirmeler\/teknik-veri-sayfasi\/","url":"https:\/\/www.adofloor.com\/tr\/indirmeler\/teknik-veri-sayfasi\/","name":"Teknik Veri Sayfas\u0131 | ADOFLOOR","isPartOf":{"@id":"https:\/\/www.adofloor.com\/#website"},"datePublished":"2024-12-30T08:10:22+00:00","dateModified":"2025-10-16T13:54:00+00:00","description":"ADO Floor\u2019un teknik veri sayfalar\u0131n\u0131 (TDS) indirerek detayl\u0131 \u00fcr\u00fcn \u00f6zellikleri ve performans bilgilerine ula\u015f\u0131n. Teknik detaylar\u0131 ke\u015ffetmek i\u00e7in t\u0131klay\u0131n.","breadcrumb":{"@id":"https:\/\/www.adofloor.com\/tr\/indirmeler\/teknik-veri-sayfasi\/#breadcrumb"},"inLanguage":"tr","potentialAction":[{"@type":"ReadAction","target":["https:\/\/www.adofloor.com\/tr\/indirmeler\/teknik-veri-sayfasi\/"]}]},{"@type":"BreadcrumbList","@id":"https:\/\/www.adofloor.com\/tr\/indirmeler\/teknik-veri-sayfasi\/#breadcrumb","itemListElement":[{"@type":"ListItem","position":1,"name":"Home","item":"https:\/\/www.adofloor.com\/"},{"@type":"ListItem","position":2,"name":"\u0130ndirmeler","item":"https:\/\/www.adofloor.com\/tr\/indirmeler\/"},{"@type":"ListItem","position":3,"name":"Teknik Veri Sayfas\u0131"}]},{"@type":"WebSite","@id":"https:\/\/www.adofloor.com\/#website","url":"https:\/\/www.adofloor.com\/","name":"ADOFLOOR","description":"","publisher":{"@id":"https:\/\/www.adofloor.com\/#organization"},"potentialAction":[{"@type":"SearchAction","target":{"@type":"EntryPoint","urlTemplate":"https:\/\/www.adofloor.com\/?s={search_term_string}"},"query-input":"required name=search_term_string"}],"inLanguage":"tr"},{"@type":"Organization","@id":"https:\/\/www.adofloor.com\/#organization","name":"ADOFLOOR","url":"https:\/\/www.adofloor.com\/","logo":{"@type":"ImageObject","inLanguage":"tr","@id":"https:\/\/www.adofloor.com\/#\/schema\/logo\/image\/","url":"https:\/\/www.adofloor.com\/wp-content\/uploads\/2023\/10\/logo.png","contentUrl":"https:\/\/www.adofloor.com\/wp-content\/uploads\/2023\/10\/logo.png","width":344,"height":81,"caption":"ADOFLOOR"},"image":{"@id":"https:\/\/www.adofloor.com\/#\/schema\/logo\/image\/"}}]}},"_links":{"self":[{"href":"https:\/\/www.adofloor.com\/tr\/wp-json\/wp\/v2\/pages\/32145"}],"collection":[{"href":"https:\/\/www.adofloor.com\/tr\/wp-json\/wp\/v2\/pages"}],"about":[{"href":"https:\/\/www.adofloor.com\/tr\/wp-json\/wp\/v2\/types\/page"}],"author":[{"embeddable":true,"href":"https:\/\/www.adofloor.com\/tr\/wp-json\/wp\/v2\/users\/1"}],"replies":[{"embeddable":true,"href":"https:\/\/www.adofloor.com\/tr\/wp-json\/wp\/v2\/comments?post=32145"}],"version-history":[{"count":19,"href":"https:\/\/www.adofloor.com\/tr\/wp-json\/wp\/v2\/pages\/32145\/revisions"}],"predecessor-version":[{"id":33046,"href":"https:\/\/www.adofloor.com\/tr\/wp-json\/wp\/v2\/pages\/32145\/revisions\/33046"}],"up":[{"embeddable":true,"href":"https:\/\/www.adofloor.com\/tr\/wp-json\/wp\/v2\/pages\/32417"}],"wp:attachment":[{"href":"https:\/\/www.adofloor.com\/tr\/wp-json\/wp\/v2\/media?parent=32145"}],"curies":[{"name":"wp","href":"https:\/\/api.w.org\/{rel}","templated":true}]}}