{"id":32166,"date":"2024-12-30T11:16:38","date_gmt":"2024-12-30T08:16:38","guid":{"rendered":"https:\/\/adofloor.com\/?page_id=32166"},"modified":"2025-01-31T10:56:22","modified_gmt":"2025-01-31T07:56:22","slug":"onarim-talimatlari","status":"publish","type":"page","link":"https:\/\/www.adofloor.com\/tr\/indirmeler\/onarim-talimatlari\/","title":{"rendered":"Onar\u0131m Talimatlar\u0131"},"content":{"rendered":"\t\t<div data-elementor-type=\"wp-page\" data-elementor-id=\"32166\" class=\"elementor elementor-32166\" data-elementor-post-type=\"page\">\n\t\t\t\t\t\t\t\t\t<section data-custom-animations=\"true\" data-ca-options=\"{&quot;addChildTimelines&quot;:false,&quot;animationTarget&quot;:&quot;:scope &gt; .elementor-container &gt; .elementor-column&quot;,&quot;ease&quot;:[&quot;power4.out&quot;],&quot;initValues&quot;:{&quot;y&quot;:&quot;40px&quot;,&quot;opacity&quot;:0},&quot;animations&quot;:{&quot;y&quot;:&quot;0px&quot;,&quot;opacity&quot;:1}}\" class=\"elementor-section elementor-top-section elementor-element elementor-element-332f17b elementor-reverse-mobile elementor-section-boxed elementor-section-height-default elementor-section-height-default\" data-id=\"332f17b\" data-element_type=\"section\">\n\t\t\t\t\t\t<div class=\"elementor-container elementor-column-gap-default\">\n\t\t\t\t\t<div class=\"elementor-column elementor-col-100 elementor-top-column elementor-element elementor-element-3b75872\" data-id=\"3b75872\" data-element_type=\"column\">\n\t\t\t<div class=\"elementor-widget-wrap elementor-element-populated\">\n\t\t\t\t\t\t\t\t<div class=\"elementor-element elementor-element-8c353c4 elementor-widget elementor-widget-breadcrumbs\" data-id=\"8c353c4\" data-element_type=\"widget\" data-widget_type=\"breadcrumbs.default\">\n\t\t\t\t<div class=\"elementor-widget-container\">\n\t\t\t<p id=\"breadcrumbs\"><span><span><a href=\"https:\/\/www.adofloor.com\/\">Home<\/a><\/span><\/span><\/p>\t\t<\/div>\n\t\t\t\t<\/div>\n\t\t<div class=\"elementor-element elementor-element-e9f7e65 e-flex e-con-boxed e-con\" data-id=\"e9f7e65\" data-element_type=\"container\" data-settings=\"{&quot;content_width&quot;:&quot;boxed&quot;}\">\n\t\t\t\t\t<div class=\"e-con-inner\">\n\t\t\t\t<div class=\"elementor-element elementor-element-695714c elementor-widget elementor-widget-video\" data-id=\"695714c\" data-element_type=\"widget\" data-settings=\"{&quot;youtube_url&quot;:&quot;https:\\\/\\\/www.youtube.com\\\/watch?v=PT01anOuVYc&quot;,&quot;video_type&quot;:&quot;youtube&quot;,&quot;controls&quot;:&quot;yes&quot;}\" data-widget_type=\"video.default\">\n\t\t\t\t<div class=\"elementor-widget-container\">\n\t\t\t\t\t<div class=\"elementor-wrapper elementor-open-inline\">\n\t\t\t<div class=\"elementor-video\"><\/div>\t\t<\/div>\n\t\t\t\t<\/div>\n\t\t\t\t<\/div>\n\t\t\t\t\t<\/div>\n\t\t\t\t<\/div>\n\t\t\t\t\t<\/div>\n\t\t<\/div>\n\t\t\t\t\t\t\t<\/div>\n\t\t<\/section>\n\t\t\t\t\t\t\t<\/div>\n\t\t","protected":false},"excerpt":{"rendered":"","protected":false},"author":1,"featured_media":0,"parent":32417,"menu_order":0,"comment_status":"closed","ping_status":"closed","template":"","meta":{"footnotes":""},"yoast_head":"<!-- This site is optimized with the Yoast SEO plugin v23.0 - https:\/\/yoast.com\/wordpress\/plugins\/seo\/ -->\n<title>Onar\u0131m Talimatlar\u0131 | ADOFLOOR<\/title>\n<meta name=\"description\" content=\"ADO Floor\u2019un onar\u0131m talimatlar\u0131n\u0131 indirerek zeminlerinizi nas\u0131l etkili bir \u015fekilde tamir edip bak\u0131m\u0131n\u0131 yapaca\u011f\u0131n\u0131z\u0131 \u00f6\u011frenin. Rehber ve \u00e7\u00f6z\u00fcmler i\u00e7in t\u0131klay\u0131n.\" \/>\n<meta name=\"robots\" content=\"index, follow, max-snippet:-1, max-image-preview:large, max-video-preview:-1\" \/>\n<link rel=\"canonical\" href=\"https:\/\/www.adofloor.com\/tr\/wp-json\/wp\/v2\/pages\/32166\/\" \/>\n<meta property=\"og:locale\" content=\"tr_TR\" \/>\n<meta property=\"og:type\" content=\"article\" \/>\n<meta property=\"og:title\" content=\"Onar\u0131m Talimatlar\u0131 | ADOFLOOR\" \/>\n<meta property=\"og:description\" content=\"ADO Floor\u2019un onar\u0131m talimatlar\u0131n\u0131 indirerek zeminlerinizi nas\u0131l etkili bir \u015fekilde tamir edip bak\u0131m\u0131n\u0131 yapaca\u011f\u0131n\u0131z\u0131 \u00f6\u011frenin. Rehber ve \u00e7\u00f6z\u00fcmler i\u00e7in t\u0131klay\u0131n.\" \/>\n<meta property=\"og:url\" content=\"https:\/\/www.adofloor.com\/tr\/indirmeler\/onarim-talimatlari\/\" \/>\n<meta property=\"og:site_name\" content=\"ADOFLOOR\" \/>\n<meta property=\"article:modified_time\" content=\"2025-01-31T07:56:22+00:00\" \/>\n<meta property=\"og:image\" content=\"https:\/\/www.adofloor.com\/wp-content\/uploads\/2023\/09\/favicon-2.png\" \/>\n\t<meta property=\"og:image:width\" content=\"64\" \/>\n\t<meta property=\"og:image:height\" content=\"64\" \/>\n\t<meta property=\"og:image:type\" content=\"image\/png\" \/>\n<meta name=\"twitter:card\" content=\"summary_large_image\" \/>\n<meta name=\"twitter:label1\" content=\"Est. reading time\" \/>\n\t<meta name=\"twitter:data1\" content=\"1 dakika\" \/>\n<script type=\"application\/ld+json\" class=\"yoast-schema-graph\">{\"@context\":\"https:\/\/schema.org\",\"@graph\":[{\"@type\":\"WebPage\",\"@id\":\"https:\/\/www.adofloor.com\/tr\/indirmeler\/onarim-talimatlari\/\",\"url\":\"https:\/\/www.adofloor.com\/tr\/indirmeler\/onarim-talimatlari\/\",\"name\":\"Onar\u0131m Talimatlar\u0131 | ADOFLOOR\",\"isPartOf\":{\"@id\":\"https:\/\/www.adofloor.com\/#website\"},\"datePublished\":\"2024-12-30T08:16:38+00:00\",\"dateModified\":\"2025-01-31T07:56:22+00:00\",\"description\":\"ADO Floor\u2019un onar\u0131m talimatlar\u0131n\u0131 indirerek zeminlerinizi nas\u0131l etkili bir \u015fekilde tamir edip bak\u0131m\u0131n\u0131 yapaca\u011f\u0131n\u0131z\u0131 \u00f6\u011frenin. Rehber ve \u00e7\u00f6z\u00fcmler i\u00e7in t\u0131klay\u0131n.\",\"breadcrumb\":{\"@id\":\"https:\/\/www.adofloor.com\/tr\/indirmeler\/onarim-talimatlari\/#breadcrumb\"},\"inLanguage\":\"tr\",\"potentialAction\":[{\"@type\":\"ReadAction\",\"target\":[\"https:\/\/www.adofloor.com\/tr\/indirmeler\/onarim-talimatlari\/\"]}]},{\"@type\":\"BreadcrumbList\",\"@id\":\"https:\/\/www.adofloor.com\/tr\/indirmeler\/onarim-talimatlari\/#breadcrumb\",\"itemListElement\":[{\"@type\":\"ListItem\",\"position\":1,\"name\":\"Home\",\"item\":\"https:\/\/www.adofloor.com\/\"},{\"@type\":\"ListItem\",\"position\":2,\"name\":\"\u0130ndirmeler\",\"item\":\"https:\/\/www.adofloor.com\/tr\/indirmeler\/\"},{\"@type\":\"ListItem\",\"position\":3,\"name\":\"Onar\u0131m Talimatlar\u0131\"}]},{\"@type\":\"WebSite\",\"@id\":\"https:\/\/www.adofloor.com\/#website\",\"url\":\"https:\/\/www.adofloor.com\/\",\"name\":\"ADOFLOOR\",\"description\":\"\",\"publisher\":{\"@id\":\"https:\/\/www.adofloor.com\/#organization\"},\"potentialAction\":[{\"@type\":\"SearchAction\",\"target\":{\"@type\":\"EntryPoint\",\"urlTemplate\":\"https:\/\/www.adofloor.com\/?s={search_term_string}\"},\"query-input\":\"required name=search_term_string\"}],\"inLanguage\":\"tr\"},{\"@type\":\"Organization\",\"@id\":\"https:\/\/www.adofloor.com\/#organization\",\"name\":\"ADOFLOOR\",\"url\":\"https:\/\/www.adofloor.com\/\",\"logo\":{\"@type\":\"ImageObject\",\"inLanguage\":\"tr\",\"@id\":\"https:\/\/www.adofloor.com\/#\/schema\/logo\/image\/\",\"url\":\"https:\/\/www.adofloor.com\/wp-content\/uploads\/2023\/10\/logo.png\",\"contentUrl\":\"https:\/\/www.adofloor.com\/wp-content\/uploads\/2023\/10\/logo.png\",\"width\":344,\"height\":81,\"caption\":\"ADOFLOOR\"},\"image\":{\"@id\":\"https:\/\/www.adofloor.com\/#\/schema\/logo\/image\/\"}}]}<\/script>\n<!-- \/ Yoast SEO plugin. -->","yoast_head_json":{"title":"Onar\u0131m Talimatlar\u0131 | ADOFLOOR","description":"ADO Floor\u2019un onar\u0131m talimatlar\u0131n\u0131 indirerek zeminlerinizi nas\u0131l etkili bir \u015fekilde tamir edip bak\u0131m\u0131n\u0131 yapaca\u011f\u0131n\u0131z\u0131 \u00f6\u011frenin. Rehber ve \u00e7\u00f6z\u00fcmler i\u00e7in t\u0131klay\u0131n.","robots":{"index":"index","follow":"follow","max-snippet":"max-snippet:-1","max-image-preview":"max-image-preview:large","max-video-preview":"max-video-preview:-1"},"canonical":"https:\/\/www.adofloor.com\/tr\/wp-json\/wp\/v2\/pages\/32166\/","og_locale":"tr_TR","og_type":"article","og_title":"Onar\u0131m Talimatlar\u0131 | ADOFLOOR","og_description":"ADO Floor\u2019un onar\u0131m talimatlar\u0131n\u0131 indirerek zeminlerinizi nas\u0131l etkili bir \u015fekilde tamir edip bak\u0131m\u0131n\u0131 yapaca\u011f\u0131n\u0131z\u0131 \u00f6\u011frenin. Rehber ve \u00e7\u00f6z\u00fcmler i\u00e7in t\u0131klay\u0131n.","og_url":"https:\/\/www.adofloor.com\/tr\/indirmeler\/onarim-talimatlari\/","og_site_name":"ADOFLOOR","article_modified_time":"2025-01-31T07:56:22+00:00","og_image":[{"width":64,"height":64,"url":"https:\/\/www.adofloor.com\/wp-content\/uploads\/2023\/09\/favicon-2.png","type":"image\/png"}],"twitter_card":"summary_large_image","twitter_misc":{"Est. reading time":"1 dakika"},"schema":{"@context":"https:\/\/schema.org","@graph":[{"@type":"WebPage","@id":"https:\/\/www.adofloor.com\/tr\/indirmeler\/onarim-talimatlari\/","url":"https:\/\/www.adofloor.com\/tr\/indirmeler\/onarim-talimatlari\/","name":"Onar\u0131m Talimatlar\u0131 | ADOFLOOR","isPartOf":{"@id":"https:\/\/www.adofloor.com\/#website"},"datePublished":"2024-12-30T08:16:38+00:00","dateModified":"2025-01-31T07:56:22+00:00","description":"ADO Floor\u2019un onar\u0131m talimatlar\u0131n\u0131 indirerek zeminlerinizi nas\u0131l etkili bir \u015fekilde tamir edip bak\u0131m\u0131n\u0131 yapaca\u011f\u0131n\u0131z\u0131 \u00f6\u011frenin. Rehber ve \u00e7\u00f6z\u00fcmler i\u00e7in t\u0131klay\u0131n.","breadcrumb":{"@id":"https:\/\/www.adofloor.com\/tr\/indirmeler\/onarim-talimatlari\/#breadcrumb"},"inLanguage":"tr","potentialAction":[{"@type":"ReadAction","target":["https:\/\/www.adofloor.com\/tr\/indirmeler\/onarim-talimatlari\/"]}]},{"@type":"BreadcrumbList","@id":"https:\/\/www.adofloor.com\/tr\/indirmeler\/onarim-talimatlari\/#breadcrumb","itemListElement":[{"@type":"ListItem","position":1,"name":"Home","item":"https:\/\/www.adofloor.com\/"},{"@type":"ListItem","position":2,"name":"\u0130ndirmeler","item":"https:\/\/www.adofloor.com\/tr\/indirmeler\/"},{"@type":"ListItem","position":3,"name":"Onar\u0131m Talimatlar\u0131"}]},{"@type":"WebSite","@id":"https:\/\/www.adofloor.com\/#website","url":"https:\/\/www.adofloor.com\/","name":"ADOFLOOR","description":"","publisher":{"@id":"https:\/\/www.adofloor.com\/#organization"},"potentialAction":[{"@type":"SearchAction","target":{"@type":"EntryPoint","urlTemplate":"https:\/\/www.adofloor.com\/?s={search_term_string}"},"query-input":"required name=search_term_string"}],"inLanguage":"tr"},{"@type":"Organization","@id":"https:\/\/www.adofloor.com\/#organization","name":"ADOFLOOR","url":"https:\/\/www.adofloor.com\/","logo":{"@type":"ImageObject","inLanguage":"tr","@id":"https:\/\/www.adofloor.com\/#\/schema\/logo\/image\/","url":"https:\/\/www.adofloor.com\/wp-content\/uploads\/2023\/10\/logo.png","contentUrl":"https:\/\/www.adofloor.com\/wp-content\/uploads\/2023\/10\/logo.png","width":344,"height":81,"caption":"ADOFLOOR"},"image":{"@id":"https:\/\/www.adofloor.com\/#\/schema\/logo\/image\/"}}]}},"_links":{"self":[{"href":"https:\/\/www.adofloor.com\/tr\/wp-json\/wp\/v2\/pages\/32166"}],"collection":[{"href":"https:\/\/www.adofloor.com\/tr\/wp-json\/wp\/v2\/pages"}],"about":[{"href":"https:\/\/www.adofloor.com\/tr\/wp-json\/wp\/v2\/types\/page"}],"author":[{"embeddable":true,"href":"https:\/\/www.adofloor.com\/tr\/wp-json\/wp\/v2\/users\/1"}],"replies":[{"embeddable":true,"href":"https:\/\/www.adofloor.com\/tr\/wp-json\/wp\/v2\/comments?post=32166"}],"version-history":[{"count":4,"href":"https:\/\/www.adofloor.com\/tr\/wp-json\/wp\/v2\/pages\/32166\/revisions"}],"predecessor-version":[{"id":32173,"href":"https:\/\/www.adofloor.com\/tr\/wp-json\/wp\/v2\/pages\/32166\/revisions\/32173"}],"up":[{"embeddable":true,"href":"https:\/\/www.adofloor.com\/tr\/wp-json\/wp\/v2\/pages\/32417"}],"wp:attachment":[{"href":"https:\/\/www.adofloor.com\/tr\/wp-json\/wp\/v2\/media?parent=32166"}],"curies":[{"name":"wp","href":"https:\/\/api.w.org\/{rel}","templated":true}]}}