{"id":5808,"date":"2022-06-14T08:01:17","date_gmt":"2022-06-14T08:01:17","guid":{"rendered":"https:\/\/staging-arc.liquid-themes.com\/shop\/?page_id=5808"},"modified":"2024-12-30T12:31:36","modified_gmt":"2024-12-30T09:31:36","slug":"haberler","status":"publish","type":"page","link":"https:\/\/www.adofloor.com\/tr\/haberler\/","title":{"rendered":"Haberler"},"content":{"rendered":"\t\t<div data-elementor-type=\"wp-page\" data-elementor-id=\"5808\" class=\"elementor elementor-5808\" data-elementor-post-type=\"page\">\n\t\t\t\t\t\t\t\t\t<section class=\"elementor-section elementor-top-section elementor-element elementor-element-345fd86f elementor-section-boxed elementor-section-height-default elementor-section-height-default\" data-id=\"345fd86f\" data-element_type=\"section\">\n\t\t\t\t\t\t<div class=\"elementor-container elementor-column-gap-default\">\n\t\t\t\t\t<div class=\"elementor-column elementor-col-100 elementor-top-column elementor-element elementor-element-16d24976\" data-id=\"16d24976\" data-element_type=\"column\">\n\t\t\t<div class=\"elementor-widget-wrap elementor-element-populated\">\n\t\t\t\t\t\t\t\t<div class=\"elementor-element elementor-element-5321608b elementor-widget elementor-widget-ld_blog\" data-id=\"5321608b\" data-element_type=\"widget\" data-widget_type=\"ld_blog.default\">\n\t\t\t\t<div class=\"elementor-widget-container\">\n\t\t\t<div class=\"lqd-lp-grid 5321608b blog-id-1394696331 \"><div class=\"lqd-lp-row d-flex flex-wrap row pos-rel\" ><\/div><!--\/ .row --><\/div><!--\/ .lqd-lp-grid -->\t\t<\/div>\n\t\t\t\t<\/div>\n\t\t\t\t\t<\/div>\n\t\t<\/div>\n\t\t\t\t\t\t\t<\/div>\n\t\t<\/section>\n\t\t\t\t\t\t\t<\/div>\n\t\t","protected":false},"excerpt":{"rendered":"<p>6 ay ago Tags Haber ADO Floor, Seyirci Kar\u015f\u0131s\u0131na \u00c7\u0131k\u0131yor! ADO Floor, Star TV\u2019nin Jet Sosyete dizisinde seyirci kar\u015f\u0131s\u0131na \u00e7\u0131k\u0131yor. Dizinin mekan zemin d\u00f6\u015femelerine profesyonel dokunu\u015fuyla hayat veren ADO Floor&#8217;u&hellip; \u0130ncele 6 ay ago Tags Haber Ado Group, Ah\u015fap Teknolojisi \u0130le Intermob Fuar\u0131\u2019nda! Sekt\u00f6r\u00fc her y\u00f6n\u00fcyle geli\u015ftirme ad\u0131na geni\u015f bir \u00fcr\u00fcn yelpazesiyle hareket eden Ado [&hellip;]<\/p>\n","protected":false},"author":1,"featured_media":0,"parent":0,"menu_order":0,"comment_status":"closed","ping_status":"closed","template":"","meta":{"footnotes":""},"yoast_head":"<!-- This site is optimized with the Yoast SEO plugin v23.0 - https:\/\/yoast.com\/wordpress\/plugins\/seo\/ -->\n<title>Haberler | ADOFLOOR<\/title>\n<meta name=\"description\" content=\"Ado Floor&#039;un en g\u00fcncel haberlerini buradan inceleyin! Sekt\u00f6r\u00fcn \u00f6nde gelen isimlerinin de bulundu\u011fu etkinlikler, kat\u0131ld\u0131\u011f\u0131m\u0131z fuarlar hakk\u0131nda detayl\u0131 bigli al\u0131n!\" \/>\n<meta name=\"robots\" content=\"index, follow, max-snippet:-1, max-image-preview:large, max-video-preview:-1\" \/>\n<link rel=\"canonical\" href=\"https:\/\/www.adofloor.com\/tr\/wp-json\/wp\/v2\/pages\/5808\/\" \/>\n<meta property=\"og:locale\" content=\"tr_TR\" \/>\n<meta property=\"og:type\" content=\"article\" \/>\n<meta property=\"og:title\" content=\"Haberler | ADOFLOOR\" \/>\n<meta property=\"og:description\" content=\"Ado Floor&#039;un en g\u00fcncel haberlerini buradan inceleyin! Sekt\u00f6r\u00fcn \u00f6nde gelen isimlerinin de bulundu\u011fu etkinlikler, kat\u0131ld\u0131\u011f\u0131m\u0131z fuarlar hakk\u0131nda detayl\u0131 bigli al\u0131n!\" \/>\n<meta property=\"og:url\" content=\"https:\/\/www.adofloor.com\/tr\/haberler\/\" \/>\n<meta property=\"og:site_name\" content=\"ADOFLOOR\" \/>\n<meta property=\"article:modified_time\" content=\"2024-12-30T09:31:36+00:00\" \/>\n<meta property=\"og:image\" content=\"http:\/\/adofloor.com\/wp-content\/uploads\/2023\/12\/jetsosyete1.jpg\" \/>\n<meta name=\"twitter:card\" content=\"summary_large_image\" \/>\n<meta name=\"twitter:label1\" content=\"Est. reading time\" \/>\n\t<meta name=\"twitter:data1\" content=\"3 dakika\" \/>\n<script type=\"application\/ld+json\" class=\"yoast-schema-graph\">{\"@context\":\"https:\/\/schema.org\",\"@graph\":[{\"@type\":\"WebPage\",\"@id\":\"https:\/\/www.adofloor.com\/tr\/haberler\/\",\"url\":\"https:\/\/www.adofloor.com\/tr\/haberler\/\",\"name\":\"Haberler | ADOFLOOR\",\"isPartOf\":{\"@id\":\"https:\/\/www.adofloor.com\/#website\"},\"primaryImageOfPage\":{\"@id\":\"https:\/\/www.adofloor.com\/tr\/haberler\/#primaryimage\"},\"image\":{\"@id\":\"https:\/\/www.adofloor.com\/tr\/haberler\/#primaryimage\"},\"thumbnailUrl\":\"http:\/\/adofloor.com\/wp-content\/uploads\/2023\/12\/jetsosyete1.jpg\",\"datePublished\":\"2022-06-14T08:01:17+00:00\",\"dateModified\":\"2024-12-30T09:31:36+00:00\",\"description\":\"Ado Floor'un en g\u00fcncel haberlerini buradan inceleyin! Sekt\u00f6r\u00fcn \u00f6nde gelen isimlerinin de bulundu\u011fu etkinlikler, kat\u0131ld\u0131\u011f\u0131m\u0131z fuarlar hakk\u0131nda detayl\u0131 bigli al\u0131n!\",\"breadcrumb\":{\"@id\":\"https:\/\/www.adofloor.com\/tr\/haberler\/#breadcrumb\"},\"inLanguage\":\"tr\",\"potentialAction\":[{\"@type\":\"ReadAction\",\"target\":[\"https:\/\/www.adofloor.com\/tr\/haberler\/\"]}]},{\"@type\":\"ImageObject\",\"inLanguage\":\"tr\",\"@id\":\"https:\/\/www.adofloor.com\/tr\/haberler\/#primaryimage\",\"url\":\"http:\/\/adofloor.com\/wp-content\/uploads\/2023\/12\/jetsosyete1.jpg\",\"contentUrl\":\"http:\/\/adofloor.com\/wp-content\/uploads\/2023\/12\/jetsosyete1.jpg\"},{\"@type\":\"BreadcrumbList\",\"@id\":\"https:\/\/www.adofloor.com\/tr\/haberler\/#breadcrumb\",\"itemListElement\":[{\"@type\":\"ListItem\",\"position\":1,\"name\":\"Home\",\"item\":\"https:\/\/www.adofloor.com\/\"},{\"@type\":\"ListItem\",\"position\":2,\"name\":\"Haberler\"}]},{\"@type\":\"WebSite\",\"@id\":\"https:\/\/www.adofloor.com\/#website\",\"url\":\"https:\/\/www.adofloor.com\/\",\"name\":\"ADOFLOOR\",\"description\":\"\",\"publisher\":{\"@id\":\"https:\/\/www.adofloor.com\/#organization\"},\"potentialAction\":[{\"@type\":\"SearchAction\",\"target\":{\"@type\":\"EntryPoint\",\"urlTemplate\":\"https:\/\/www.adofloor.com\/?s={search_term_string}\"},\"query-input\":\"required name=search_term_string\"}],\"inLanguage\":\"tr\"},{\"@type\":\"Organization\",\"@id\":\"https:\/\/www.adofloor.com\/#organization\",\"name\":\"ADOFLOOR\",\"url\":\"https:\/\/www.adofloor.com\/\",\"logo\":{\"@type\":\"ImageObject\",\"inLanguage\":\"tr\",\"@id\":\"https:\/\/www.adofloor.com\/#\/schema\/logo\/image\/\",\"url\":\"https:\/\/www.adofloor.com\/wp-content\/uploads\/2023\/10\/logo.png\",\"contentUrl\":\"https:\/\/www.adofloor.com\/wp-content\/uploads\/2023\/10\/logo.png\",\"width\":344,\"height\":81,\"caption\":\"ADOFLOOR\"},\"image\":{\"@id\":\"https:\/\/www.adofloor.com\/#\/schema\/logo\/image\/\"}}]}<\/script>\n<!-- \/ Yoast SEO plugin. -->","yoast_head_json":{"title":"Haberler | ADOFLOOR","description":"Ado Floor'un en g\u00fcncel haberlerini buradan inceleyin! Sekt\u00f6r\u00fcn \u00f6nde gelen isimlerinin de bulundu\u011fu etkinlikler, kat\u0131ld\u0131\u011f\u0131m\u0131z fuarlar hakk\u0131nda detayl\u0131 bigli al\u0131n!","robots":{"index":"index","follow":"follow","max-snippet":"max-snippet:-1","max-image-preview":"max-image-preview:large","max-video-preview":"max-video-preview:-1"},"canonical":"https:\/\/www.adofloor.com\/tr\/wp-json\/wp\/v2\/pages\/5808\/","og_locale":"tr_TR","og_type":"article","og_title":"Haberler | ADOFLOOR","og_description":"Ado Floor'un en g\u00fcncel haberlerini buradan inceleyin! Sekt\u00f6r\u00fcn \u00f6nde gelen isimlerinin de bulundu\u011fu etkinlikler, kat\u0131ld\u0131\u011f\u0131m\u0131z fuarlar hakk\u0131nda detayl\u0131 bigli al\u0131n!","og_url":"https:\/\/www.adofloor.com\/tr\/haberler\/","og_site_name":"ADOFLOOR","article_modified_time":"2024-12-30T09:31:36+00:00","og_image":[{"url":"http:\/\/adofloor.com\/wp-content\/uploads\/2023\/12\/jetsosyete1.jpg"}],"twitter_card":"summary_large_image","twitter_misc":{"Est. reading time":"3 dakika"},"schema":{"@context":"https:\/\/schema.org","@graph":[{"@type":"WebPage","@id":"https:\/\/www.adofloor.com\/tr\/haberler\/","url":"https:\/\/www.adofloor.com\/tr\/haberler\/","name":"Haberler | ADOFLOOR","isPartOf":{"@id":"https:\/\/www.adofloor.com\/#website"},"primaryImageOfPage":{"@id":"https:\/\/www.adofloor.com\/tr\/haberler\/#primaryimage"},"image":{"@id":"https:\/\/www.adofloor.com\/tr\/haberler\/#primaryimage"},"thumbnailUrl":"http:\/\/adofloor.com\/wp-content\/uploads\/2023\/12\/jetsosyete1.jpg","datePublished":"2022-06-14T08:01:17+00:00","dateModified":"2024-12-30T09:31:36+00:00","description":"Ado Floor'un en g\u00fcncel haberlerini buradan inceleyin! Sekt\u00f6r\u00fcn \u00f6nde gelen isimlerinin de bulundu\u011fu etkinlikler, kat\u0131ld\u0131\u011f\u0131m\u0131z fuarlar hakk\u0131nda detayl\u0131 bigli al\u0131n!","breadcrumb":{"@id":"https:\/\/www.adofloor.com\/tr\/haberler\/#breadcrumb"},"inLanguage":"tr","potentialAction":[{"@type":"ReadAction","target":["https:\/\/www.adofloor.com\/tr\/haberler\/"]}]},{"@type":"ImageObject","inLanguage":"tr","@id":"https:\/\/www.adofloor.com\/tr\/haberler\/#primaryimage","url":"http:\/\/adofloor.com\/wp-content\/uploads\/2023\/12\/jetsosyete1.jpg","contentUrl":"http:\/\/adofloor.com\/wp-content\/uploads\/2023\/12\/jetsosyete1.jpg"},{"@type":"BreadcrumbList","@id":"https:\/\/www.adofloor.com\/tr\/haberler\/#breadcrumb","itemListElement":[{"@type":"ListItem","position":1,"name":"Home","item":"https:\/\/www.adofloor.com\/"},{"@type":"ListItem","position":2,"name":"Haberler"}]},{"@type":"WebSite","@id":"https:\/\/www.adofloor.com\/#website","url":"https:\/\/www.adofloor.com\/","name":"ADOFLOOR","description":"","publisher":{"@id":"https:\/\/www.adofloor.com\/#organization"},"potentialAction":[{"@type":"SearchAction","target":{"@type":"EntryPoint","urlTemplate":"https:\/\/www.adofloor.com\/?s={search_term_string}"},"query-input":"required name=search_term_string"}],"inLanguage":"tr"},{"@type":"Organization","@id":"https:\/\/www.adofloor.com\/#organization","name":"ADOFLOOR","url":"https:\/\/www.adofloor.com\/","logo":{"@type":"ImageObject","inLanguage":"tr","@id":"https:\/\/www.adofloor.com\/#\/schema\/logo\/image\/","url":"https:\/\/www.adofloor.com\/wp-content\/uploads\/2023\/10\/logo.png","contentUrl":"https:\/\/www.adofloor.com\/wp-content\/uploads\/2023\/10\/logo.png","width":344,"height":81,"caption":"ADOFLOOR"},"image":{"@id":"https:\/\/www.adofloor.com\/#\/schema\/logo\/image\/"}}]}},"_links":{"self":[{"href":"https:\/\/www.adofloor.com\/tr\/wp-json\/wp\/v2\/pages\/5808"}],"collection":[{"href":"https:\/\/www.adofloor.com\/tr\/wp-json\/wp\/v2\/pages"}],"about":[{"href":"https:\/\/www.adofloor.com\/tr\/wp-json\/wp\/v2\/types\/page"}],"author":[{"embeddable":true,"href":"https:\/\/www.adofloor.com\/tr\/wp-json\/wp\/v2\/users\/1"}],"replies":[{"embeddable":true,"href":"https:\/\/www.adofloor.com\/tr\/wp-json\/wp\/v2\/comments?post=5808"}],"version-history":[{"count":7,"href":"https:\/\/www.adofloor.com\/tr\/wp-json\/wp\/v2\/pages\/5808\/revisions"}],"predecessor-version":[{"id":27540,"href":"https:\/\/www.adofloor.com\/tr\/wp-json\/wp\/v2\/pages\/5808\/revisions\/27540"}],"wp:attachment":[{"href":"https:\/\/www.adofloor.com\/tr\/wp-json\/wp\/v2\/media?parent=5808"}],"curies":[{"name":"wp","href":"https:\/\/api.w.org\/{rel}","templated":true}]}}