{"id":8064,"date":"2022-04-06T14:46:33","date_gmt":"2022-04-06T14:46:33","guid":{"rendered":"https:\/\/staging.liquid-themes.com\/arc-interiordesign2\/?page_id=8064"},"modified":"2025-01-20T20:31:47","modified_gmt":"2025-01-20T17:31:47","slug":"iletisim","status":"publish","type":"page","link":"https:\/\/www.adofloor.com\/tr\/iletisim\/","title":{"rendered":"\u0130leti\u015fim"},"content":{"rendered":"\t\t<div data-elementor-type=\"wp-page\" data-elementor-id=\"8064\" class=\"elementor elementor-8064\" data-elementor-post-type=\"page\">\n\t\t\t\t\t\t\t<div class=\"elementor-element elementor-element-f0bf975 e-con-full e-flex e-con\" data-id=\"f0bf975\" data-element_type=\"container\" data-settings=\"{&quot;content_width&quot;:&quot;full&quot;}\">\n\t\t\t\t<div class=\"elementor-element elementor-element-6c049bf elementor-hidden-desktop elementor-hidden-laptop elementor-hidden-tablet_extra elementor-hidden-tablet elementor-hidden-mobile_extra elementor-hidden-mobile elementor-widget elementor-widget-google_maps\" data-id=\"6c049bf\" data-element_type=\"widget\" data-widget_type=\"google_maps.default\">\n\t\t\t\t<div class=\"elementor-widget-container\">\n\t\t\t\t\t<div class=\"elementor-custom-embed\">\n\t\t\t<iframe loading=\"lazy\"\n\t\t\t\t\tsrc=\"https:\/\/maps.google.com\/maps?q=London%20Eye%2C%20Londra%2C%20Birle%C5%9Fik%20Krall%C4%B1k&#038;t=m&#038;z=10&#038;output=embed&#038;iwloc=near\"\n\t\t\t\t\ttitle=\"London Eye, Londra, Birle\u015fik Krall\u0131k\"\n\t\t\t\t\taria-label=\"London Eye, Londra, Birle\u015fik Krall\u0131k\"\n\t\t\t><\/iframe>\n\t\t<\/div>\n\t\t\t\t<\/div>\n\t\t\t\t<\/div>\n\t\t\t\t<div class=\"elementor-element elementor-element-56cd8f2 elementor-hidden-desktop elementor-hidden-laptop elementor-hidden-tablet_extra elementor-hidden-tablet elementor-hidden-mobile_extra elementor-hidden-mobile elementor-widget elementor-widget-ld_google_map\" data-id=\"56cd8f2\" data-element_type=\"widget\" data-widget_type=\"ld_google_map.default\">\n\t\t\t\t<div class=\"elementor-widget-container\">\n\t\t\t\n\t\t\t<div class=\"ld-gmap-container pos-rel\">\n\t\t\t\t<div class=\"ld-gmap h-100\" data-plugin-map=\"true\" data-plugin-options='{\"style\":\"blueEssence\",\"address\":\"Antalya Organize Sanayi B\\u00f6lgesi  3. Etap, 35. Cadde, No: 3  Antalya \\\/ T\\u00fcrkiye\",\"marker_style\":\"default\",\"markers\":null,\"map\":{\"zoom\":11,\"mapTypeId\":\"roadmap\",\"zoomControl\":true}}'><\/div>\n\n\t\t\t\t\n\t\t\t\t<div class=\"ld-gmap-contents\">\n\n\t\t\t\t\t\n\t\t\t\t\t<h3>Contact us<\/h3>\n\t\t\t\t\t\t\t\t\t\t\t\t\t\t\t\t\t\t<div class=\"iconbox iconbox-inline d-flex flex-wrap flex-grow-1 align-items-center elementor-repeater-item-ffffde0\">\n\t\t\t\t\t\t\t\t<div class=\"iconbox-icon-wrap\">\n\t\t\t\t\t\t\t\t\t<span class=\"iconbox-icon-container\">\n\t\t\t\t\t\t\t\t\t\t<i aria-hidden=\"true\" class=\"fas fa-map-marker-alt\"><\/i>\t\t\t\t\t\t\t\t\t<\/span>\n\t\t\t\t\t\t\t\t<\/div>\n\t\t\t\t\t\t\t\t<h3>290 Maryam Springs 260, Courbevoie, Paris, France<\/h3>\t\t\t\t\t\t\t<\/div>\n\t\t\t\t\t\t\t\t\t\t\t\t\t<div class=\"iconbox iconbox-inline d-flex flex-wrap flex-grow-1 align-items-center elementor-repeater-item-9084c47\">\n\t\t\t\t\t\t\t\t<div class=\"iconbox-icon-wrap\">\n\t\t\t\t\t\t\t\t\t<span class=\"iconbox-icon-container\">\n\t\t\t\t\t\t\t\t\t\t<i aria-hidden=\"true\" class=\"fas fa-phone\"><\/i>\t\t\t\t\t\t\t\t\t<\/span>\n\t\t\t\t\t\t\t\t<\/div>\n\t\t\t\t\t\t\t\t<h3>Phone:  +47 213 5941 295<\/h3>\t\t\t\t\t\t\t<\/div>\n\t\t\t\t\t\t\t\t\t\t\t\n\t\t\t\t\t\n\t\t\t\t<\/div>\n\n\t\t\t\t\t\t\t\t\n\t\t\t<\/div>\n\n\t\t\t\t<\/div>\n\t\t\t\t<\/div>\n\t\t\t\t<\/div>\n\t\t<div class=\"elementor-element elementor-element-fdc2d27 e-con-full e-flex e-con\" data-id=\"fdc2d27\" data-element_type=\"container\" data-settings=\"{&quot;content_width&quot;:&quot;full&quot;}\">\n\t\t<div class=\"elementor-element elementor-element-3eb6de9 e-con-full e-flex e-con\" data-id=\"3eb6de9\" data-element_type=\"container\" data-settings=\"{&quot;content_width&quot;:&quot;full&quot;}\">\n\t\t\t\t<\/div>\n\t\t\t\t<\/div>\n\t\t\t\t<section class=\"elementor-section elementor-top-section elementor-element elementor-element-1d3038bb elementor-section-content-middle elementor-section-boxed elementor-section-height-default elementor-section-height-default\" data-id=\"1d3038bb\" data-element_type=\"section\">\n\t\t\t\t\t\t<div class=\"elementor-container elementor-column-gap-default\">\n\t\t\t\t\t<div class=\"elementor-column elementor-col-100 elementor-top-column elementor-element elementor-element-5282d8c9\" data-id=\"5282d8c9\" data-element_type=\"column\">\n\t\t\t<div class=\"elementor-widget-wrap elementor-element-populated\">\n\t\t\t\t\t\t\t\t<div class=\"elementor-element elementor-element-125798be elementor-widget elementor-widget-hub_fancy_heading\" data-id=\"125798be\" data-element_type=\"widget\" data-widget_type=\"hub_fancy_heading.default\">\n\t\t\t\t<div class=\"elementor-widget-container\">\n\t\t\t\n\t\t<div id=\"ld-fancy-heading-69f54a2559534\" class=\"ld-fancy-heading pos-rel\">\n\t\t\t<h2 class=\"ld-fh-element d-inline-block pos-rel  elementor-heading-title lqd-highlight-classic lqd-highlight-grow-left h2\"  > Bizimle \u0130leti\u015fime Ge\u00e7in<\/h2>\t\t<\/div>\n\n\t\t\t\t<\/div>\n\t\t\t\t<\/div>\n\t\t\t\t<div class=\"elementor-element elementor-element-a9f8a87 elementor-widget elementor-widget-text-editor\" data-id=\"a9f8a87\" data-element_type=\"widget\" data-widget_type=\"text-editor.default\">\n\t\t\t\t<div class=\"elementor-widget-container\">\n\t\t\t\t\t\t\t<p>ADOFLOOR, kaliteli zemin \u00fcr\u00fcnleri \u00e7\u00f6z\u00fcmleriyle tan\u0131nan lider bir markad\u0131r. Bayilik ba\u015fvurular\u0131n\u0131z\u0131 bekliyoruz. Detaylar i\u00e7in formu eksiksiz doldurunuz.<\/p>\t\t\t\t\t\t<\/div>\n\t\t\t\t<\/div>\n\t\t\t\t<div class=\"elementor-element elementor-element-341aff0 elementor-widget elementor-widget-text-editor\" data-id=\"341aff0\" data-element_type=\"widget\" data-widget_type=\"text-editor.default\">\n\t\t\t\t<div class=\"elementor-widget-container\">\n\t\t\t\t\t\t\t<p>Merkez Ofis<\/p>\t\t\t\t\t\t<\/div>\n\t\t\t\t<\/div>\n\t\t\t\t<div class=\"elementor-element elementor-element-0d22223 elementor-icon-list--layout-traditional elementor-list-item-link-full_width elementor-widget elementor-widget-icon-list\" data-id=\"0d22223\" data-element_type=\"widget\" data-widget_type=\"icon-list.default\">\n\t\t\t\t<div class=\"elementor-widget-container\">\n\t\t\t\t\t<ul class=\"elementor-icon-list-items\">\n\t\t\t\t\t\t\t<li class=\"elementor-icon-list-item\">\n\t\t\t\t\t\t\t\t\t\t\t<a href=\"mailto:info@adofloor.com.tr\">\n\n\t\t\t\t\t\t\t\t\t\t\t\t<span class=\"elementor-icon-list-icon\">\n\t\t\t\t\t\t\t<i aria-hidden=\"true\" class=\"fas fa-envelope\"><\/i>\t\t\t\t\t\t<\/span>\n\t\t\t\t\t\t\t\t\t\t<span class=\"elementor-icon-list-text\">info@adofloor.com.tr<\/span>\n\t\t\t\t\t\t\t\t\t\t\t<\/a>\n\t\t\t\t\t\t\t\t\t<\/li>\n\t\t\t\t\t\t\t\t<li class=\"elementor-icon-list-item\">\n\t\t\t\t\t\t\t\t\t\t\t<a href=\"tel:+902422363000\">\n\n\t\t\t\t\t\t\t\t\t\t\t\t<span class=\"elementor-icon-list-icon\">\n\t\t\t\t\t\t\t<i aria-hidden=\"true\" class=\"fas fa-phone-alt\"><\/i>\t\t\t\t\t\t<\/span>\n\t\t\t\t\t\t\t\t\t\t<span class=\"elementor-icon-list-text\">+90 242 236 30 00<\/span>\n\t\t\t\t\t\t\t\t\t\t\t<\/a>\n\t\t\t\t\t\t\t\t\t<\/li>\n\t\t\t\t\t\t\t\t<li class=\"elementor-icon-list-item\">\n\t\t\t\t\t\t\t\t\t\t\t<a href=\"https:\/\/maps.app.goo.gl\/a5x4veZXWytHXHt89\">\n\n\t\t\t\t\t\t\t\t\t\t\t\t<span class=\"elementor-icon-list-icon\">\n\t\t\t\t\t\t\t<i aria-hidden=\"true\" class=\"fas fa-map-marker-alt\"><\/i>\t\t\t\t\t\t<\/span>\n\t\t\t\t\t\t\t\t\t\t<span class=\"elementor-icon-list-text\">Antalya Organize Sanayi B\u00f6lgesi  3. Etap, 35. Cadde, No: 3  Antalya \/ T\u00fcrkiye<\/span>\n\t\t\t\t\t\t\t\t\t\t\t<\/a>\n\t\t\t\t\t\t\t\t\t<\/li>\n\t\t\t\t\t\t<\/ul>\n\t\t\t\t<\/div>\n\t\t\t\t<\/div>\n\t\t\t\t<div class=\"elementor-element elementor-element-898fada elementor-widget elementor-widget-text-editor\" data-id=\"898fada\" data-element_type=\"widget\" data-widget_type=\"text-editor.default\">\n\t\t\t\t<div class=\"elementor-widget-container\">\n\t\t\t\t\t\t\t\u0130stanbul Ofis\t\t\t\t\t\t<\/div>\n\t\t\t\t<\/div>\n\t\t\t\t<div class=\"elementor-element elementor-element-4e2a9b3 elementor-icon-list--layout-traditional elementor-list-item-link-full_width elementor-widget elementor-widget-icon-list\" data-id=\"4e2a9b3\" data-element_type=\"widget\" data-widget_type=\"icon-list.default\">\n\t\t\t\t<div class=\"elementor-widget-container\">\n\t\t\t\t\t<ul class=\"elementor-icon-list-items\">\n\t\t\t\t\t\t\t<li class=\"elementor-icon-list-item\">\n\t\t\t\t\t\t\t\t\t\t\t<a href=\"mailto:info@adofloor.com.tr\">\n\n\t\t\t\t\t\t\t\t\t\t\t\t<span class=\"elementor-icon-list-icon\">\n\t\t\t\t\t\t\t<i aria-hidden=\"true\" class=\"fas fa-envelope\"><\/i>\t\t\t\t\t\t<\/span>\n\t\t\t\t\t\t\t\t\t\t<span class=\"elementor-icon-list-text\">info@adofloor.com.tr<\/span>\n\t\t\t\t\t\t\t\t\t\t\t<\/a>\n\t\t\t\t\t\t\t\t\t<\/li>\n\t\t\t\t\t\t\t\t<li class=\"elementor-icon-list-item\">\n\t\t\t\t\t\t\t\t\t\t\t<a href=\"tel:+902124451600\">\n\n\t\t\t\t\t\t\t\t\t\t\t\t<span class=\"elementor-icon-list-icon\">\n\t\t\t\t\t\t\t<i aria-hidden=\"true\" class=\"fas fa-phone-alt\"><\/i>\t\t\t\t\t\t<\/span>\n\t\t\t\t\t\t\t\t\t\t<span class=\"elementor-icon-list-text\">+90 212 445 16 00<\/span>\n\t\t\t\t\t\t\t\t\t\t\t<\/a>\n\t\t\t\t\t\t\t\t\t<\/li>\n\t\t\t\t\t\t\t\t<li class=\"elementor-icon-list-item\">\n\t\t\t\t\t\t\t\t\t\t\t<a href=\"https:\/\/www.google.com\/maps\/search\/Mahmutbey+Ta%C5%9Foca%C4%9F%C4%B1+Yolu++No:7+34560+Ba%C4%9Fc%C4%B1lar++%C4%B0stanbul+%2F+T%C3%BCrkiye\/@41.0496189,28.8089606,17.62z?entry=ttu\">\n\n\t\t\t\t\t\t\t\t\t\t\t\t<span class=\"elementor-icon-list-icon\">\n\t\t\t\t\t\t\t<i aria-hidden=\"true\" class=\"fas fa-map-marker-alt\"><\/i>\t\t\t\t\t\t<\/span>\n\t\t\t\t\t\t\t\t\t\t<span class=\"elementor-icon-list-text\">Mahmutbey Ta\u015foca\u011f\u0131 Yolu  No:7 34560 Ba\u011fc\u0131lar  \u0130stanbul \/ T\u00fcrkiye<\/span>\n\t\t\t\t\t\t\t\t\t\t\t<\/a>\n\t\t\t\t\t\t\t\t\t<\/li>\n\t\t\t\t\t\t<\/ul>\n\t\t\t\t<\/div>\n\t\t\t\t<\/div>\n\t\t\t\t\t<\/div>\n\t\t<\/div>\n\t\t\t\t<div class=\"elementor-column elementor-col-100 elementor-top-column elementor-element elementor-element-0e5dbcf\" data-id=\"0e5dbcf\" data-element_type=\"column\">\n\t\t\t<div class=\"elementor-widget-wrap elementor-element-populated\">\n\t\t\t\t\t\t\t\t<div class=\"elementor-element elementor-element-7eb9044 elementor-widget elementor-widget-ld_cf722\" data-id=\"7eb9044\" data-element_type=\"widget\" data-widget_type=\"ld_cf722.default\">\n\t\t\t\t<div class=\"elementor-widget-container\">\n\t\t\t\n\t<div class=\"lqd-contact-form\" >\n\t\t\n<div class=\"wpcf7 no-js\" id=\"wpcf7-f5-o1\" lang=\"en-US\" dir=\"ltr\">\n<div class=\"screen-reader-response\"><p role=\"status\" aria-live=\"polite\" aria-atomic=\"true\"><\/p> <ul><\/ul><\/div>\n<form action=\"\/tr\/wp-json\/wp\/v2\/pages\/8064#wpcf7-f5-o1\" method=\"post\" class=\"wpcf7-form init\" aria-label=\"Contact form\" novalidate=\"novalidate\" data-status=\"init\">\n<div style=\"display: none;\">\n<input type=\"hidden\" name=\"_wpcf7\" value=\"5\" \/>\n<input type=\"hidden\" name=\"_wpcf7_version\" value=\"5.8\" \/>\n<input type=\"hidden\" name=\"_wpcf7_locale\" value=\"en_US\" \/>\n<input type=\"hidden\" name=\"_wpcf7_unit_tag\" value=\"wpcf7-f5-o1\" \/>\n<input type=\"hidden\" name=\"_wpcf7_container_post\" value=\"0\" \/>\n<input type=\"hidden\" name=\"_wpcf7_posted_data_hash\" value=\"\" \/>\n<input type=\"hidden\" name=\"_wpcf7_recaptcha_response\" value=\"\" \/>\n<\/div>\n<div class=\"form-style-3\">\n\t<div class=\"columns_wrap\">\n\t\t<div class=\"column-1_2\">\n\t\t\t<p><span class=\"style-line icon-name\"><span class=\"wpcf7-form-control-wrap\" data-name=\"your-name\"><input size=\"40\" class=\"wpcf7-form-control wpcf7-text wpcf7-validates-as-required\" aria-required=\"true\" aria-invalid=\"false\" placeholder=\"\u0130sim Soyisim\" value=\"\" type=\"text\" name=\"your-name\" \/><\/span><\/span>\n\t\t\t<\/p>\n\t\t<\/div>\n\t\t<div class=\"column-1_2\">\n\t\t\t<p><span class=\"style-line icon-email\"><span class=\"wpcf7-form-control-wrap\" data-name=\"your-email\"><input size=\"40\" class=\"wpcf7-form-control wpcf7-email wpcf7-validates-as-required wpcf7-text wpcf7-validates-as-email\" aria-required=\"true\" aria-invalid=\"false\" placeholder=\"E-Posta Adresi\" value=\"\" type=\"email\" name=\"your-email\" \/><\/span><\/span>\n\t\t\t<\/p>\n\t\t<\/div>\n\t<\/div>\n\t<div class=\"columns_wrap\">\n\t\t<div class=\"column-1_2\">\n\t\t\t<p><span class=\"style-line icon-phone\"><span class=\"wpcf7-form-control-wrap\" data-name=\"phone\"><input size=\"40\" maxlength=\"11\" minlength=\"11\" class=\"wpcf7-form-control wpcf7-tel wpcf7-validates-as-required wpcf7-text wpcf7-validates-as-tel\" aria-required=\"true\" aria-invalid=\"false\" placeholder=\"Telefon No\" value=\"\" type=\"tel\" name=\"phone\" \/><\/span><\/span>\n\t\t\t<\/p>\n\t\t<\/div>\n\t\t<div class=\"column-1_2\">\n\t\t\t<p><span class=\"style-line icon-subject\"><span class=\"wpcf7-form-control-wrap\" data-name=\"subject\"><input size=\"40\" class=\"wpcf7-form-control wpcf7-text wpcf7-validates-as-required\" aria-required=\"true\" aria-invalid=\"false\" placeholder=\"Konu\" value=\"\" type=\"text\" name=\"subject\" \/><\/span><\/span>\n\t\t\t<\/p>\n\t\t<\/div>\n\t<\/div>\n\t<div class=\"columns_wrap\">\n\t\t<div class=\"column-1_2\">\n\t\t\t<p><span class=\"style-line icon-location\"><span class=\"wpcf7-form-control-wrap\" data-name=\"city\"><input size=\"40\" class=\"wpcf7-form-control wpcf7-text wpcf7-validates-as-required\" aria-required=\"true\" aria-invalid=\"false\" placeholder=\"\u0130l\" value=\"\" type=\"text\" name=\"city\" \/><\/span><\/span>\n\t\t\t<\/p>\n\t\t<\/div>\n\t\t<div class=\"column-1_2\">\n\t\t\t<p><span class=\"style-line icon-location\"><span class=\"wpcf7-form-control-wrap\" data-name=\"district\"><input size=\"40\" class=\"wpcf7-form-control wpcf7-text wpcf7-validates-as-required\" aria-required=\"true\" aria-invalid=\"false\" placeholder=\"\u0130l\u00e7e\" value=\"\" type=\"text\" name=\"district\" \/><\/span><\/span>\n\t\t\t<\/p>\n\t\t<\/div>\n\t<\/div>\n\t<div class=\"columns_wrap margin-bottom\">\n\t\t<div class=\"column-1_1\">\n\t\t\t<p><span class=\"style-line icon-textarea\"><span class=\"wpcf7-form-control-wrap\" data-name=\"your-message\"><textarea cols=\"40\" rows=\"10\" class=\"wpcf7-form-control wpcf7-textarea wpcf7-validates-as-required\" aria-required=\"true\" aria-invalid=\"false\" placeholder=\"Mesaj\u0131n\u0131z...\" name=\"your-message\"><\/textarea><\/span><\/span>\n\t\t\t<\/p>\n\t\t<\/div>\n\t<\/div>\n\t<div style=\"display: flex; flex-direction: row;\">\n\t\t<div style=\"margin-top: -4px !important;\">\n\t\t\t<p><span class=\"wpcf7-form-control-wrap\" data-name=\"acceptance\"><span class=\"wpcf7-form-control wpcf7-acceptance\"><span class=\"wpcf7-list-item\"><label><input type=\"checkbox\" name=\"acceptance\" value=\"1\" aria-invalid=\"false\" \/><span class=\"wpcf7-list-item-label\"><\/div><p><a href=\"https:\/\/www.ado.com.tr\/kvkk\/\">KVKK Politikas\u0131 <\/a> kapsam\u0131nda verilerimin i\u015flenece\u011fini kabul ediyorum.<\/p><\/span><\/label><\/span><\/span><\/span>\n\t\t\t<\/p>\n\t\t<\/div>\n\t\t<p><input class=\"wpcf7-form-control wpcf7-submit has-spinner\" type=\"submit\" value=\"G\u00f6nder\" \/>\n\t\t<\/p>\n\t<\/div>\n<\/div><div class=\"wpcf7-response-output\" aria-hidden=\"true\"><\/div>\n<\/form>\n<\/div>\n\t<\/div>\n\n\t\t\t<\/div>\n\t\t\t\t<\/div>\n\t\t\t\t\t<\/div>\n\t\t<\/div>\n\t\t\t\t\t\t\t<\/div>\n\t\t<\/section>\n\t\t<div class=\"elementor-element elementor-element-e05845a e-flex e-con-boxed e-con\" data-id=\"e05845a\" data-element_type=\"container\" data-settings=\"{&quot;content_width&quot;:&quot;boxed&quot;}\">\n\t\t\t\t\t<div class=\"e-con-inner\">\n\t\t\t\t<div class=\"elementor-element elementor-element-05284fa elementor-widget elementor-widget-ld_google_map\" data-id=\"05284fa\" data-element_type=\"widget\" data-widget_type=\"ld_google_map.default\">\n\t\t\t\t<div class=\"elementor-widget-container\">\n\t\t\t\n\t\t\t<div class=\"ld-gmap-container pos-rel\">\n\t\t\t\t<div class=\"ld-gmap h-100\" data-plugin-map=\"true\" data-plugin-options='{\"style\":\"blueEssence\",\"address\":\"Antalya Organize Sanayi B\\u00f6lgesi  3. Etap, 35. Cadde, No: 3  Antalya \\\/ T\\u00fcrkiye\",\"marker_style\":\"html\",\"markers\":null,\"map\":{\"zoom\":14,\"mapTypeId\":\"roadmap\",\"zoomControl\":true}}'><\/div>\n\n\t\t\t\t\n\t\t\t<\/div>\n\n\t\t\t\t<\/div>\n\t\t\t\t<\/div>\n\t\t\t\t<div class=\"elementor-element elementor-element-06d6aa7 elementor-widget elementor-widget-spacer\" data-id=\"06d6aa7\" data-element_type=\"widget\" data-widget_type=\"spacer.default\">\n\t\t\t\t<div class=\"elementor-widget-container\">\n\t\t\t\t\t<div class=\"elementor-spacer\">\n\t\t\t<div class=\"elementor-spacer-inner\"><\/div>\n\t\t<\/div>\n\t\t\t\t<\/div>\n\t\t\t\t<\/div>\n\t\t\t\t\t<\/div>\n\t\t\t\t<\/div>\n\t\t\t\t\t\t\t<\/div>\n\t\t","protected":false},"excerpt":{"rendered":"<p>Contact us 290 Maryam Springs 260, Courbevoie, Paris, France Phone: +47 213 5941 295 Bizimle \u0130leti\u015fime Ge\u00e7in ADOFLOOR, kaliteli zemin \u00fcr\u00fcnleri \u00e7\u00f6z\u00fcmleriyle tan\u0131nan lider bir markad\u0131r. Bayilik ba\u015fvurular\u0131n\u0131z\u0131 bekliyoruz. Detaylar i\u00e7in formu eksiksiz doldurunuz. Merkez Ofis info@adofloor.com.tr +90 242 236 30 00 Antalya Organize Sanayi B\u00f6lgesi 3. Etap, 35. Cadde, No: 3 Antalya \/ T\u00fcrkiye [&hellip;]<\/p>\n","protected":false},"author":1,"featured_media":0,"parent":0,"menu_order":0,"comment_status":"closed","ping_status":"closed","template":"","meta":{"footnotes":""},"yoast_head":"<!-- This site is optimized with the Yoast SEO plugin v23.0 - https:\/\/yoast.com\/wordpress\/plugins\/seo\/ -->\n<title>\u0130leti\u015fim | ADOFLOOR<\/title>\n<meta name=\"description\" content=\"ADO Floor ile ileti\u015fime ge\u00e7in, \u00fcr\u00fcnlerimiz, hizmetlerimiz ve projeleriniz i\u00e7in detayl\u0131 bilgi al\u0131n. Sorular\u0131n\u0131z ve taleplerinizle bize ula\u015fmak i\u00e7in t\u0131klay\u0131n.\" \/>\n<meta name=\"robots\" content=\"index, follow, max-snippet:-1, max-image-preview:large, max-video-preview:-1\" \/>\n<link rel=\"canonical\" href=\"https:\/\/www.adofloor.com\/tr\/wp-json\/wp\/v2\/pages\/8064\/\" \/>\n<meta property=\"og:locale\" content=\"tr_TR\" \/>\n<meta property=\"og:type\" content=\"article\" \/>\n<meta property=\"og:title\" content=\"\u0130leti\u015fim | ADOFLOOR\" \/>\n<meta property=\"og:description\" content=\"ADO Floor ile ileti\u015fime ge\u00e7in, \u00fcr\u00fcnlerimiz, hizmetlerimiz ve projeleriniz i\u00e7in detayl\u0131 bilgi al\u0131n. Sorular\u0131n\u0131z ve taleplerinizle bize ula\u015fmak i\u00e7in t\u0131klay\u0131n.\" \/>\n<meta property=\"og:url\" content=\"https:\/\/www.adofloor.com\/tr\/iletisim\/\" \/>\n<meta property=\"og:site_name\" content=\"ADOFLOOR\" \/>\n<meta property=\"article:modified_time\" content=\"2025-01-20T17:31:47+00:00\" \/>\n<meta property=\"og:image\" content=\"https:\/\/www.adofloor.com\/wp-content\/uploads\/2023\/09\/favicon-2.png\" \/>\n\t<meta property=\"og:image:width\" content=\"64\" \/>\n\t<meta property=\"og:image:height\" content=\"64\" \/>\n\t<meta property=\"og:image:type\" content=\"image\/png\" \/>\n<meta name=\"twitter:card\" content=\"summary_large_image\" \/>\n<meta name=\"twitter:label1\" content=\"Est. reading time\" \/>\n\t<meta name=\"twitter:data1\" content=\"1 dakika\" \/>\n<script type=\"application\/ld+json\" class=\"yoast-schema-graph\">{\"@context\":\"https:\/\/schema.org\",\"@graph\":[{\"@type\":\"WebPage\",\"@id\":\"https:\/\/www.adofloor.com\/tr\/iletisim\/\",\"url\":\"https:\/\/www.adofloor.com\/tr\/iletisim\/\",\"name\":\"\u0130leti\u015fim | ADOFLOOR\",\"isPartOf\":{\"@id\":\"https:\/\/www.adofloor.com\/#website\"},\"datePublished\":\"2022-04-06T14:46:33+00:00\",\"dateModified\":\"2025-01-20T17:31:47+00:00\",\"description\":\"ADO Floor ile ileti\u015fime ge\u00e7in, \u00fcr\u00fcnlerimiz, hizmetlerimiz ve projeleriniz i\u00e7in detayl\u0131 bilgi al\u0131n. Sorular\u0131n\u0131z ve taleplerinizle bize ula\u015fmak i\u00e7in t\u0131klay\u0131n.\",\"breadcrumb\":{\"@id\":\"https:\/\/www.adofloor.com\/tr\/iletisim\/#breadcrumb\"},\"inLanguage\":\"tr\",\"potentialAction\":[{\"@type\":\"ReadAction\",\"target\":[\"https:\/\/www.adofloor.com\/tr\/iletisim\/\"]}]},{\"@type\":\"BreadcrumbList\",\"@id\":\"https:\/\/www.adofloor.com\/tr\/iletisim\/#breadcrumb\",\"itemListElement\":[{\"@type\":\"ListItem\",\"position\":1,\"name\":\"Home\",\"item\":\"https:\/\/www.adofloor.com\/\"},{\"@type\":\"ListItem\",\"position\":2,\"name\":\"\u0130leti\u015fim\"}]},{\"@type\":\"WebSite\",\"@id\":\"https:\/\/www.adofloor.com\/#website\",\"url\":\"https:\/\/www.adofloor.com\/\",\"name\":\"ADOFLOOR\",\"description\":\"\",\"publisher\":{\"@id\":\"https:\/\/www.adofloor.com\/#organization\"},\"potentialAction\":[{\"@type\":\"SearchAction\",\"target\":{\"@type\":\"EntryPoint\",\"urlTemplate\":\"https:\/\/www.adofloor.com\/?s={search_term_string}\"},\"query-input\":\"required name=search_term_string\"}],\"inLanguage\":\"tr\"},{\"@type\":\"Organization\",\"@id\":\"https:\/\/www.adofloor.com\/#organization\",\"name\":\"ADOFLOOR\",\"url\":\"https:\/\/www.adofloor.com\/\",\"logo\":{\"@type\":\"ImageObject\",\"inLanguage\":\"tr\",\"@id\":\"https:\/\/www.adofloor.com\/#\/schema\/logo\/image\/\",\"url\":\"https:\/\/www.adofloor.com\/wp-content\/uploads\/2023\/10\/logo.png\",\"contentUrl\":\"https:\/\/www.adofloor.com\/wp-content\/uploads\/2023\/10\/logo.png\",\"width\":344,\"height\":81,\"caption\":\"ADOFLOOR\"},\"image\":{\"@id\":\"https:\/\/www.adofloor.com\/#\/schema\/logo\/image\/\"}}]}<\/script>\n<!-- \/ Yoast SEO plugin. -->","yoast_head_json":{"title":"\u0130leti\u015fim | ADOFLOOR","description":"ADO Floor ile ileti\u015fime ge\u00e7in, \u00fcr\u00fcnlerimiz, hizmetlerimiz ve projeleriniz i\u00e7in detayl\u0131 bilgi al\u0131n. Sorular\u0131n\u0131z ve taleplerinizle bize ula\u015fmak i\u00e7in t\u0131klay\u0131n.","robots":{"index":"index","follow":"follow","max-snippet":"max-snippet:-1","max-image-preview":"max-image-preview:large","max-video-preview":"max-video-preview:-1"},"canonical":"https:\/\/www.adofloor.com\/tr\/wp-json\/wp\/v2\/pages\/8064\/","og_locale":"tr_TR","og_type":"article","og_title":"\u0130leti\u015fim | ADOFLOOR","og_description":"ADO Floor ile ileti\u015fime ge\u00e7in, \u00fcr\u00fcnlerimiz, hizmetlerimiz ve projeleriniz i\u00e7in detayl\u0131 bilgi al\u0131n. Sorular\u0131n\u0131z ve taleplerinizle bize ula\u015fmak i\u00e7in t\u0131klay\u0131n.","og_url":"https:\/\/www.adofloor.com\/tr\/iletisim\/","og_site_name":"ADOFLOOR","article_modified_time":"2025-01-20T17:31:47+00:00","og_image":[{"width":64,"height":64,"url":"https:\/\/www.adofloor.com\/wp-content\/uploads\/2023\/09\/favicon-2.png","type":"image\/png"}],"twitter_card":"summary_large_image","twitter_misc":{"Est. reading time":"1 dakika"},"schema":{"@context":"https:\/\/schema.org","@graph":[{"@type":"WebPage","@id":"https:\/\/www.adofloor.com\/tr\/iletisim\/","url":"https:\/\/www.adofloor.com\/tr\/iletisim\/","name":"\u0130leti\u015fim | ADOFLOOR","isPartOf":{"@id":"https:\/\/www.adofloor.com\/#website"},"datePublished":"2022-04-06T14:46:33+00:00","dateModified":"2025-01-20T17:31:47+00:00","description":"ADO Floor ile ileti\u015fime ge\u00e7in, \u00fcr\u00fcnlerimiz, hizmetlerimiz ve projeleriniz i\u00e7in detayl\u0131 bilgi al\u0131n. Sorular\u0131n\u0131z ve taleplerinizle bize ula\u015fmak i\u00e7in t\u0131klay\u0131n.","breadcrumb":{"@id":"https:\/\/www.adofloor.com\/tr\/iletisim\/#breadcrumb"},"inLanguage":"tr","potentialAction":[{"@type":"ReadAction","target":["https:\/\/www.adofloor.com\/tr\/iletisim\/"]}]},{"@type":"BreadcrumbList","@id":"https:\/\/www.adofloor.com\/tr\/iletisim\/#breadcrumb","itemListElement":[{"@type":"ListItem","position":1,"name":"Home","item":"https:\/\/www.adofloor.com\/"},{"@type":"ListItem","position":2,"name":"\u0130leti\u015fim"}]},{"@type":"WebSite","@id":"https:\/\/www.adofloor.com\/#website","url":"https:\/\/www.adofloor.com\/","name":"ADOFLOOR","description":"","publisher":{"@id":"https:\/\/www.adofloor.com\/#organization"},"potentialAction":[{"@type":"SearchAction","target":{"@type":"EntryPoint","urlTemplate":"https:\/\/www.adofloor.com\/?s={search_term_string}"},"query-input":"required name=search_term_string"}],"inLanguage":"tr"},{"@type":"Organization","@id":"https:\/\/www.adofloor.com\/#organization","name":"ADOFLOOR","url":"https:\/\/www.adofloor.com\/","logo":{"@type":"ImageObject","inLanguage":"tr","@id":"https:\/\/www.adofloor.com\/#\/schema\/logo\/image\/","url":"https:\/\/www.adofloor.com\/wp-content\/uploads\/2023\/10\/logo.png","contentUrl":"https:\/\/www.adofloor.com\/wp-content\/uploads\/2023\/10\/logo.png","width":344,"height":81,"caption":"ADOFLOOR"},"image":{"@id":"https:\/\/www.adofloor.com\/#\/schema\/logo\/image\/"}}]}},"_links":{"self":[{"href":"https:\/\/www.adofloor.com\/tr\/wp-json\/wp\/v2\/pages\/8064"}],"collection":[{"href":"https:\/\/www.adofloor.com\/tr\/wp-json\/wp\/v2\/pages"}],"about":[{"href":"https:\/\/www.adofloor.com\/tr\/wp-json\/wp\/v2\/types\/page"}],"author":[{"embeddable":true,"href":"https:\/\/www.adofloor.com\/tr\/wp-json\/wp\/v2\/users\/1"}],"replies":[{"embeddable":true,"href":"https:\/\/www.adofloor.com\/tr\/wp-json\/wp\/v2\/comments?post=8064"}],"version-history":[{"count":40,"href":"https:\/\/www.adofloor.com\/tr\/wp-json\/wp\/v2\/pages\/8064\/revisions"}],"predecessor-version":[{"id":29826,"href":"https:\/\/www.adofloor.com\/tr\/wp-json\/wp\/v2\/pages\/8064\/revisions\/29826"}],"wp:attachment":[{"href":"https:\/\/www.adofloor.com\/tr\/wp-json\/wp\/v2\/media?parent=8064"}],"curies":[{"name":"wp","href":"https:\/\/api.w.org\/{rel}","templated":true}]}}