{"id":25984,"date":"2023-10-06T14:19:15","date_gmt":"2023-10-06T11:19:15","guid":{"rendered":"http:\/\/adofloor.com\/?post_type=product&#038;p=25984"},"modified":"2026-01-14T20:45:42","modified_gmt":"2026-01-14T17:45:42","slug":"stilo-1000-zemin-doseme-secenekleri","status":"publish","type":"product","link":"https:\/\/www.adofloor.com\/tr\/stilo-1000-zemin-doseme-secenekleri\/","title":{"rendered":"STILO 1000"},"content":{"rendered":"<h1><span style=\"font-size: 16px;\">STILO 1000 Zemin Kaplama<\/span><\/h1>\n","protected":false},"excerpt":{"rendered":"<p>STILO 1000 Zemin Kaplama<\/p>\n","protected":false},"featured_media":25985,"template":"","meta":[],"pwb-brand":[330,331,332],"product_cat":[261],"product_tag":[],"yoast_head":"<!-- This site is optimized with the Yoast SEO plugin v23.0 - https:\/\/yoast.com\/wordpress\/plugins\/seo\/ -->\n<title>STILO 1000 Zemin Kaplamas\u0131 | ADOFLOOR<\/title>\n<meta name=\"description\" content=\"STILO 1000 ile zeminleriniz ADOFLOOR kalitesiyle tan\u0131\u015fs\u0131n. Kaliteli ve dayan\u0131kl\u0131 zemin d\u00f6\u015feme se\u00e7enekleri i\u00e7in t\u0131klay\u0131n.\" \/>\n<meta name=\"robots\" content=\"index, follow, max-snippet:-1, max-image-preview:large, max-video-preview:-1\" \/>\n<link rel=\"canonical\" href=\"https:\/\/www.adofloor.com\/tr\/wp-json\/wp\/v2\/product\/25984\/\" \/>\n<meta property=\"og:locale\" content=\"tr_TR\" \/>\n<meta property=\"og:type\" content=\"article\" \/>\n<meta property=\"og:title\" content=\"STILO 1000 Zemin Kaplamas\u0131 | ADOFLOOR\" \/>\n<meta property=\"og:description\" content=\"STILO 1000 ile zeminleriniz ADOFLOOR kalitesiyle tan\u0131\u015fs\u0131n. Kaliteli ve dayan\u0131kl\u0131 zemin d\u00f6\u015feme se\u00e7enekleri i\u00e7in t\u0131klay\u0131n.\" \/>\n<meta property=\"og:url\" content=\"https:\/\/www.adofloor.com\/tr\/stilo-1000-zemin-doseme-secenekleri\/\" \/>\n<meta property=\"og:site_name\" content=\"ADOFLOOR\" \/>\n<meta property=\"article:modified_time\" content=\"2026-01-14T17:45:42+00:00\" \/>\n<meta property=\"og:image\" content=\"https:\/\/www.adofloor.com\/wp-content\/uploads\/2023\/10\/1000-STILO.jpg\" \/>\n\t<meta property=\"og:image:width\" content=\"1559\" \/>\n\t<meta property=\"og:image:height\" content=\"591\" \/>\n\t<meta property=\"og:image:type\" content=\"image\/jpeg\" \/>\n<meta name=\"twitter:card\" content=\"summary_large_image\" \/>\n<meta name=\"twitter:label1\" content=\"Est. reading time\" \/>\n\t<meta name=\"twitter:data1\" content=\"1 dakika\" \/>\n<script type=\"application\/ld+json\" class=\"yoast-schema-graph\">{\"@context\":\"https:\/\/schema.org\",\"@graph\":[{\"@type\":\"WebPage\",\"@id\":\"https:\/\/www.adofloor.com\/tr\/stilo-1000-zemin-doseme-secenekleri\/\",\"url\":\"https:\/\/www.adofloor.com\/tr\/stilo-1000-zemin-doseme-secenekleri\/\",\"name\":\"STILO 1000 Zemin Kaplamas\u0131 | ADOFLOOR\",\"isPartOf\":{\"@id\":\"https:\/\/www.adofloor.com\/#website\"},\"primaryImageOfPage\":{\"@id\":\"https:\/\/www.adofloor.com\/tr\/stilo-1000-zemin-doseme-secenekleri\/#primaryimage\"},\"image\":{\"@id\":\"https:\/\/www.adofloor.com\/tr\/stilo-1000-zemin-doseme-secenekleri\/#primaryimage\"},\"thumbnailUrl\":\"https:\/\/www.adofloor.com\/wp-content\/uploads\/2023\/10\/1000-STILO.jpg\",\"datePublished\":\"2023-10-06T11:19:15+00:00\",\"dateModified\":\"2026-01-14T17:45:42+00:00\",\"description\":\"STILO 1000 ile zeminleriniz ADOFLOOR kalitesiyle tan\u0131\u015fs\u0131n. Kaliteli ve dayan\u0131kl\u0131 zemin d\u00f6\u015feme se\u00e7enekleri i\u00e7in t\u0131klay\u0131n.\",\"breadcrumb\":{\"@id\":\"https:\/\/www.adofloor.com\/tr\/stilo-1000-zemin-doseme-secenekleri\/#breadcrumb\"},\"inLanguage\":\"tr\",\"potentialAction\":[{\"@type\":\"ReadAction\",\"target\":[\"https:\/\/www.adofloor.com\/tr\/stilo-1000-zemin-doseme-secenekleri\/\"]}]},{\"@type\":\"ImageObject\",\"inLanguage\":\"tr\",\"@id\":\"https:\/\/www.adofloor.com\/tr\/stilo-1000-zemin-doseme-secenekleri\/#primaryimage\",\"url\":\"https:\/\/www.adofloor.com\/wp-content\/uploads\/2023\/10\/1000-STILO.jpg\",\"contentUrl\":\"https:\/\/www.adofloor.com\/wp-content\/uploads\/2023\/10\/1000-STILO.jpg\",\"width\":1559,\"height\":591},{\"@type\":\"BreadcrumbList\",\"@id\":\"https:\/\/www.adofloor.com\/tr\/stilo-1000-zemin-doseme-secenekleri\/#breadcrumb\",\"itemListElement\":[{\"@type\":\"ListItem\",\"position\":1,\"name\":\"Home\",\"item\":\"https:\/\/www.adofloor.com\/\"},{\"@type\":\"ListItem\",\"position\":2,\"name\":\"\u00dcr\u00fcnler\",\"item\":\"https:\/\/www.adofloor.com\/tr\/shop\/\"},{\"@type\":\"ListItem\",\"position\":3,\"name\":\"STILO 1000\"}]},{\"@type\":\"WebSite\",\"@id\":\"https:\/\/www.adofloor.com\/#website\",\"url\":\"https:\/\/www.adofloor.com\/\",\"name\":\"ADOFLOOR\",\"description\":\"\",\"publisher\":{\"@id\":\"https:\/\/www.adofloor.com\/#organization\"},\"potentialAction\":[{\"@type\":\"SearchAction\",\"target\":{\"@type\":\"EntryPoint\",\"urlTemplate\":\"https:\/\/www.adofloor.com\/?s={search_term_string}\"},\"query-input\":\"required name=search_term_string\"}],\"inLanguage\":\"tr\"},{\"@type\":\"Organization\",\"@id\":\"https:\/\/www.adofloor.com\/#organization\",\"name\":\"ADOFLOOR\",\"url\":\"https:\/\/www.adofloor.com\/\",\"logo\":{\"@type\":\"ImageObject\",\"inLanguage\":\"tr\",\"@id\":\"https:\/\/www.adofloor.com\/#\/schema\/logo\/image\/\",\"url\":\"https:\/\/www.adofloor.com\/wp-content\/uploads\/2023\/10\/logo.png\",\"contentUrl\":\"https:\/\/www.adofloor.com\/wp-content\/uploads\/2023\/10\/logo.png\",\"width\":344,\"height\":81,\"caption\":\"ADOFLOOR\"},\"image\":{\"@id\":\"https:\/\/www.adofloor.com\/#\/schema\/logo\/image\/\"}}]}<\/script>\n<!-- \/ Yoast SEO plugin. -->","yoast_head_json":{"title":"STILO 1000 Zemin Kaplamas\u0131 | ADOFLOOR","description":"STILO 1000 ile zeminleriniz ADOFLOOR kalitesiyle tan\u0131\u015fs\u0131n. Kaliteli ve dayan\u0131kl\u0131 zemin d\u00f6\u015feme se\u00e7enekleri i\u00e7in t\u0131klay\u0131n.","robots":{"index":"index","follow":"follow","max-snippet":"max-snippet:-1","max-image-preview":"max-image-preview:large","max-video-preview":"max-video-preview:-1"},"canonical":"https:\/\/www.adofloor.com\/tr\/wp-json\/wp\/v2\/product\/25984\/","og_locale":"tr_TR","og_type":"article","og_title":"STILO 1000 Zemin Kaplamas\u0131 | ADOFLOOR","og_description":"STILO 1000 ile zeminleriniz ADOFLOOR kalitesiyle tan\u0131\u015fs\u0131n. Kaliteli ve dayan\u0131kl\u0131 zemin d\u00f6\u015feme se\u00e7enekleri i\u00e7in t\u0131klay\u0131n.","og_url":"https:\/\/www.adofloor.com\/tr\/stilo-1000-zemin-doseme-secenekleri\/","og_site_name":"ADOFLOOR","article_modified_time":"2026-01-14T17:45:42+00:00","og_image":[{"width":1559,"height":591,"url":"https:\/\/www.adofloor.com\/wp-content\/uploads\/2023\/10\/1000-STILO.jpg","type":"image\/jpeg"}],"twitter_card":"summary_large_image","twitter_misc":{"Est. reading time":"1 dakika"},"schema":{"@context":"https:\/\/schema.org","@graph":[{"@type":"WebPage","@id":"https:\/\/www.adofloor.com\/tr\/stilo-1000-zemin-doseme-secenekleri\/","url":"https:\/\/www.adofloor.com\/tr\/stilo-1000-zemin-doseme-secenekleri\/","name":"STILO 1000 Zemin Kaplamas\u0131 | ADOFLOOR","isPartOf":{"@id":"https:\/\/www.adofloor.com\/#website"},"primaryImageOfPage":{"@id":"https:\/\/www.adofloor.com\/tr\/stilo-1000-zemin-doseme-secenekleri\/#primaryimage"},"image":{"@id":"https:\/\/www.adofloor.com\/tr\/stilo-1000-zemin-doseme-secenekleri\/#primaryimage"},"thumbnailUrl":"https:\/\/www.adofloor.com\/wp-content\/uploads\/2023\/10\/1000-STILO.jpg","datePublished":"2023-10-06T11:19:15+00:00","dateModified":"2026-01-14T17:45:42+00:00","description":"STILO 1000 ile zeminleriniz ADOFLOOR kalitesiyle tan\u0131\u015fs\u0131n. Kaliteli ve dayan\u0131kl\u0131 zemin d\u00f6\u015feme se\u00e7enekleri i\u00e7in t\u0131klay\u0131n.","breadcrumb":{"@id":"https:\/\/www.adofloor.com\/tr\/stilo-1000-zemin-doseme-secenekleri\/#breadcrumb"},"inLanguage":"tr","potentialAction":[{"@type":"ReadAction","target":["https:\/\/www.adofloor.com\/tr\/stilo-1000-zemin-doseme-secenekleri\/"]}]},{"@type":"ImageObject","inLanguage":"tr","@id":"https:\/\/www.adofloor.com\/tr\/stilo-1000-zemin-doseme-secenekleri\/#primaryimage","url":"https:\/\/www.adofloor.com\/wp-content\/uploads\/2023\/10\/1000-STILO.jpg","contentUrl":"https:\/\/www.adofloor.com\/wp-content\/uploads\/2023\/10\/1000-STILO.jpg","width":1559,"height":591},{"@type":"BreadcrumbList","@id":"https:\/\/www.adofloor.com\/tr\/stilo-1000-zemin-doseme-secenekleri\/#breadcrumb","itemListElement":[{"@type":"ListItem","position":1,"name":"Home","item":"https:\/\/www.adofloor.com\/"},{"@type":"ListItem","position":2,"name":"\u00dcr\u00fcnler","item":"https:\/\/www.adofloor.com\/tr\/shop\/"},{"@type":"ListItem","position":3,"name":"STILO 1000"}]},{"@type":"WebSite","@id":"https:\/\/www.adofloor.com\/#website","url":"https:\/\/www.adofloor.com\/","name":"ADOFLOOR","description":"","publisher":{"@id":"https:\/\/www.adofloor.com\/#organization"},"potentialAction":[{"@type":"SearchAction","target":{"@type":"EntryPoint","urlTemplate":"https:\/\/www.adofloor.com\/?s={search_term_string}"},"query-input":"required name=search_term_string"}],"inLanguage":"tr"},{"@type":"Organization","@id":"https:\/\/www.adofloor.com\/#organization","name":"ADOFLOOR","url":"https:\/\/www.adofloor.com\/","logo":{"@type":"ImageObject","inLanguage":"tr","@id":"https:\/\/www.adofloor.com\/#\/schema\/logo\/image\/","url":"https:\/\/www.adofloor.com\/wp-content\/uploads\/2023\/10\/logo.png","contentUrl":"https:\/\/www.adofloor.com\/wp-content\/uploads\/2023\/10\/logo.png","width":344,"height":81,"caption":"ADOFLOOR"},"image":{"@id":"https:\/\/www.adofloor.com\/#\/schema\/logo\/image\/"}}]}},"brands":[{"id":330,"name":"Fortika","slug":"fortika"},{"id":331,"name":"Grit","slug":"grit"},{"id":332,"name":"Laag","slug":"laag"}],"_links":{"self":[{"href":"https:\/\/www.adofloor.com\/tr\/wp-json\/wp\/v2\/product\/25984"}],"collection":[{"href":"https:\/\/www.adofloor.com\/tr\/wp-json\/wp\/v2\/product"}],"about":[{"href":"https:\/\/www.adofloor.com\/tr\/wp-json\/wp\/v2\/types\/product"}],"wp:featuredmedia":[{"embeddable":true,"href":"https:\/\/www.adofloor.com\/tr\/wp-json\/wp\/v2\/media\/25985"}],"wp:attachment":[{"href":"https:\/\/www.adofloor.com\/tr\/wp-json\/wp\/v2\/media?parent=25984"}],"wp:term":[{"taxonomy":"pwb-brand","embeddable":true,"href":"https:\/\/www.adofloor.com\/tr\/wp-json\/wp\/v2\/pwb-brand?post=25984"},{"taxonomy":"product_cat","embeddable":true,"href":"https:\/\/www.adofloor.com\/tr\/wp-json\/wp\/v2\/product_cat?post=25984"},{"taxonomy":"product_tag","embeddable":true,"href":"https:\/\/www.adofloor.com\/tr\/wp-json\/wp\/v2\/product_tag?post=25984"}],"curies":[{"name":"wp","href":"https:\/\/api.w.org\/{rel}","templated":true}]}}