{"id":26001,"date":"2023-10-06T14:23:53","date_gmt":"2023-10-06T11:23:53","guid":{"rendered":"http:\/\/adofloor.com\/?post_type=product&#038;p=26001"},"modified":"2026-01-14T21:51:38","modified_gmt":"2026-01-14T18:51:38","slug":"nobla-1301-zemin-doseme-secenekleri","status":"publish","type":"product","link":"https:\/\/www.adofloor.com\/tr\/nobla-1301-zemin-doseme-secenekleri\/","title":{"rendered":"NOBLA 1301"},"content":{"rendered":"<h1><span style=\"font-size: 16px;\">NOBLA 1301 Zemin Kaplama<\/span><\/h1>\n<p class=\"super-lead\">T\u00fcm ADO Floor \u00fcr\u00fcnleri kurulumu kolay, h\u0131zl\u0131, temiz ve sessizdir. Rahat ve canland\u0131r\u0131c\u0131 ya\u015fam alanlar\u0131n\u0131, zahmetsizce uygulamak ve korumak i\u00e7in uygun fiyatl\u0131 ve dayan\u0131kl\u0131 \u00fcr\u00fcnlerimizi se\u00e7ebilirsiniz. Kendinize \u00f6zel dekoratif, s\u0131cak ve e\u011flenceli parke kombinasyonlar\u0131n\u0131z\u0131 olu\u015fturmak i\u00e7in \u00e7ok \u00e7e\u015fitli tasar\u0131m alternatiflerinden yararlanabilirsiniz.<\/p>\n<p class=\"super-lead\">Antalya\u2019da, 2015 y\u0131l\u0131nda ADO Grup \u015eirketlerinin bir par\u00e7as\u0131 olarak kurulan ADO Floor, 12.000.000 m\u00b2kapasitesi ve 60.000 m2 kapal\u0131 zemin kaplama \u00fcretim b\u00f6l\u00fcm\u00fc de dahil toplam 600.000 m\u00b2fabrika sahas\u0131 ile T\u00fcrkiye\u2019nin tek ve en b\u00fcy\u00fck SPC zemin kaplamas\u0131 \u00fcreticisidir. En ileri teknoloji ve tekniklerle \u00fcretilen ADO Floor \u00fcr\u00fcnleri, ah\u015fab\u0131n do\u011fall\u0131\u011f\u0131n\u0131, kompozit ve vinilin dayan\u0131kl\u0131l\u0131\u011f\u0131n\u0131, montaj ve kullan\u0131m kolayl\u0131\u011f\u0131 ile bir araya getiriyor. Tu\u0308m ADO Floor u\u0308ru\u0308nleri kurulumu kolay, h\u0131zl\u0131, temiz ve sessizdir. Rahat ve canland\u0131r\u0131c\u0131 yas\u0327am alanlar\u0131n\u0131, zahmetsizce uygulamak ve korumak ic\u0327in uygun fiyatl\u0131 ve dayan\u0131kl\u0131 u\u0308ru\u0308nlerimizi sec\u0327ebilirsiniz. Kendinize o\u0308zel dekoratif, s\u0131cak ve eg\u0306lenceli parke kombinasyonlar\u0131n\u0131z\u0131 olus\u0327turmak ic\u0327in c\u0327ok c\u0327es\u0327itli tasar\u0131m alternatiflerinden yararlanabilirsiniz.<\/p>\n","protected":false},"excerpt":{"rendered":"<p>NOBLA 1301 Zemin Kaplama T\u00fcm ADO Floor \u00fcr\u00fcnleri kurulumu kolay, h\u0131zl\u0131, temiz ve sessizdir. Rahat ve canland\u0131r\u0131c\u0131 ya\u015fam alanlar\u0131n\u0131, zahmetsizce uygulamak ve korumak i\u00e7in uygun fiyatl\u0131 ve dayan\u0131kl\u0131 \u00fcr\u00fcnlerimizi se\u00e7ebilirsiniz. Kendinize \u00f6zel dekoratif, s\u0131cak ve e\u011flenceli parke kombinasyonlar\u0131n\u0131z\u0131 olu\u015fturmak i\u00e7in \u00e7ok \u00e7e\u015fitli tasar\u0131m alternatiflerinden yararlanabilirsiniz. Antalya\u2019da, 2015 y\u0131l\u0131nda ADO Grup \u015eirketlerinin bir par\u00e7as\u0131 olarak kurulan [&hellip;]<\/p>\n","protected":false},"featured_media":26002,"template":"","meta":[],"pwb-brand":[330,331,332],"product_cat":[261],"product_tag":[],"yoast_head":"<!-- This site is optimized with the Yoast SEO plugin v23.0 - https:\/\/yoast.com\/wordpress\/plugins\/seo\/ -->\n<title>NOBLA 1301 Zemin Kaplamas\u0131 | ADOFLOOR<\/title>\n<meta name=\"description\" content=\"NOBLA 1301 ile zeminleriniz ADOFLOOR kalitesiyle tan\u0131\u015fs\u0131n. Kaliteli ve dayan\u0131kl\u0131 zemin d\u00f6\u015feme se\u00e7enekleri i\u00e7in t\u0131klay\u0131n.\" \/>\n<meta name=\"robots\" content=\"index, follow, max-snippet:-1, max-image-preview:large, max-video-preview:-1\" \/>\n<link rel=\"canonical\" href=\"https:\/\/www.adofloor.com\/tr\/wp-json\/wp\/v2\/product\/26001\/\" \/>\n<meta property=\"og:locale\" content=\"tr_TR\" \/>\n<meta property=\"og:type\" content=\"article\" \/>\n<meta property=\"og:title\" content=\"NOBLA 1301 Zemin Kaplamas\u0131 | ADOFLOOR\" \/>\n<meta property=\"og:description\" content=\"NOBLA 1301 ile zeminleriniz ADOFLOOR kalitesiyle tan\u0131\u015fs\u0131n. Kaliteli ve dayan\u0131kl\u0131 zemin d\u00f6\u015feme se\u00e7enekleri i\u00e7in t\u0131klay\u0131n.\" \/>\n<meta property=\"og:url\" content=\"https:\/\/www.adofloor.com\/tr\/nobla-1301-zemin-doseme-secenekleri\/\" \/>\n<meta property=\"og:site_name\" content=\"ADOFLOOR\" \/>\n<meta property=\"article:modified_time\" content=\"2026-01-14T18:51:38+00:00\" \/>\n<meta property=\"og:image\" content=\"https:\/\/www.adofloor.com\/wp-content\/uploads\/2023\/10\/1301-NOBLA.jpg\" \/>\n\t<meta property=\"og:image:width\" content=\"1559\" \/>\n\t<meta property=\"og:image:height\" content=\"591\" \/>\n\t<meta property=\"og:image:type\" content=\"image\/jpeg\" \/>\n<meta name=\"twitter:card\" content=\"summary_large_image\" \/>\n<meta name=\"twitter:label1\" content=\"Est. reading time\" \/>\n\t<meta name=\"twitter:data1\" content=\"1 dakika\" \/>\n<script type=\"application\/ld+json\" class=\"yoast-schema-graph\">{\"@context\":\"https:\/\/schema.org\",\"@graph\":[{\"@type\":\"WebPage\",\"@id\":\"https:\/\/www.adofloor.com\/tr\/nobla-1301-zemin-doseme-secenekleri\/\",\"url\":\"https:\/\/www.adofloor.com\/tr\/nobla-1301-zemin-doseme-secenekleri\/\",\"name\":\"NOBLA 1301 Zemin Kaplamas\u0131 | ADOFLOOR\",\"isPartOf\":{\"@id\":\"https:\/\/www.adofloor.com\/#website\"},\"primaryImageOfPage\":{\"@id\":\"https:\/\/www.adofloor.com\/tr\/nobla-1301-zemin-doseme-secenekleri\/#primaryimage\"},\"image\":{\"@id\":\"https:\/\/www.adofloor.com\/tr\/nobla-1301-zemin-doseme-secenekleri\/#primaryimage\"},\"thumbnailUrl\":\"https:\/\/www.adofloor.com\/wp-content\/uploads\/2023\/10\/1301-NOBLA.jpg\",\"datePublished\":\"2023-10-06T11:23:53+00:00\",\"dateModified\":\"2026-01-14T18:51:38+00:00\",\"description\":\"NOBLA 1301 ile zeminleriniz ADOFLOOR kalitesiyle tan\u0131\u015fs\u0131n. Kaliteli ve dayan\u0131kl\u0131 zemin d\u00f6\u015feme se\u00e7enekleri i\u00e7in t\u0131klay\u0131n.\",\"breadcrumb\":{\"@id\":\"https:\/\/www.adofloor.com\/tr\/nobla-1301-zemin-doseme-secenekleri\/#breadcrumb\"},\"inLanguage\":\"tr\",\"potentialAction\":[{\"@type\":\"ReadAction\",\"target\":[\"https:\/\/www.adofloor.com\/tr\/nobla-1301-zemin-doseme-secenekleri\/\"]}]},{\"@type\":\"ImageObject\",\"inLanguage\":\"tr\",\"@id\":\"https:\/\/www.adofloor.com\/tr\/nobla-1301-zemin-doseme-secenekleri\/#primaryimage\",\"url\":\"https:\/\/www.adofloor.com\/wp-content\/uploads\/2023\/10\/1301-NOBLA.jpg\",\"contentUrl\":\"https:\/\/www.adofloor.com\/wp-content\/uploads\/2023\/10\/1301-NOBLA.jpg\",\"width\":1559,\"height\":591},{\"@type\":\"BreadcrumbList\",\"@id\":\"https:\/\/www.adofloor.com\/tr\/nobla-1301-zemin-doseme-secenekleri\/#breadcrumb\",\"itemListElement\":[{\"@type\":\"ListItem\",\"position\":1,\"name\":\"Home\",\"item\":\"https:\/\/www.adofloor.com\/\"},{\"@type\":\"ListItem\",\"position\":2,\"name\":\"\u00dcr\u00fcnler\",\"item\":\"https:\/\/www.adofloor.com\/tr\/shop\/\"},{\"@type\":\"ListItem\",\"position\":3,\"name\":\"NOBLA 1301\"}]},{\"@type\":\"WebSite\",\"@id\":\"https:\/\/www.adofloor.com\/#website\",\"url\":\"https:\/\/www.adofloor.com\/\",\"name\":\"ADOFLOOR\",\"description\":\"\",\"publisher\":{\"@id\":\"https:\/\/www.adofloor.com\/#organization\"},\"potentialAction\":[{\"@type\":\"SearchAction\",\"target\":{\"@type\":\"EntryPoint\",\"urlTemplate\":\"https:\/\/www.adofloor.com\/?s={search_term_string}\"},\"query-input\":\"required name=search_term_string\"}],\"inLanguage\":\"tr\"},{\"@type\":\"Organization\",\"@id\":\"https:\/\/www.adofloor.com\/#organization\",\"name\":\"ADOFLOOR\",\"url\":\"https:\/\/www.adofloor.com\/\",\"logo\":{\"@type\":\"ImageObject\",\"inLanguage\":\"tr\",\"@id\":\"https:\/\/www.adofloor.com\/#\/schema\/logo\/image\/\",\"url\":\"https:\/\/www.adofloor.com\/wp-content\/uploads\/2023\/10\/logo.png\",\"contentUrl\":\"https:\/\/www.adofloor.com\/wp-content\/uploads\/2023\/10\/logo.png\",\"width\":344,\"height\":81,\"caption\":\"ADOFLOOR\"},\"image\":{\"@id\":\"https:\/\/www.adofloor.com\/#\/schema\/logo\/image\/\"}}]}<\/script>\n<!-- \/ Yoast SEO plugin. -->","yoast_head_json":{"title":"NOBLA 1301 Zemin Kaplamas\u0131 | ADOFLOOR","description":"NOBLA 1301 ile zeminleriniz ADOFLOOR kalitesiyle tan\u0131\u015fs\u0131n. Kaliteli ve dayan\u0131kl\u0131 zemin d\u00f6\u015feme se\u00e7enekleri i\u00e7in t\u0131klay\u0131n.","robots":{"index":"index","follow":"follow","max-snippet":"max-snippet:-1","max-image-preview":"max-image-preview:large","max-video-preview":"max-video-preview:-1"},"canonical":"https:\/\/www.adofloor.com\/tr\/wp-json\/wp\/v2\/product\/26001\/","og_locale":"tr_TR","og_type":"article","og_title":"NOBLA 1301 Zemin Kaplamas\u0131 | ADOFLOOR","og_description":"NOBLA 1301 ile zeminleriniz ADOFLOOR kalitesiyle tan\u0131\u015fs\u0131n. Kaliteli ve dayan\u0131kl\u0131 zemin d\u00f6\u015feme se\u00e7enekleri i\u00e7in t\u0131klay\u0131n.","og_url":"https:\/\/www.adofloor.com\/tr\/nobla-1301-zemin-doseme-secenekleri\/","og_site_name":"ADOFLOOR","article_modified_time":"2026-01-14T18:51:38+00:00","og_image":[{"width":1559,"height":591,"url":"https:\/\/www.adofloor.com\/wp-content\/uploads\/2023\/10\/1301-NOBLA.jpg","type":"image\/jpeg"}],"twitter_card":"summary_large_image","twitter_misc":{"Est. reading time":"1 dakika"},"schema":{"@context":"https:\/\/schema.org","@graph":[{"@type":"WebPage","@id":"https:\/\/www.adofloor.com\/tr\/nobla-1301-zemin-doseme-secenekleri\/","url":"https:\/\/www.adofloor.com\/tr\/nobla-1301-zemin-doseme-secenekleri\/","name":"NOBLA 1301 Zemin Kaplamas\u0131 | ADOFLOOR","isPartOf":{"@id":"https:\/\/www.adofloor.com\/#website"},"primaryImageOfPage":{"@id":"https:\/\/www.adofloor.com\/tr\/nobla-1301-zemin-doseme-secenekleri\/#primaryimage"},"image":{"@id":"https:\/\/www.adofloor.com\/tr\/nobla-1301-zemin-doseme-secenekleri\/#primaryimage"},"thumbnailUrl":"https:\/\/www.adofloor.com\/wp-content\/uploads\/2023\/10\/1301-NOBLA.jpg","datePublished":"2023-10-06T11:23:53+00:00","dateModified":"2026-01-14T18:51:38+00:00","description":"NOBLA 1301 ile zeminleriniz ADOFLOOR kalitesiyle tan\u0131\u015fs\u0131n. Kaliteli ve dayan\u0131kl\u0131 zemin d\u00f6\u015feme se\u00e7enekleri i\u00e7in t\u0131klay\u0131n.","breadcrumb":{"@id":"https:\/\/www.adofloor.com\/tr\/nobla-1301-zemin-doseme-secenekleri\/#breadcrumb"},"inLanguage":"tr","potentialAction":[{"@type":"ReadAction","target":["https:\/\/www.adofloor.com\/tr\/nobla-1301-zemin-doseme-secenekleri\/"]}]},{"@type":"ImageObject","inLanguage":"tr","@id":"https:\/\/www.adofloor.com\/tr\/nobla-1301-zemin-doseme-secenekleri\/#primaryimage","url":"https:\/\/www.adofloor.com\/wp-content\/uploads\/2023\/10\/1301-NOBLA.jpg","contentUrl":"https:\/\/www.adofloor.com\/wp-content\/uploads\/2023\/10\/1301-NOBLA.jpg","width":1559,"height":591},{"@type":"BreadcrumbList","@id":"https:\/\/www.adofloor.com\/tr\/nobla-1301-zemin-doseme-secenekleri\/#breadcrumb","itemListElement":[{"@type":"ListItem","position":1,"name":"Home","item":"https:\/\/www.adofloor.com\/"},{"@type":"ListItem","position":2,"name":"\u00dcr\u00fcnler","item":"https:\/\/www.adofloor.com\/tr\/shop\/"},{"@type":"ListItem","position":3,"name":"NOBLA 1301"}]},{"@type":"WebSite","@id":"https:\/\/www.adofloor.com\/#website","url":"https:\/\/www.adofloor.com\/","name":"ADOFLOOR","description":"","publisher":{"@id":"https:\/\/www.adofloor.com\/#organization"},"potentialAction":[{"@type":"SearchAction","target":{"@type":"EntryPoint","urlTemplate":"https:\/\/www.adofloor.com\/?s={search_term_string}"},"query-input":"required name=search_term_string"}],"inLanguage":"tr"},{"@type":"Organization","@id":"https:\/\/www.adofloor.com\/#organization","name":"ADOFLOOR","url":"https:\/\/www.adofloor.com\/","logo":{"@type":"ImageObject","inLanguage":"tr","@id":"https:\/\/www.adofloor.com\/#\/schema\/logo\/image\/","url":"https:\/\/www.adofloor.com\/wp-content\/uploads\/2023\/10\/logo.png","contentUrl":"https:\/\/www.adofloor.com\/wp-content\/uploads\/2023\/10\/logo.png","width":344,"height":81,"caption":"ADOFLOOR"},"image":{"@id":"https:\/\/www.adofloor.com\/#\/schema\/logo\/image\/"}}]}},"brands":[{"id":330,"name":"Fortika","slug":"fortika"},{"id":331,"name":"Grit","slug":"grit"},{"id":332,"name":"Laag","slug":"laag"}],"_links":{"self":[{"href":"https:\/\/www.adofloor.com\/tr\/wp-json\/wp\/v2\/product\/26001"}],"collection":[{"href":"https:\/\/www.adofloor.com\/tr\/wp-json\/wp\/v2\/product"}],"about":[{"href":"https:\/\/www.adofloor.com\/tr\/wp-json\/wp\/v2\/types\/product"}],"wp:featuredmedia":[{"embeddable":true,"href":"https:\/\/www.adofloor.com\/tr\/wp-json\/wp\/v2\/media\/26002"}],"wp:attachment":[{"href":"https:\/\/www.adofloor.com\/tr\/wp-json\/wp\/v2\/media?parent=26001"}],"wp:term":[{"taxonomy":"pwb-brand","embeddable":true,"href":"https:\/\/www.adofloor.com\/tr\/wp-json\/wp\/v2\/pwb-brand?post=26001"},{"taxonomy":"product_cat","embeddable":true,"href":"https:\/\/www.adofloor.com\/tr\/wp-json\/wp\/v2\/product_cat?post=26001"},{"taxonomy":"product_tag","embeddable":true,"href":"https:\/\/www.adofloor.com\/tr\/wp-json\/wp\/v2\/product_tag?post=26001"}],"curies":[{"name":"wp","href":"https:\/\/api.w.org\/{rel}","templated":true}]}}